{"id":146700,"date":"2025-03-13T12:52:29","date_gmt":"2025-03-13T11:52:29","guid":{"rendered":"https:\/\/nadaciaadeli.sk\/?post_type=product&#038;p=146700"},"modified":"2025-06-18T12:55:08","modified_gmt":"2025-06-18T10:55:08","slug":"nikol-veselska-2__trashed","status":"publish","type":"product","link":"https:\/\/nadaciaadeli.sk\/de\/pribehy\/pomoc-potrebuju\/nikol-veselska-2__trashed\/","title":{"rendered":"Nikol Veselsk\u00e1"},"content":{"rendered":"<p style=\"text-align: justify;\">Nikolka sa narodila u\u017e v 24. t\u00fd\u017edni tehotenstva, ako die\u0165a s extr\u00e9mne n\u00edzkou p\u00f4rodnou hmotnos\u0165ou 580g a\u00a029cm. Od za\u010diatku musela bojova\u0165. Najv\u00e4\u010d\u0161\u00edm probl\u00e9mom bola atelekt\u00e1za \u2013 nevzdu\u0161nos\u0165 prav\u00e9ho horn\u00e9ho p\u013e\u00facneho po\u013ea, v d\u00f4sledku \u010doho musela by\u0165 nakoniec intubovan\u00e1 viac ako dva mesiace. Lek\u00e1ri rodi\u010dom povedali, \u017ee bude d\u00fdcha\u0165 za pomoci kysl\u00edkov\u00e9ho pr\u00edstroja, ale na\u0161\u0165astie na 24 hodinovom monitore v\u0161etko dobre dopadlo a dok\u00e1zala \u010falej d\u00fdcha\u0165 sama.<\/p>\n<p style=\"text-align: justify;\">Hor\u0161ia spr\u00e1va pri\u0161la na tret\u00ed de\u0148 po Nikolkinom naroden\u00ed, ke\u010f pani prim\u00e1rka rodi\u010dom ozn\u00e1mila smutn\u00fa spr\u00e1vu, \u017ee sa maj\u00fa pr\u00eds\u0165 rozl\u00fa\u010di\u0165 s Nikolkou, \u017ee do polnoci to u\u017e\u00a0 jej krehk\u00e9 tel\u00ed\u010dko nebude zvl\u00e1da\u0165. Na\u0161\u0165astie to v\u0161ak Nikolka zvl\u00e1dla a uk\u00e1zala sa ako ve\u013ek\u00e1 bojovn\u00ed\u010dka.<\/p>\n<p style=\"text-align: justify;\">\u010eal\u0161ia v\u00e1\u017ena diagn\u00f3za, ktor\u00fa si do \u017eivota priniesla je detsk\u00e1 mozgov\u00e1 obrna (DMO). U Nikolky sa jedn\u00e1 o hypotonick\u00fa formu, \u010do znamen\u00e1 spomalen\u00fd motorick\u00fd v\u00fdvin. Zaost\u00e1vala v dr\u017ean\u00ed hlavi\u010dky v polohe na bru\u0161ku, nesk\u00f4r sa v\u0161ak postupne za\u010dala preva\u013eova\u0165. Pri seden\u00ed m\u00e1 e\u0161te dnes probl\u00e9m s udr\u017ean\u00edm rovnov\u00e1hy a jemnou motorikou. Nepou\u017e\u00edva ru\u010di\u010dky, nefunguje u nej ve\u013emi \u00fachop predmetu, ke\u010f tak len na p\u00e1r sek\u00fand. S intenz\u00edvnymi rehabilit\u00e1ciami za\u010dala od deviateho mesiaca. Cvi\u010d\u00ed trikr\u00e1t denne Vojtovou met\u00f3dou v kombin\u00e1cii aj s Bobath met\u00f3dou. Pokia\u013e to financie dovolia, absolvujeme okrem ambulantnej rehabilit\u00e1cii\u00a0 aj rehabilita\u010dn\u00fd pobyt v Dunajskej Lu\u017enej.<\/p>\n<p style=\"text-align: justify;\">Dnes je Nikolka trojro\u010dn\u00e1 sle\u010dna. Aj ke\u010f zatia\u013e nerozpr\u00e1va, ani nechod\u00ed, napriek jej zdravotn\u00e9mu stavu je st\u00e1le usmiata. Pre svojich bl\u00edzkych je mal\u00fdm slnie\u010dkom, bez ktor\u00e9ho by si u\u017e nevedeli predstavi\u0165 bud\u00facnos\u0165, aj ke\u010f bude \u0165a\u017ek\u00e1.<\/p>\n<p style=\"text-align: justify;\">Za v\u0161etko, \u010do zatia\u013e Nikolka dok\u00e1zala, v\u010fa\u010dia jej rodi\u010dia odborn\u00edkom, lek\u00e1rom a fyzioterapeutom. Uvedomuj\u00fa si, \u017ee intenz\u00edvne cvi\u010denie a spr\u00e1vna starostlivos\u0165 je pre ich slnie\u010dko ve\u013emi potrebn\u00e1 a oni pre to urobia v\u0161etko. Nikolke prajeme ve\u013ea pokrokov a dr\u017e\u00edme palce.<\/p>","protected":false},"excerpt":{"rendered":"<p style=\"text-align: justify;\">Nikolka sa vyp\u00fdtala na svet o tri mesiace sk\u00f4r. Prvotn\u00fa nesmel\u00fa rados\u0165 zo skor\u00e9ho pr\u00edchodu ve\u013emi r\u00fdchlo vystriedal strach a boj o jej krehk\u00fd \u017eivot. Pred\u010dasn\u00fd p\u00f4rod nezostal bez n\u00e1sledkov. Nikolka mala probl\u00e9my s d\u00fdchan\u00edm, nesk\u00f4r s tr\u00e1ven\u00edm a k tomu diagn\u00f3za DMO. Napriek tomu, \u010d\u00edm si Nikolka od narodenia pre\u0161la a denno-denne prech\u00e1dza, je pre svoju rodinu slnie\u010dkom, bez ktor\u00e9ho si svoj \u017eivot u\u017e nevedia predstavi\u0165. N\u00e1ro\u010dn\u00fa starostlivos\u0165, ktor\u00fa si Nikolkin stav vy\u017eaduje, zvl\u00e1da jej rodina s trpezlivos\u0165ou a l\u00e1skou. V\u010faka finan\u010dnej pomoci bude m\u00f4c\u0165 Nikolka absolvova\u0165 pobyt v rehabilita\u010dnom centre ADELI v Pie\u0161\u0165anoch.<\/p>","protected":false},"featured_media":146747,"template":"","meta":{"_acf_changed":false,"_seopress_robots_primary_cat":"none","_seopress_titles_title":"","_seopress_titles_desc":"","_seopress_robots_index":""},"product_brand":[],"product_cat":[108],"product_tag":[],"class_list":{"0":"post-146700","1":"product","2":"type-product","3":"status-publish","4":"has-post-thumbnail","6":"product_cat-pomoc-potrebuju","8":"first","9":"instock","10":"sold-individually","11":"shipping-taxable","12":"purchasable","13":"product-type-variable-subscription","14":"has-default-attributes"},"acf":[],"_links":{"self":[{"href":"https:\/\/nadaciaadeli.sk\/de\/wp-json\/wp\/v2\/product\/146700","targetHints":{"allow":["GET"]}}],"collection":[{"href":"https:\/\/nadaciaadeli.sk\/de\/wp-json\/wp\/v2\/product"}],"about":[{"href":"https:\/\/nadaciaadeli.sk\/de\/wp-json\/wp\/v2\/types\/product"}],"wp:featuredmedia":[{"embeddable":true,"href":"https:\/\/nadaciaadeli.sk\/de\/wp-json\/wp\/v2\/media\/146747"}],"wp:attachment":[{"href":"https:\/\/nadaciaadeli.sk\/de\/wp-json\/wp\/v2\/media?parent=146700"}],"wp:term":[{"taxonomy":"product_brand","embeddable":true,"href":"https:\/\/nadaciaadeli.sk\/de\/wp-json\/wp\/v2\/product_brand?post=146700"},{"taxonomy":"product_cat","embeddable":true,"href":"https:\/\/nadaciaadeli.sk\/de\/wp-json\/wp\/v2\/product_cat?post=146700"},{"taxonomy":"product_tag","embeddable":true,"href":"https:\/\/nadaciaadeli.sk\/de\/wp-json\/wp\/v2\/product_tag?post=146700"}],"curies":[{"name":"wp","href":"https:\/\/api.w.org\/{rel}","templated":true}]}}