{"id":147096,"date":"2025-03-13T13:10:41","date_gmt":"2025-03-13T12:10:41","guid":{"rendered":"https:\/\/nadaciaadeli.sk\/?post_type=product&#038;p=147096"},"modified":"2025-06-18T12:46:09","modified_gmt":"2025-06-18T10:46:09","slug":"linda-simkova-2__trashed","status":"publish","type":"product","link":"https:\/\/nadaciaadeli.sk\/de\/pribehy\/pomoc-potrebuju\/linda-simkova-2__trashed\/","title":{"rendered":"Linda \u0160imkov\u00e1"},"content":{"rendered":"<p style=\"text-align: justify;\">M\u00e1 krat\u0161iu nohu aj ruku o 2cm a za\u010d\u00ednaj\u00facu skoli\u00f3zu. Po naroden\u00ed podst\u00fapila v Bratislave oper\u00e1ciu o\u010d\u00ed. Dva kr\u00e1t bola operovan\u00e1 na prav\u00fa kon\u010datinu (fibrotomia anduktory). Preto sa obraciame na V\u00e1s s prosbou o ak\u00fdko\u013evek finan\u010dn\u00fd pr\u00edspevok, ktor\u00fd pom\u00f4\u017ee na\u0161ej dc\u00e9re dosta\u0165 sa do ADELI. Ver\u00edme, \u017ee jej zdravotn\u00fd stav sa aspo\u0148 tro\u0161ku zlep\u0161\u00ed. Lindu\u0161ka je ve\u013emi \u0161ikovn\u00e9 a mil\u00e9 diev\u010da. Ako rodi\u010dia chceme pre zdravie na\u0161ej dc\u00e9ry urobi\u0165 maximum.<\/p>\n<p style=\"text-align: justify;\">\u010eakujeme za Va\u0161u pomoc.<\/p>","protected":false},"excerpt":{"rendered":"<p style=\"text-align: justify;\">Na\u0161a Lindu\u0161ka m\u00e1 DMO \u2013 pravostrann\u00e1 hemipar\u00e9za. Narodila sa pred\u010dasne, v\u00e1\u017eila 990g a merala 37cm. Doposia\u013e absolvovala pobyty: v Martine, \u010cilistove, Dunajskej Lu\u017enej, v Kov\u00e1\u010dovej a v Neurine (\u0160amor\u00edn). V\u0161ade sme boli viackr\u00e1t, preto\u017ee to bolo pre n\u00e1s po finan\u010dnej str\u00e1nke ako tak dostupn\u00e9. No tieto pobyty jej u\u017e nesta\u010dia. Nutne by potrebovala absolvova\u0165 rehabilita\u010dn\u00fd pobyt v ADELI Medical Centre v Pie\u0161\u0165anoch, preto\u017ee sa chceme vyhn\u00fa\u0165 \u010fal\u0161\u00edm oper\u00e1ci\u00e1m a komplik\u00e1ci\u00e1m.<\/p>","protected":false},"featured_media":147153,"template":"","meta":{"_acf_changed":false,"_seopress_robots_primary_cat":"none","_seopress_titles_title":"","_seopress_titles_desc":"","_seopress_robots_index":""},"product_brand":[],"product_cat":[108],"product_tag":[],"class_list":{"0":"post-147096","1":"product","2":"type-product","3":"status-publish","4":"has-post-thumbnail","6":"product_cat-pomoc-potrebuju","8":"first","9":"instock","10":"sold-individually","11":"shipping-taxable","12":"purchasable","13":"product-type-variable-subscription","14":"has-default-attributes"},"acf":[],"_links":{"self":[{"href":"https:\/\/nadaciaadeli.sk\/de\/wp-json\/wp\/v2\/product\/147096","targetHints":{"allow":["GET"]}}],"collection":[{"href":"https:\/\/nadaciaadeli.sk\/de\/wp-json\/wp\/v2\/product"}],"about":[{"href":"https:\/\/nadaciaadeli.sk\/de\/wp-json\/wp\/v2\/types\/product"}],"wp:featuredmedia":[{"embeddable":true,"href":"https:\/\/nadaciaadeli.sk\/de\/wp-json\/wp\/v2\/media\/147153"}],"wp:attachment":[{"href":"https:\/\/nadaciaadeli.sk\/de\/wp-json\/wp\/v2\/media?parent=147096"}],"wp:term":[{"taxonomy":"product_brand","embeddable":true,"href":"https:\/\/nadaciaadeli.sk\/de\/wp-json\/wp\/v2\/product_brand?post=147096"},{"taxonomy":"product_cat","embeddable":true,"href":"https:\/\/nadaciaadeli.sk\/de\/wp-json\/wp\/v2\/product_cat?post=147096"},{"taxonomy":"product_tag","embeddable":true,"href":"https:\/\/nadaciaadeli.sk\/de\/wp-json\/wp\/v2\/product_tag?post=147096"}],"curies":[{"name":"wp","href":"https:\/\/api.w.org\/{rel}","templated":true}]}}