{"id":147128,"date":"2025-03-13T13:11:49","date_gmt":"2025-03-13T12:11:49","guid":{"rendered":"https:\/\/nadaciaadeli.sk\/?post_type=product&#038;p=147128"},"modified":"2025-06-18T12:45:59","modified_gmt":"2025-06-18T10:45:59","slug":"maximilian-kolesar-2__trashed","status":"publish","type":"product","link":"https:\/\/nadaciaadeli.sk\/de\/pribehy\/pomoc-potrebuju\/maximilian-kolesar-2__trashed\/","title":{"rendered":"Maximili\u00e1n Koles\u00e1r"},"content":{"rendered":"<p style=\"text-align: justify;\">Na za\u010diatku m\u00f4jho \u017eivota som absolvoval nieko\u013eko v\u00e1\u017enych oper\u00e1ci\u00ed hlavi\u010dky. Prekonal som v\u00e1\u017eny infekt, ktor\u00fd som nadobudol po jednej z\u00a0oper\u00e1ci\u00ed. D\u00e1vam si pozor na epilepsiu a zdravotn\u00fa pozornos\u0165 si vy\u017eaduje aj m\u00f4j subluxovan\u00fd bedrov\u00fd k\u013abik.<\/p>\n<p style=\"text-align: justify;\">Ob\u010das ma tr\u00e1pi po\u010dasie. Maminka mi hovor\u00ed, \u017ee som presne ako ono \u2013 ke\u010f je vonku mizerne, m\u00e1m zl\u00fa n\u00e1ladu a som le\u0148o\u0161ko. Ke\u010f svieti slnie\u010dko, \u017eiarim aj ja.\u00a0Ve\u013emi r\u00e1d sa u\u010d\u00edm, spozn\u00e1vam nov\u00e9 veci, milujem hudbu, aut\u00e1, vlaky a \u010d\u00edtanie rozpr\u00e1vok. Aby som v\u0161ak mohol tieto aktivity aj v bud\u00facnosti lep\u0161ie realizova\u0165, potrebujem ve\u013ea cvi\u010di\u0165.<\/p>\n<p style=\"text-align: justify;\">Najviac mi pom\u00e1haj\u00fa rehabilit\u00e1cie v ADELI Medical Centre. Tu moje tel\u00ed\u010dko spr\u00e1vne uvo\u013enia a stimuluj\u00fa v\u0161etk\u00fdmi sp\u00f4sobmi. Sna\u017e\u00edm sa spolupracova\u0165, ve\u013emi neprotestova\u0165, hoci ob\u010das nejak\u00fa t\u00fa slzi\u010dku vyron\u00edm. Za\u010d\u00ednam si uvedomova\u0165, \u017ee v\u0161etko to sna\u017eenie a prekon\u00e1vanie sa mi pom\u00e1ha \u017ei\u0165 kvalitnej\u0161\u00edm \u017eivotom. Chcem \u0161anti\u0165 ako moji rovesn\u00edci, za\u010dleni\u0165 sa do \u0161koly, pom\u00e1ha\u0165 svojim rodi\u010dom a ke\u010f vyrastiem, t\u00fa\u017eim ich ja nosi\u0165 na ruk\u00e1ch ako oni zatia\u013e nosia m\u0148a, hoci u\u017e nie som mal\u00e9 b\u00e1b\u00e4tko.<\/p>","protected":false},"excerpt":{"rendered":"<section class=\"av_textblock_section\">\n<div class=\"avia_textblock\">\n<p style=\"text-align: justify;\">Vol\u00e1m sa Max\u00edk Koles\u00e1r, m\u00e1m 6 rokov a u\u017e nejak\u00fd ten r\u00f4\u010dik diagnostikovan\u00fa DMO. M\u0148a v\u0161ak tieto tri p\u00edsmenk\u00e1 neodr\u00e1dzaj\u00fa na akt\u00edvnom detskom \u017eivote a sna\u017e\u00edm sa rodi\u010dov zamestna\u0165 v\u0161etk\u00fdmi mo\u017en\u00fdmi sp\u00f4sobmi, hoci ma neposl\u00fachaj\u00fa moje no\u017ei\u010dky a ani \u013eav\u00e1 ru\u010di\u010dka. Od febru\u00e1ra 2019 mi jaz\u00fd\u010dek dovolil vyslovi\u0165 kone\u010dne vyt\u00fa\u017een\u00e9 MA-MA. Zvl\u00e1dnem vyslovi\u0165 nieko\u013eko p\u00edsmeniek a preto chcem \u010falej \u201emaka\u0165\u201c a rozv\u00edja\u0165 okrem pohybu, aj komunika\u010dn\u00fa str\u00e1nku.<\/p>\n<\/div>\n<\/section>","protected":false},"featured_media":147174,"template":"","meta":{"_acf_changed":false,"_seopress_robots_primary_cat":"none","_seopress_titles_title":"","_seopress_titles_desc":"","_seopress_robots_index":""},"product_brand":[],"product_cat":[108],"product_tag":[],"class_list":{"0":"post-147128","1":"product","2":"type-product","3":"status-publish","4":"has-post-thumbnail","6":"product_cat-pomoc-potrebuju","8":"first","9":"instock","10":"sold-individually","11":"shipping-taxable","12":"purchasable","13":"product-type-variable-subscription","14":"has-default-attributes"},"acf":[],"_links":{"self":[{"href":"https:\/\/nadaciaadeli.sk\/de\/wp-json\/wp\/v2\/product\/147128","targetHints":{"allow":["GET"]}}],"collection":[{"href":"https:\/\/nadaciaadeli.sk\/de\/wp-json\/wp\/v2\/product"}],"about":[{"href":"https:\/\/nadaciaadeli.sk\/de\/wp-json\/wp\/v2\/types\/product"}],"wp:featuredmedia":[{"embeddable":true,"href":"https:\/\/nadaciaadeli.sk\/de\/wp-json\/wp\/v2\/media\/147174"}],"wp:attachment":[{"href":"https:\/\/nadaciaadeli.sk\/de\/wp-json\/wp\/v2\/media?parent=147128"}],"wp:term":[{"taxonomy":"product_brand","embeddable":true,"href":"https:\/\/nadaciaadeli.sk\/de\/wp-json\/wp\/v2\/product_brand?post=147128"},{"taxonomy":"product_cat","embeddable":true,"href":"https:\/\/nadaciaadeli.sk\/de\/wp-json\/wp\/v2\/product_cat?post=147128"},{"taxonomy":"product_tag","embeddable":true,"href":"https:\/\/nadaciaadeli.sk\/de\/wp-json\/wp\/v2\/product_tag?post=147128"}],"curies":[{"name":"wp","href":"https:\/\/api.w.org\/{rel}","templated":true}]}}