{"id":147180,"date":"2025-03-13T13:13:25","date_gmt":"2025-03-13T12:13:25","guid":{"rendered":"https:\/\/nadaciaadeli.sk\/?post_type=product&#038;p=147180"},"modified":"2025-06-18T12:42:01","modified_gmt":"2025-06-18T10:42:01","slug":"maria-sliviakova-2__trashed","status":"publish","type":"product","link":"https:\/\/nadaciaadeli.sk\/de\/pribehy\/pomoc-potrebuju\/maria-sliviakova-2__trashed\/","title":{"rendered":"M\u00e1ria Sliviakov\u00e1"},"content":{"rendered":"<p style=\"text-align: justify;\">Hoci som chodila na vy\u0161etrenie k lek\u00e1rom, \u017ee ma bolieva hlava a p\u00edska mi v u\u0161iach, o\u010dividne mi stanovili zl\u00fa diagn\u00f3zu. Dovtedy som sa te\u0161ila zo \u017eivota a bola som pln\u00e1 energie, pracovala som. Man\u017eel ma zachr\u00e1nil a zavolal v\u010das z\u00e1chrann\u00fa slu\u017ebu, napriek tomu som bola v ohrozen\u00ed \u017eivota nieko\u013eko t\u00fd\u017ed\u0148ov. Lek\u00e1rske progn\u00f3zy neboli optimistick\u00e9, ke\u010f\u017ee som bola diagnostikovan\u00e1 so vz\u00e1cnym stavom locked-in synodr\u00f3mom, \u010di\u017ee syndr\u00f3m uzamknutia. Znamen\u00e1 to, \u017ee moje telo sa nato\u013eko uzavrelo, \u017ee som bola na za\u010diatku schopn\u00e1 h\u00fdba\u0165 len vie\u010dkami.<\/p>\n<p style=\"text-align: justify;\">Nasledoval 4-mesa\u010dn\u00fd pobyt v nemocnici, z toho dva t\u00fd\u017edne na ARE, s neist\u00fdm koncom. Bola som odk\u00e1zan\u00e1 na neust\u00e1lu pomoc druh\u00fdch. Ale zabojovala som, a tak som tu a dnes dokonca m\u00f4\u017eem nap\u00edsa\u0165 tento text. Podarilo sa mi rozh\u00fdba\u0165 prav\u00fa \u010das\u0165 tela a bojujem \u010falej. T\u00fa\u017eim sa postavi\u0165 na vlastn\u00e9 nohy. Ide to dobre, st\u00e1le rob\u00edm pokroky, \u010do m\u00f4\u017ee potvrdi\u0165 aj moja fyzioterapeutka a man\u017eel. Chcem sa vr\u00e1ti\u0165 k ob\u013e\u00faben\u00e9mu pe\u010deniu z kv\u00e1skov, \u010d\u00edta\u0165 knihy, pom\u00e1ha\u0165 \u013eu\u010fom, tak ako kedysi.<\/p>\n<p style=\"text-align: justify;\">Chyst\u00e1m sa rehabilitova\u0165 v s\u00fakromnom centre v Pie\u0161\u0165anoch a taktie\u017e v\u00a0NRC Kov\u00e1\u010dovej. A pravdepodobne budem potrebova\u0165 pr\u00edstup odborn\u00edkov v rehabilita\u010dn\u00fdch centr\u00e1ch viackr\u00e1t. Len\u017ee rehabilita\u010dn\u00e1 lie\u010dba si vy\u017eaduje nielen ve\u013ea mojej sily, ale aj financi\u00ed, ke\u010f\u017ee \u017eiadna z pois\u0165ovn\u00ed v\u00fddavky v\u00a0s\u00fakromn\u00fdch zariadeniach nepokr\u00fdva.<\/p>\n<p style=\"text-align: justify;\">Chcela by som V\u00e1s preto poprosi\u0165 o pr\u00edspevok na moju rehabilita\u010dn\u00fa lie\u010dbu. Ver\u00edm, \u017ee s\u00fa na svete e\u0161te dobr\u00ed \u013eudia, ktor\u00ed pom\u00f4\u017eu. \u010eakujem ve\u013emi pekne, Majka.<\/p>\n<div id=\"bcenter\">\n<div class=\"r\">Pre\u010d\u00edtajte si \u010dl\u00e1nok na www.aktuality.sk od 10.9.2020 <a href=\"https:\/\/www.aktuality.sk\/clanok\/820711\/maria-dostala-druhu-sancu-na-zivot\/\" target=\"_blank\" rel=\"noopener noreferrer\">&#8222;M\u00e1ria dostala druh\u00fa \u0161ancu na \u017eivot&#8220;<\/a>.<\/div>\n<\/div>","protected":false},"excerpt":{"rendered":"<section class=\"av_textblock_section\">\n<div class=\"avia_textblock\">\n<p style=\"text-align: justify;\">Vol\u00e1m sa M\u00e1ria Sliviakov\u00e1, m\u00e1m 33 rokov a m\u00f4j \u017eivot sa skomplikoval v nede\u013eu 24. febru\u00e1ra 2019. Ve\u010der mi pri\u0161lo zle \u2013 dostala som cievnu mozgov\u00fa pr\u00edhodu.<\/p>\n<\/div>\n<\/section>","protected":false},"featured_media":147239,"template":"","meta":{"_acf_changed":false,"_seopress_robots_primary_cat":"none","_seopress_titles_title":"","_seopress_titles_desc":"","_seopress_robots_index":""},"product_brand":[],"product_cat":[108],"product_tag":[],"class_list":{"0":"post-147180","1":"product","2":"type-product","3":"status-publish","4":"has-post-thumbnail","6":"product_cat-pomoc-potrebuju","8":"first","9":"instock","10":"sold-individually","11":"shipping-taxable","12":"purchasable","13":"product-type-variable-subscription","14":"has-default-attributes"},"acf":[],"_links":{"self":[{"href":"https:\/\/nadaciaadeli.sk\/de\/wp-json\/wp\/v2\/product\/147180","targetHints":{"allow":["GET"]}}],"collection":[{"href":"https:\/\/nadaciaadeli.sk\/de\/wp-json\/wp\/v2\/product"}],"about":[{"href":"https:\/\/nadaciaadeli.sk\/de\/wp-json\/wp\/v2\/types\/product"}],"wp:featuredmedia":[{"embeddable":true,"href":"https:\/\/nadaciaadeli.sk\/de\/wp-json\/wp\/v2\/media\/147239"}],"wp:attachment":[{"href":"https:\/\/nadaciaadeli.sk\/de\/wp-json\/wp\/v2\/media?parent=147180"}],"wp:term":[{"taxonomy":"product_brand","embeddable":true,"href":"https:\/\/nadaciaadeli.sk\/de\/wp-json\/wp\/v2\/product_brand?post=147180"},{"taxonomy":"product_cat","embeddable":true,"href":"https:\/\/nadaciaadeli.sk\/de\/wp-json\/wp\/v2\/product_cat?post=147180"},{"taxonomy":"product_tag","embeddable":true,"href":"https:\/\/nadaciaadeli.sk\/de\/wp-json\/wp\/v2\/product_tag?post=147180"}],"curies":[{"name":"wp","href":"https:\/\/api.w.org\/{rel}","templated":true}]}}