{"id":147233,"date":"2025-03-13T13:15:32","date_gmt":"2025-03-13T12:15:32","guid":{"rendered":"https:\/\/nadaciaadeli.sk\/?post_type=product&#038;p=147233"},"modified":"2025-06-18T12:40:29","modified_gmt":"2025-06-18T10:40:29","slug":"sabina-vorzackova-2__trashed","status":"publish","type":"product","link":"https:\/\/nadaciaadeli.sk\/de\/pribehy\/pomoc-potrebuju\/sabina-vorzackova-2__trashed\/","title":{"rendered":"Sabina Vor\u017e\u00e1\u010dkov\u00e1"},"content":{"rendered":"<p style=\"text-align: justify;\">Sabinka sa kv\u00f4li ve\u013emi zlej polohe v\u00a0bru\u0161ku narodila sekciou a s vykriven\u00fdmi no\u017ei\u010dkami, ale inak to bolo kr\u00e1sne zdrav\u00e9 diev\u010datko. Cca v\u00a03 mesiacoch za\u010dala rehabilitova\u0165, kv\u00f4li skr\u00e1ten\u00e9mu krku na pravej strane a\u00a0zle\u017eanej hlavi\u010dke, to sa ale postupne upravilo. U\u017e v\u00a0prvom polroku \u017eivota sa prejavila jej ve\u013emi slab\u00e1 imunita a\u00a0musela by\u0165 opakovane hospitalizovan\u00e1, pre choroby horn\u00fdch d\u00fdchac\u00edch ciest\u00a0 a rsv v\u00edrus. Postupom \u010dasu za\u010d\u00ednalo by\u0165 vidie\u0165 rozdiely medzi \u0148ou a\u00a0jej rovesn\u00edkmi.\u00a0 Sna\u017eili sme sa n\u00e1js\u0165 sp\u00f4sob ako jej \u010do najlep\u0161ie pom\u00f4c\u0165 a v\u00a011 mesiacoch sa n\u00e1m kone\u010dne podarilo zabezpe\u010di\u0165 prv\u00fd rehabilita\u010dn\u00fd pobyt v\u00a0Tetise.<\/p>\n<p style=\"text-align: justify;\">V\u00a0tom \u010dase bola le\u017eiaca, ale u\u017e od za\u010diatku mala ve\u013ek\u00fa chu\u0165 bojova\u0165 a\u00a0zmeni\u0165 to. Dozvedeli sme sa , \u017ee m\u00e1 hypotoniu, hypermobilitu a\u00a0deformity chodidiel, preto bude musie\u0165 cel\u00fd \u017eivot cvi\u010di\u0165 a\u00a0rehabilitova\u0165, inak sa jej stav nezlep\u0161\u00ed. Aj ke\u010f za\u010dala cvi\u010di\u0165 neskoro, u\u017e kr\u00e1tko po prvom pobyte a\u00a0dennodennom dom\u00e1com cvi\u010den\u00ed bolo vidie\u0165 posun vpred. Na\u0161a dc\u00e9rka sa\u00a0 v\u00a012 mesiacoch prv\u00fd kr\u00e1t sama posadila a\u00a0o\u00a0p\u00e1r mesiacov nesk\u00f4r sa pomaly\u00a0 u\u010dila \u0161tvorno\u017ekova\u0165. V\u00a0tom \u010dase v\u0161ak pri\u0161iel \u010fal\u0161\u00ed \u0161ok. Na magnetickej rezonancii bol Sabinke zisten\u00fd syndr\u00f3m prip\u00fatanej miechy a\u00a0lip\u00f3m na chrb\u00e1tiku a jedin\u00e9 rie\u0161enie je oper\u00e1cia. Taktie\u017e bude pravdepodobne potrebova\u0165 oper\u00e1ciu no\u017ei\u010diek, ale st\u00e1le je tu mal\u00e1 n\u00e1dej, \u017ee v\u010faka rehabilit\u00e1ciam a\u00a0\u010fal\u0161\u00edm terapi\u00e1m sa jej vyhne.<\/p>\n<p style=\"text-align: justify;\">Ka\u017ed\u00fd de\u0148 sme doma s\u00a0man\u017eelom s\u00a0dc\u00e9rou cvi\u010dili a\u00a0dodnes cvi\u010d\u00edme a\u00a0ona kr\u00e1sne spolupracuje a pom\u00e1haj\u00fa jej aj kurzy baby pl\u00e1vania. Rob\u00ed ve\u013ek\u00e9 pokroky, ale vid\u00edme, \u017ee to nesta\u010d\u00ed a\u00a0nem\u00e1 to tak\u00fd efekt ako rehabilita\u010dn\u00fd pobyt. Dnes m\u00e1 za sebou u\u017e nieko\u013eko rehabilita\u010dn\u00fdch \u00a0pobytov v\u00a0\u0161t\u00e1tnych zariadeniach, ale pois\u0165ov\u0148a prepl\u00e1ca tak\u00fdto pobyt max. 2x ro\u010dne, \u010do je pre \u0148u ve\u013emi m\u00e1lo. Ned\u00e1vno sa n\u00e1m podarilo absolvova\u0165 prv\u00fd vyt\u00fa\u017een\u00fd pobyt v\u00a0Adeli, kam by sme sa ve\u013emi chceli a\u00a0potrebovali vr\u00e1ti\u0165, tento raz u\u017e do obleku. Maj\u00fa tam aj v\u00fdborn\u00fa logop\u00e9diu, ktor\u00e1 je tie\u017e pre ve\u013emi potrebn\u00e1, ke\u010f\u017ee Sabinka e\u0161te poriadne nerozpr\u00e1va. Je to v\u0161ak finan\u010dne ve\u013emi n\u00e1ro\u010dne a\u00a0napriek tomu, \u017ee rob\u00edme v\u0161etko \u010do je v\u00a0na\u0161ich sil\u00e1ch, nedok\u00e1\u017eeme to sami zaplati\u0165.<\/p>\n<p style=\"text-align: justify;\">T\u00fdmto sa na v\u00e1s obraciame s\u00a0obrovskou prosbou v\u00a0mene na\u0161ej Sabinky, ak v\u00e1s n\u00e1\u0161 pr\u00edbeh zaujal, pom\u00f4\u017ete n\u00e1m pros\u00edm splnohodnotni\u0165 jej \u017eivot a zlep\u0161i\u0165 jej zdravotn\u00fd stav.\u00a0 Ve\u013emi si v\u00e1\u017eime ka\u017ed\u00e9 jedno euro, v\u00e1\u0161 z\u00e1ujem a\u00a0pomoc. Pevne ver\u00edm, \u017ee spolo\u010dne sa n\u00e1m podar\u00ed vyzbiera\u0165 dos\u0165 pe\u0148az\u00ed, aby sme sa mohli znova vr\u00e1ti\u0165 do Adeli a\u00a0napredova\u0165, a\u00a0t\u00fdm zabezpe\u010di\u0165 dc\u00e9rke kvalitnej\u0161\u00ed a\u00a0plnohodnotnej\u0161\u00ed \u017eivot.<\/p>\n<p style=\"text-align: justify;\">\u010eakujeme<\/p>","protected":false},"excerpt":{"rendered":"<p style=\"text-align: justify;\">Tento pr\u00edbeh je o\u00a0na\u0161ej malej ve\u013ekej stato\u010dnej bojovn\u00ed\u010dke. Na\u0161a jedin\u00e1 dc\u00e9rka Sabinka sa n\u00e1m narodila v\u00a0marci 2017 v\u00a039 t\u00fd\u017edni tehotenstva, ale aj napriek p\u00f4rodu v\u00a0term\u00edne, bola ve\u013emi mali\u010dk\u00e9, iba 2,5 kg klbko na\u0161ej l\u00e1sky a\u00a0nejak\u00fd \u010das si preto e\u0161te musela pospinka\u0165 v\u00a0inkub\u00e1tore. Tehotenstvo prebiehalo v\u00a0podstate bez komplik\u00e1cii a\u00a0ni\u010d nenasved\u010dovalo tomu, \u017ee by na\u0161e diev\u010datko nemalo by\u0165 zdrav\u00e9, aj ke\u010f napriek mojej epilepsii sa mi od lek\u00e1rov nedostalo takej starostlivosti o\u00a0n\u00e1s obe, ako by sa malo.<\/p>","protected":false},"featured_media":147296,"template":"","meta":{"_acf_changed":false,"_seopress_robots_primary_cat":"none","_seopress_titles_title":"","_seopress_titles_desc":"","_seopress_robots_index":""},"product_brand":[],"product_cat":[108],"product_tag":[],"class_list":{"0":"post-147233","1":"product","2":"type-product","3":"status-publish","4":"has-post-thumbnail","6":"product_cat-pomoc-potrebuju","8":"first","9":"instock","10":"sold-individually","11":"shipping-taxable","12":"purchasable","13":"product-type-variable-subscription","14":"has-default-attributes"},"acf":[],"_links":{"self":[{"href":"https:\/\/nadaciaadeli.sk\/de\/wp-json\/wp\/v2\/product\/147233","targetHints":{"allow":["GET"]}}],"collection":[{"href":"https:\/\/nadaciaadeli.sk\/de\/wp-json\/wp\/v2\/product"}],"about":[{"href":"https:\/\/nadaciaadeli.sk\/de\/wp-json\/wp\/v2\/types\/product"}],"wp:featuredmedia":[{"embeddable":true,"href":"https:\/\/nadaciaadeli.sk\/de\/wp-json\/wp\/v2\/media\/147296"}],"wp:attachment":[{"href":"https:\/\/nadaciaadeli.sk\/de\/wp-json\/wp\/v2\/media?parent=147233"}],"wp:term":[{"taxonomy":"product_brand","embeddable":true,"href":"https:\/\/nadaciaadeli.sk\/de\/wp-json\/wp\/v2\/product_brand?post=147233"},{"taxonomy":"product_cat","embeddable":true,"href":"https:\/\/nadaciaadeli.sk\/de\/wp-json\/wp\/v2\/product_cat?post=147233"},{"taxonomy":"product_tag","embeddable":true,"href":"https:\/\/nadaciaadeli.sk\/de\/wp-json\/wp\/v2\/product_tag?post=147233"}],"curies":[{"name":"wp","href":"https:\/\/api.w.org\/{rel}","templated":true}]}}