{"id":147236,"date":"2025-03-13T13:15:32","date_gmt":"2025-03-13T12:15:32","guid":{"rendered":"https:\/\/nadaciaadeli.sk\/?post_type=product&#038;p=147236"},"modified":"2025-06-18T12:40:16","modified_gmt":"2025-06-18T10:40:16","slug":"viliam-hanak-2__trashed","status":"publish","type":"product","link":"https:\/\/nadaciaadeli.sk\/de\/pribehy\/pomoc-potrebuju\/viliam-hanak-2__trashed\/","title":{"rendered":"Viliam Han\u00e1k"},"content":{"rendered":"<p style=\"text-align: justify;\">M\u00e1m len 2 roky, ale nieko\u013eko oper\u00e1ci\u00ed u\u017e m\u00e1m za sebou a nieko\u013eko e\u0161te pred sebou. Hoci sa ve\u013emi sna\u017e\u00edm, zatia\u013e nedok\u00e1\u017eem sedie\u0165, st\u00e1\u0165, hovori\u0165, alebo si hra\u010dku chyti\u0165 do ruky. Papa\u0165 zvl\u00e1dnem len mixovan\u00fa stravu. V\u010faka starostlivosti rodi\u010dov, cvi\u010deniu a r\u00f4znym terapi\u00e1m mal\u00e9 pokroky pomaly rob\u00edm, ale v tejto chv\u00edli je pre moje napredovanie k\u013e\u00fa\u010dov\u00e1 intenz\u00edvna rehabilit\u00e1cia, k\u00fdm som e\u0161te tak\u00fdto mal\u00fd.<\/p>\n<p style=\"text-align: justify;\">M\u00e1m s\u00edce n\u00e1rok na k\u00fape\u013en\u00fa lie\u010dbu hraden\u00fa pois\u0165ov\u0148ou, av\u0161ak s v\u00fdvodom na bru\u0161ku ma do k\u00fape\u013eov nevezm\u00fa. Jedinou mo\u017enos\u0165ou s\u00fa preto pre m\u0148a rehabilita\u010dn\u00e9 centr\u00e1. Dva intenz\u00edvne neuro-rehabilita\u010dn\u00e9 pobyty v Adeli som u\u017e absolvoval s vynikaj\u00facimi v\u00fdsledkami a vzh\u013eadom na m\u00f4j stav by som sa tam potreboval dosta\u0165 nieko\u013eko kr\u00e1t do roka. V\u00e1\u017eim si ka\u017ed\u00fa pomoc, ktor\u00e1 ma k Adeli pribl\u00ed\u017ei.<\/p>","protected":false},"excerpt":{"rendered":"<p style=\"text-align: justify;\">Vol\u00e1m sa Vilko a aj napriek dobr\u00fdm v\u00fdsledkom vy\u0161etren\u00ed, k\u00fdm som bol u maminy v bru\u0161ku, som sa narodil s po\u010detn\u00fdmi v\u00fdvojov\u00fdmi vadami a v\u00e1\u017enymi diagn\u00f3zami \u2013 DMO, atr\u00e9zia kone\u010dn\u00edka, r\u00e1z\u0161tep chrbtice, srdcov\u00e9 defekty, vady d\u00fdchacej s\u00fastavy.<\/p>","protected":false},"featured_media":147310,"template":"","meta":{"_acf_changed":false,"_seopress_robots_primary_cat":"none","_seopress_titles_title":"","_seopress_titles_desc":"","_seopress_robots_index":""},"product_brand":[],"product_cat":[108],"product_tag":[],"class_list":{"0":"post-147236","1":"product","2":"type-product","3":"status-publish","4":"has-post-thumbnail","6":"product_cat-pomoc-potrebuju","8":"first","9":"instock","10":"sold-individually","11":"shipping-taxable","12":"purchasable","13":"product-type-variable-subscription","14":"has-default-attributes"},"acf":[],"_links":{"self":[{"href":"https:\/\/nadaciaadeli.sk\/de\/wp-json\/wp\/v2\/product\/147236","targetHints":{"allow":["GET"]}}],"collection":[{"href":"https:\/\/nadaciaadeli.sk\/de\/wp-json\/wp\/v2\/product"}],"about":[{"href":"https:\/\/nadaciaadeli.sk\/de\/wp-json\/wp\/v2\/types\/product"}],"wp:featuredmedia":[{"embeddable":true,"href":"https:\/\/nadaciaadeli.sk\/de\/wp-json\/wp\/v2\/media\/147310"}],"wp:attachment":[{"href":"https:\/\/nadaciaadeli.sk\/de\/wp-json\/wp\/v2\/media?parent=147236"}],"wp:term":[{"taxonomy":"product_brand","embeddable":true,"href":"https:\/\/nadaciaadeli.sk\/de\/wp-json\/wp\/v2\/product_brand?post=147236"},{"taxonomy":"product_cat","embeddable":true,"href":"https:\/\/nadaciaadeli.sk\/de\/wp-json\/wp\/v2\/product_cat?post=147236"},{"taxonomy":"product_tag","embeddable":true,"href":"https:\/\/nadaciaadeli.sk\/de\/wp-json\/wp\/v2\/product_tag?post=147236"}],"curies":[{"name":"wp","href":"https:\/\/api.w.org\/{rel}","templated":true}]}}