{"id":147384,"date":"2025-03-13T13:22:55","date_gmt":"2025-03-13T12:22:55","guid":{"rendered":"https:\/\/nadaciaadeli.sk\/?post_type=product&#038;p=147384"},"modified":"2025-06-18T12:33:19","modified_gmt":"2025-06-18T10:33:19","slug":"alex-rac-2__trashed","status":"publish","type":"product","link":"https:\/\/nadaciaadeli.sk\/de\/pribehy\/pomoc-potrebuju\/alex-rac-2__trashed\/","title":{"rendered":"Alex Rac"},"content":{"rendered":"<p style=\"text-align: justify;\">Finan\u010dn\u00e9 prostriedky, ktor\u00e9 by som chcela pre\u0148ho z\u00edska\u0165, bud\u00fa vyu\u017eit\u00e9 na lie\u010denie a\u00a0rehabilit\u00e1ciu v\u00a0ADELI Centre v\u00a0Pie\u0161\u0165anoch. Rehabilita\u010dn\u00fd pobyt bude pomocou a\u00a0stimul\u00e1ciou pre Alexov mozog a\u00a0nervov\u00fd syst\u00e9m ako aj imunitu. T\u00fa\u017eim po tom, aby m\u00f4j brat vn\u00edmal svet okolo seba lep\u0161ie ako teraz. T\u00fdmto sa obraciam na v\u00e1s, dobr\u00fdch \u013eud\u00ed, ktor\u00fdm osud Alexa nie je \u013eahostajn\u00fd,\u00a0 s\u00a0prosbou o\u00a0pomoc. Vopred za ka\u017ed\u00fa pomoc \u010fakujeme.<\/p>\n<p style=\"text-align: justify;\">Gr\u00e9ta a Alex<\/p>","protected":false},"excerpt":{"rendered":"<p style=\"text-align: justify;\">Ahoj v\u0161etci. Vol\u00e1m sa Gr\u00e9ta a m\u00e1m 27 rokov. \u017dijem v \u017diline a star\u00e1m sa o svojho brata Alexa, ktor\u00fd je v bdelej k\u00f3me. Stalo sa mu to pred 13 rokmi, ke\u010f bol v Martinskej fakultnej nemocnici a lek\u00e1ri mu nepodali v\u010das prv\u00fa pomoc, \u010di\u017ee ho pravdepodobne zanedbali. M\u00f4j brat Alex m\u00e1 dnes u\u017e 17 rokov. Potravu prij\u00edma cez trval\u00fa sondu, teda PEG. D\u00fdcha cez kanylu.<\/p>","protected":false},"featured_media":147437,"template":"","meta":{"_acf_changed":false,"_seopress_robots_primary_cat":"none","_seopress_titles_title":"","_seopress_titles_desc":"","_seopress_robots_index":""},"product_brand":[],"product_cat":[108],"product_tag":[],"class_list":{"0":"post-147384","1":"product","2":"type-product","3":"status-publish","4":"has-post-thumbnail","6":"product_cat-pomoc-potrebuju","8":"first","9":"instock","10":"sold-individually","11":"shipping-taxable","12":"purchasable","13":"product-type-variable-subscription","14":"has-default-attributes"},"acf":[],"_links":{"self":[{"href":"https:\/\/nadaciaadeli.sk\/de\/wp-json\/wp\/v2\/product\/147384","targetHints":{"allow":["GET"]}}],"collection":[{"href":"https:\/\/nadaciaadeli.sk\/de\/wp-json\/wp\/v2\/product"}],"about":[{"href":"https:\/\/nadaciaadeli.sk\/de\/wp-json\/wp\/v2\/types\/product"}],"wp:featuredmedia":[{"embeddable":true,"href":"https:\/\/nadaciaadeli.sk\/de\/wp-json\/wp\/v2\/media\/147437"}],"wp:attachment":[{"href":"https:\/\/nadaciaadeli.sk\/de\/wp-json\/wp\/v2\/media?parent=147384"}],"wp:term":[{"taxonomy":"product_brand","embeddable":true,"href":"https:\/\/nadaciaadeli.sk\/de\/wp-json\/wp\/v2\/product_brand?post=147384"},{"taxonomy":"product_cat","embeddable":true,"href":"https:\/\/nadaciaadeli.sk\/de\/wp-json\/wp\/v2\/product_cat?post=147384"},{"taxonomy":"product_tag","embeddable":true,"href":"https:\/\/nadaciaadeli.sk\/de\/wp-json\/wp\/v2\/product_tag?post=147384"}],"curies":[{"name":"wp","href":"https:\/\/api.w.org\/{rel}","templated":true}]}}