{"id":147387,"date":"2025-03-13T13:22:55","date_gmt":"2025-03-13T12:22:55","guid":{"rendered":"https:\/\/nadaciaadeli.sk\/?post_type=product&#038;p=147387"},"modified":"2025-06-18T12:33:02","modified_gmt":"2025-06-18T10:33:02","slug":"kristianko-botlo-2__trashed","status":"publish","type":"product","link":"https:\/\/nadaciaadeli.sk\/de\/pribehy\/pomoc-potrebuju\/kristianko-botlo-2__trashed\/","title":{"rendered":"Kristi\u00e1nko Botl\u00f3"},"content":{"rendered":"<p style=\"text-align: justify;\">Jednoducho t\u00fa\u017eim po pomoci, aby som aj ja mohol pom\u00e1ha\u0165, ke\u010f vyrastiem. K\u00a0t\u00fdmto mojim snom v\u0161ak vedie dlh\u00e1 a finan\u010dne n\u00e1ro\u010dn\u00e1 \u017eivotn\u00e1 cesta. Mojou n\u00e1dejou a \u0161ancou je rehabilita\u010dn\u00e1 lie\u010dba a odborn\u00edci z\u00a0ADELI Medical Centra v Pie\u0161\u0165anoch. Odpove\u010f od p\u00e1na doktora, \u017ee mi m\u00f4\u017eu pom\u00f4c\u0165, bola pre m\u0148a a\u00a0moju rodinu t\u00e1 najlep\u0161ia spr\u00e1va. Pozit\u00edvnu spr\u00e1vu v\u0161ak zatie\u0148uje skuto\u010dnos\u0165, \u017ee aj napriek tomu, \u017ee moji rodi\u010dia robia v\u0161etko, \u010do je v\u00a0ich sil\u00e1ch, aby dok\u00e1zali pokry\u0165 finan\u010dn\u00e9 n\u00e1klady spojen\u00e9 s mojou lie\u010dbou, nedok\u00e1\u017eeme si pom\u00f4c\u0165 sami a\u00a0preto oslovujeme dobr\u00fdch \u013eud\u00ed. Moja lie\u010dba je len \u010diasto\u010dne prepl\u00e1can\u00e1 zdravotnou pois\u0165ov\u0148ou. V\u010faka pomoci Nad\u00e1cie ADELI v\u0161ak m\u00e1me n\u00e1dej, \u017ee z\u00edskame podporu a darcov, ktor\u00ed n\u00e1m dok\u00e1\u017eu poskytn\u00fa\u0165 finan\u010dn\u00fa pomoc. Zdravie je najvz\u00e1cnej\u0161\u00ed poklad, niekedy \u017eia\u013e stoj\u00ed ve\u013ek\u00e9 peniaze. Pros\u00edm, pom\u00f4\u017ete, ka\u017ed\u00fd jeden cent ma pos\u00fava bli\u017e\u0161ie k\u00a0lie\u010dbe, ktor\u00e1 je pre m\u0148a d\u00f4le\u017eit\u00e1 a\u00a0je pre m\u0148a \u0161ancou k plnohodnotn\u00e9mu \u017eivotu.<\/p>\n<p style=\"text-align: justify;\">Zo srdie\u010dka v\u00e1m \u010eAKUJEM.<\/p>","protected":false},"excerpt":{"rendered":"<p style=\"text-align: justify;\">Vol\u00e1m sa<strong> Kristi\u00e1nko Botl\u00f3<\/strong>, m\u00e1m 3 roky a moj\u00edm ve\u013ek\u00fdm snom je za\u017ei\u0165 v\u0161etko to, \u010do je pre deti\u010dky a\u00a0\u013eud\u00ed bez zdravotn\u00fdch probl\u00e9mov samozrejmos\u0165ou. T\u00fa\u017eim po tom, aby sa moje neposlu\u0161n\u00e9 bo\u013eav\u00e9 no\u017ei\u010dky nau\u010dili chodi\u0165. Rovnako si \u017eel\u00e1m, aby som sa nau\u010dil rozpr\u00e1va\u0165, preto\u017ee moje u\u0161k\u00e1 po\u010duj\u00fa len pomocou pr\u00edstroja, ktor\u00fd v\u00f4bec nem\u00e1m r\u00e1d. BOL BY SOM VE\u013dMI \u0160\u0164ASTN\u00dd, AK BY SOM DOK\u00c1ZAL POVEDA\u0164 \u010eAKUJEM KA\u017dD\u00c9MU, KTO MI POM\u00c1HA.<\/p>","protected":false},"featured_media":147448,"template":"","meta":{"_acf_changed":false,"_seopress_robots_primary_cat":"none","_seopress_titles_title":"","_seopress_titles_desc":"","_seopress_robots_index":""},"product_brand":[],"product_cat":[108],"product_tag":[],"class_list":{"0":"post-147387","1":"product","2":"type-product","3":"status-publish","4":"has-post-thumbnail","6":"product_cat-pomoc-potrebuju","8":"first","9":"instock","10":"sold-individually","11":"shipping-taxable","12":"purchasable","13":"product-type-variable-subscription","14":"has-default-attributes"},"acf":[],"_links":{"self":[{"href":"https:\/\/nadaciaadeli.sk\/de\/wp-json\/wp\/v2\/product\/147387","targetHints":{"allow":["GET"]}}],"collection":[{"href":"https:\/\/nadaciaadeli.sk\/de\/wp-json\/wp\/v2\/product"}],"about":[{"href":"https:\/\/nadaciaadeli.sk\/de\/wp-json\/wp\/v2\/types\/product"}],"wp:featuredmedia":[{"embeddable":true,"href":"https:\/\/nadaciaadeli.sk\/de\/wp-json\/wp\/v2\/media\/147448"}],"wp:attachment":[{"href":"https:\/\/nadaciaadeli.sk\/de\/wp-json\/wp\/v2\/media?parent=147387"}],"wp:term":[{"taxonomy":"product_brand","embeddable":true,"href":"https:\/\/nadaciaadeli.sk\/de\/wp-json\/wp\/v2\/product_brand?post=147387"},{"taxonomy":"product_cat","embeddable":true,"href":"https:\/\/nadaciaadeli.sk\/de\/wp-json\/wp\/v2\/product_cat?post=147387"},{"taxonomy":"product_tag","embeddable":true,"href":"https:\/\/nadaciaadeli.sk\/de\/wp-json\/wp\/v2\/product_tag?post=147387"}],"curies":[{"name":"wp","href":"https:\/\/api.w.org\/{rel}","templated":true}]}}