{"id":147400,"date":"2025-03-13T13:23:21","date_gmt":"2025-03-13T12:23:21","guid":{"rendered":"https:\/\/nadaciaadeli.sk\/?post_type=product&#038;p=147400"},"modified":"2025-06-18T12:32:31","modified_gmt":"2025-06-18T10:32:31","slug":"__trashed-8","status":"publish","type":"product","link":"https:\/\/nadaciaadeli.sk\/de\/pribehy\/pomoc-potrebuju\/__trashed-8\/","title":{"rendered":"DARUJTE ONLINE PORADENSTVO po\u010das epid\u00e9mie"},"content":{"rendered":"<p><strong>\u010eakujeme, va\u0161\u00edm pr\u00edspevkom prispievate k\u00a0zmierneniu n\u00e1sledkov v\u00fdpadku terapi\u00ed a\u00a0poskytujete pr\u00edstup k\u00a0poradenstvu. Poradenstvo i\u00a0v\u00a0obmedzen\u00fdch mo\u017enostiach bez priameho\u00a0fyzick\u00e9ho kontaktu v\u00fdzamne posil\u0148uje pacientov a\u00a0ich pr\u00edbuzn\u00fdch.<\/strong><\/p>\n<hr \/>\n<h3><span style=\"color: #ff6600;\"><strong>Ako pom\u00e1ha ADELI online poradenstvo<\/strong><\/span><\/h3>\n<p><strong>V\u010faka V\u00e1\u0161mu daru poskytneme konkr\u00e9tnemu pacientovi ADELI ONLINE PORADENSTVO.<\/strong><strong>\u00a0<\/strong><\/p>\n<p><strong>Nov\u00e9 online poradenstvo Nad\u00e1cie ADELI pom\u00e1ha zmierni\u0165 n\u00e1sledky karant\u00e9nnych opatren\u00ed, ktor\u00e9 sa v\u00fdrazne dot\u00fdkaj\u00fa pred\u010dasne naroden\u00fdch det\u00ed \u010di \u013eud\u00ed po m\u0155tvici.<\/strong><\/p>\n<p>ADELI ONLINE je moment\u00e1lne jedin\u00e1 mo\u017en\u00e1 n\u00e1hrada osobn\u00e9ho fyzick\u00e9ho kontaktu s\u00a0pacientom v\u00a0\u010dase zastavenia pobytovej aj ambulantnej starostlivosti v\u00a0ADELI.<\/p>\n<p>Experti na ADELI ONLINE pom\u00f4\u017eu pri probl\u00e9moch, ako je napr. \u00a0k\u0155menie b\u00e1b\u00e4tiek, poradia pr\u00edbuzn\u00fdm, ktor\u00ed sa potrebuj\u00fa dorozumie\u0165 s\u00a0\u010dlovekom po mozgovej m\u0155tvici alebo potrebuj\u00fa pre pacienta s\u00a0po\u0161koden\u00edm mozgu terapeutick\u00fa intervenciu, ktor\u00e1 pred\u00edde atrofii svalov, poradia ako cvi\u010di\u0165 v\u00a0dom\u00e1com prostred\u00ed at\u010f.<\/p>\n<p><strong>ADELI ONLINE <\/strong>poskytuj\u00fa na dobrovo\u013enej b\u00e1ze ADELI odborn\u00edci v \u010dase, ke\u010f nie je mo\u017en\u00e9 z epidemiologick\u00fdch d\u00f4vodov poskytova\u0165 fyzioterapiu a logop\u00e9diu fyzicky v zariaden\u00ed ADELI Medical Centrum. Pacientom porad\u00edme cvi\u010denia na doma aj v\u00fd\u017eivov\u00e9 poradenstvo<strong>.<\/strong><\/p>\n<p><strong>Komunik\u00e1cia medzi odborn\u00edkmi a pacientom a ich pr\u00edbuzn\u00fdm v n\u00fadzovej situ\u00e1cii bude prebeha\u0165 online: Skypom alebo emailom.<\/strong><\/p>\n<h3><strong>KOMU JE POMOC ur\u010den\u00e1?<\/strong><\/h3>\n<ul>\n<li>pre pred\u010dasne naroden\u00e9 deti,<\/li>\n<li>pre rodi\u010dov det\u00ed s\u00a0oneskoren\u00fdm v\u00fdvojom,<\/li>\n<li>pre deti a\u00a0dospel\u00fdch s n\u00e1sledkami detskej mozgovej obrny,\u00a0\u013eu\u010fom po m\u0155tvici, oper\u00e1ci\u00e1ch a\u00a0\u00farazoch.<\/li>\n<\/ul>\n<p><strong>Nev\u00e1hajte sa individu\u00e1lne poradi\u0165, ako zabr\u00e1ni\u0165 n\u00e1sledkom imobility v\u00a0\u010dase karant\u00e9ny, ako pred\u00eds\u0165 v\u00e1\u017enej\u0161\u00edm a\u00a0trvalej\u0161\u00edm po\u0161kodeniam.<\/strong><\/p>\n<p><strong><span style=\"font-size: 24pt;\">Kontaktujte n\u00e1s na: info@adelicenter.eu<\/span><\/strong><\/p>\n<p>&nbsp;<\/p>\n<p><a href=\"https:\/\/sk.adelicenter.eu\/adeli-online\/\" target=\"_blank\" rel=\"noopener noreferrer\">ADELI ONLINE<\/a> je projektom Nad\u00e1cie ADELI. Reagujeme n\u00edm na v\u00fdpadky terapi\u00ed v\u00a0s\u00favislosti s\u00a0nariadeniami MZ SR, \u00daradu verejn\u00e9ho zdravotn\u00edctva a\u00a0Kr\u00edzov\u00e9ho \u0161t\u00e1bu s\u00a0cie\u013eom zabr\u00e1ni\u0165 \u0161\u00edreniu nov\u00e9ho koronav\u00edrusu.<\/p>\n<p>Pros\u00edm, podporte iniciat\u00edvu Nad\u00e1cie ADELI a \u0161pecialistov-dobrovo\u013en\u00edkov projektu <a href=\"https:\/\/sk.adelicenter.eu\/adeli-online\/\" target=\"_blank\" rel=\"noopener noreferrer\"><strong>ADELI ONLINE<\/strong><\/a>, ktor\u00fd zmier\u0148uje negat\u00edvne dopady koronakr\u00edzy na zdravie \u013eud\u00ed s neurologick\u00fdm ochoren\u00edm.<\/p>","protected":false},"excerpt":{"rendered":"<p><img alt=\"\" loading=\"lazy\" decoding=\"async\" class=\"wp-image-36038 size-full aligncenter\" src=\"https:\/\/www.nadaciaadeli.sk\/wp-content\/uploads\/2020\/04\/banner-daruj-poradenstvo-1.jpg\" width=\"1024\" height=\"300\" srcset=\"https:\/\/nadaciaadeli.sk\/wp-content\/uploads\/2020\/04\/banner-daruj-poradenstvo-1.jpg 1024w, https:\/\/nadaciaadeli.sk\/wp-content\/uploads\/2020\/04\/banner-daruj-poradenstvo-1-600x176.jpg 600w, https:\/\/nadaciaadeli.sk\/wp-content\/uploads\/2020\/04\/banner-daruj-poradenstvo-1-300x88.jpg 300w, https:\/\/nadaciaadeli.sk\/wp-content\/uploads\/2020\/04\/banner-daruj-poradenstvo-1-768x225.jpg 768w\" sizes=\"auto, (max-width: 1024px) 100vw, 1024px\" \/><\/p>\n<h3>Pand\u00e9mia koronav\u00edrusu ohrozuje dvojn\u00e1sobne deti a\u00a0dospel\u00fdch s\u00a0neurologick\u00fdm ochoren\u00edm.<\/h3>\n<p><strong>Okrem rizika n\u00e1kazy, je ve\u013ek\u00fdm probl\u00e9mom aj v\u00fdpadok pravideln\u00fdch terapi\u00ed, \u00a0a\u00a0nemo\u017enos\u0165 kontaktu s\u00a0odborn\u00edkmi, ktor\u00ed im pom\u00e1haj\u00fa v\u00a0ich ka\u017edodennom z\u00e1pase.<\/strong><\/p>\n<p><span style=\"color: #ff6600;\"><strong>Va\u0161u online pomoc premen\u00edme na efekt\u00edvne poradenstvo, ktor\u00e9 pom\u00e1ha konkr\u00e9tnemu pacientovi.<\/strong><\/span><\/p>","protected":false},"featured_media":147453,"template":"","meta":{"_acf_changed":false,"_seopress_robots_primary_cat":"none","_seopress_titles_title":"","_seopress_titles_desc":"","_seopress_robots_index":""},"product_brand":[],"product_cat":[108],"product_tag":[],"class_list":{"0":"post-147400","1":"product","2":"type-product","3":"status-publish","4":"has-post-thumbnail","6":"product_cat-pomoc-potrebuju","8":"first","9":"instock","10":"sold-individually","11":"shipping-taxable","12":"purchasable","13":"product-type-variable-subscription"},"acf":[],"_links":{"self":[{"href":"https:\/\/nadaciaadeli.sk\/de\/wp-json\/wp\/v2\/product\/147400","targetHints":{"allow":["GET"]}}],"collection":[{"href":"https:\/\/nadaciaadeli.sk\/de\/wp-json\/wp\/v2\/product"}],"about":[{"href":"https:\/\/nadaciaadeli.sk\/de\/wp-json\/wp\/v2\/types\/product"}],"wp:featuredmedia":[{"embeddable":true,"href":"https:\/\/nadaciaadeli.sk\/de\/wp-json\/wp\/v2\/media\/147453"}],"wp:attachment":[{"href":"https:\/\/nadaciaadeli.sk\/de\/wp-json\/wp\/v2\/media?parent=147400"}],"wp:term":[{"taxonomy":"product_brand","embeddable":true,"href":"https:\/\/nadaciaadeli.sk\/de\/wp-json\/wp\/v2\/product_brand?post=147400"},{"taxonomy":"product_cat","embeddable":true,"href":"https:\/\/nadaciaadeli.sk\/de\/wp-json\/wp\/v2\/product_cat?post=147400"},{"taxonomy":"product_tag","embeddable":true,"href":"https:\/\/nadaciaadeli.sk\/de\/wp-json\/wp\/v2\/product_tag?post=147400"}],"curies":[{"name":"wp","href":"https:\/\/api.w.org\/{rel}","templated":true}]}}