{"id":147470,"date":"2025-03-13T13:26:25","date_gmt":"2025-03-13T12:26:25","guid":{"rendered":"https:\/\/nadaciaadeli.sk\/?post_type=product&#038;p=147470"},"modified":"2025-06-18T12:31:12","modified_gmt":"2025-06-18T10:31:12","slug":"eulalia-cavojcinova-2__trashed","status":"publish","type":"product","link":"https:\/\/nadaciaadeli.sk\/de\/pribehy\/pomoc-potrebuju\/eulalia-cavojcinova-2__trashed\/","title":{"rendered":"Eul\u00e1lia \u010cavoj\u010dinov\u00e1"},"content":{"rendered":"<p style=\"text-align: justify;\"><strong>Cel\u00fd \u017eivot sa \u010dlovek nie\u010do u\u010d\u00ed<\/strong><\/p>\n<p style=\"text-align: justify;\">Pani Eul\u00e1lia je z malebnej dedinky Lie\u0161tany. T\u00fa\u017eila sa sta\u0165 pr\u00e1vni\u010dkou a\u00a0tak cel\u00fd \u017eivot pracovala najprv v advok\u00e1tskej kancel\u00e1rii, potom na Okresnom \u00farade. Takisto sa cel\u00fd \u017eivot venovala z\u00e1hrade. Pestovala mu\u0161k\u00e1ty a mala ich najkraj\u0161ie v\u00a0dedine\ud83d\ude0a Heslom pani Eul\u00e1lie je: <em>\u201e\u010clovek sa st\u00e1le u\u010d\u00ed\u201c. <\/em>Po 40 sa dokonca rozhodla vy\u0161tudova\u0165 vysok\u00fa \u0161kolu a\u00a0a \u00faspe\u0161ne ukon\u010dila pedagogick\u00e9 \u0161t\u00fadium pre stredn\u00e9 \u0161koly na Pr\u00edrodovedeckej fakulte Univerzity Mateja Bela.<\/p>\n<p style=\"text-align: justify;\">Po\u010das \u0161koly sa pani Eul\u00e1lii ozval nev\u0161edn\u00fd probl\u00e9m s\u00a0o\u010dami, hmlist\u00e9 videnie. Hoci podozrenie hne\u010f padlo na Skler\u00f3zu multiplex, vy\u0161etrenia potvrdili ochorenie a\u017e o\u00a0nieko\u013eko rokov nesk\u00f4r. Dnes je jej najv\u00e4\u010d\u0161ou oporou brat Mari\u00e1n. S\u00fa tomu toti\u017e u\u017e 2 roky, \u010do sa pani Eul\u00e1lia neudr\u017e\u00ed na vlastn\u00fdch noh\u00e1ch. A\u00a0teda sa op\u00e4\u0165 u\u010d\u00ed \u2013 samostatne chodi\u0165. Lie\u010dba kortikoidmi priniesla mnoho ved\u013eaj\u0161\u00edch \u00fa\u010dinkov, s\u00a0ktor\u00fdmi je samostatn\u00fd pohyb \u00faplne vyl\u00fa\u010den\u00fd.<\/p>\n<p style=\"text-align: justify;\">N\u00e1dej svitla pred rokom v\u00a0Medical ADELI Centre. Intenz\u00edvnou rehabilit\u00e1ciou sa podarilo prebudi\u0165, \u010do telo zabudlo. Tentoraz je pani Eul\u00e1lia na rehabilit\u00e1cii v\u00a0ADELI zvl\u00e1\u0161\u0165 spokojn\u00e1 so svojimi pokrokmi. Pohyblivos\u0165 n\u00f4h jej umo\u017e\u0148uje lep\u0161ie vykon\u00e1va\u0165 samoobslu\u017en\u00e9 \u010dinnosti a\u00a0ove\u013ea ladnej\u0161ie presadne z\u00a0voz\u00ed\u010dka na poste\u013e a\u00a0opa\u010dne.<\/p>\n<p style=\"text-align: justify;\">Aj tento mal\u00fd pokrok je d\u00f4le\u017eit\u00fd pre dni, ke\u010f najviac \u010dasu zaberie starostlivos\u0165 o\u00a0nehybn\u00e9ho \u010dloveka a\u00a0dom\u00e1cnos\u0165, vr\u00e1tane varenia. Tu sa pr\u00e1ve prejavuj\u00fa u\u010dite\u013esk\u00e9 schopnosti pani Eul\u00e1lie: u\u010d\u00ed brata vari\u0165 aj piec\u0165. Spolo\u010dne si najviac pochutnaj\u00fa na Opitom Izidorovi a\u00a0Lenivej \u017eene. \u00c1no, h\u00e1date spr\u00e1vne, r\u00fdchly hrn\u010dekov\u00fd kol\u00e1\u010d ob\u013eubuje mu\u017e v\u00a0kuchyni najviac.<\/p>\n<p style=\"text-align: justify;\">Ak\u00e9 s\u00fa v\u0161ak ich skuto\u010dn\u00e9 t\u00fa\u017eby? Pani Eul\u00e1lia, i\u00a0jej brat Mari\u00e1n t\u00fa\u017eia po tom, aby vyzbierali dos\u0165 prostriedkov na tret\u00ed t\u00fd\u017ede\u0148 neurorehabilit\u00e1cie v\u00a0ADELI Medical Center. Eul\u00e1lii sa mimoriadne dar\u00ed, stav sa jej zlep\u0161uje, brat Mari\u00e1n je a\u017e dojat\u00fd jej pokrokmi. Uvedomuje si toti\u017e, \u017ee \u010d\u00edm viac sa zlep\u0161\u00ed Eul\u00e1liin stav, o\u00a0to dlh\u0161ie sa on s\u00e1m bude m\u00f4c\u0165 o\u00a0sestru stara\u0165.<\/p>\n<p style=\"text-align: justify;\">Pros\u00edm, podporte s\u00farodencov \u010cavoj\u010d\u00ednovcov v\u00a0ich spolo\u010dnej snahe o\u00a0Eul\u00e1liin lep\u0161\u00ed zdravotn\u00fd stav.<\/p>","protected":false},"excerpt":{"rendered":"<p style=\"text-align: justify;\">Pani Eul\u00e1lia je z malebnej dedinky Lie\u0161tany. T\u00fa\u017eila sa sta\u0165 pr\u00e1vni\u010dkou a tak cel\u00fd \u017eivot pracovala najprv v advok\u00e1tskej kancel\u00e1rii, potom na Okresnom \u00farade. Takisto sa cel\u00fd \u017eivot venovala z\u00e1hrade. Pestovala mu\u0161k\u00e1ty a mala ich najkraj\u0161ie v dedine<\/p>\n<p>&nbsp;<\/p>","protected":false},"featured_media":147538,"template":"","meta":{"_acf_changed":false,"_seopress_robots_primary_cat":"none","_seopress_titles_title":"Eul\u00e1lia \u010cavoj\u010dinov\u00e1","_seopress_titles_desc":"Pani Eul\u00e1lia je z malebnej dedinky Lie\u0161tany. T\u00fa\u017eila sa sta\u0165 pr\u00e1vni\u010dkou a\u00a0tak cel\u00fd \u017eivot pracovala najprv v advok\u00e1tskej kancel\u00e1rii, potom na Okresnom \u00farade. Takisto sa cel\u00fd \u017eivot venovala z\u00e1hrade. Pestovala mu\u0161k\u00e1ty a mala ich najkraj\u0161ie v\u00a0dedine","_seopress_robots_index":""},"product_brand":[],"product_cat":[108],"product_tag":[],"class_list":{"0":"post-147470","1":"product","2":"type-product","3":"status-publish","4":"has-post-thumbnail","6":"product_cat-pomoc-potrebuju","8":"first","9":"instock","10":"sold-individually","11":"shipping-taxable","12":"purchasable","13":"product-type-variable-subscription","14":"has-default-attributes"},"acf":[],"_links":{"self":[{"href":"https:\/\/nadaciaadeli.sk\/de\/wp-json\/wp\/v2\/product\/147470","targetHints":{"allow":["GET"]}}],"collection":[{"href":"https:\/\/nadaciaadeli.sk\/de\/wp-json\/wp\/v2\/product"}],"about":[{"href":"https:\/\/nadaciaadeli.sk\/de\/wp-json\/wp\/v2\/types\/product"}],"wp:featuredmedia":[{"embeddable":true,"href":"https:\/\/nadaciaadeli.sk\/de\/wp-json\/wp\/v2\/media\/147538"}],"wp:attachment":[{"href":"https:\/\/nadaciaadeli.sk\/de\/wp-json\/wp\/v2\/media?parent=147470"}],"wp:term":[{"taxonomy":"product_brand","embeddable":true,"href":"https:\/\/nadaciaadeli.sk\/de\/wp-json\/wp\/v2\/product_brand?post=147470"},{"taxonomy":"product_cat","embeddable":true,"href":"https:\/\/nadaciaadeli.sk\/de\/wp-json\/wp\/v2\/product_cat?post=147470"},{"taxonomy":"product_tag","embeddable":true,"href":"https:\/\/nadaciaadeli.sk\/de\/wp-json\/wp\/v2\/product_tag?post=147470"}],"curies":[{"name":"wp","href":"https:\/\/api.w.org\/{rel}","templated":true}]}}