{"id":147473,"date":"2025-03-13T13:26:25","date_gmt":"2025-03-13T12:26:25","guid":{"rendered":"https:\/\/nadaciaadeli.sk\/?post_type=product&#038;p=147473"},"modified":"2025-06-18T12:30:52","modified_gmt":"2025-06-18T10:30:52","slug":"katarina-dubnickova-2__trashed","status":"publish","type":"product","link":"https:\/\/nadaciaadeli.sk\/de\/pribehy\/pomoc-potrebuju\/katarina-dubnickova-2__trashed\/","title":{"rendered":"Katar\u00edna Dubni\u010dkov\u00e1"},"content":{"rendered":"<p>Katka bola dlho le\u017eiaca, s minim\u00e1lnymi prejavmi vedomia.<\/p>\n<p>A\u017e do septembra 2020!<\/p>\n<p>V r\u00e1mci rehabilit\u00e1cie v ADELI sa Katka dostala aj do hyperbarickej komory. A t\u00e1 o\u010dividne \u201ena\u0161tartovala\u201c koloto\u010d nov\u00fdch reakci\u00ed: Po prvom t\u00fd\u017edni Katka dok\u00e1zala rovno podr\u017ea\u0165 hlavu a za\u010dala \u017eiv\u0161ie reagova\u0165. Tie\u017e sa dok\u00e1zalo, \u017ee lep\u0161ie po\u010duje a aj po\u010d\u00fava\ud83d\ude0a a dokonca na 1. adventn\u00fa nede\u013eu sa za\u010dala smia\u0165! Mama Magda i Katka boli z HBO terapie tak nad\u0161en\u00e9, \u017ee z rodn\u00e9ho Roho\u017en\u00edka sa rozhodli cestova\u0165 do ADELI hoci aj len na pobyty v \u201eponorke\u201c. Nie je to \u013eahk\u00e9, potrebuj\u00fa toti\u017e auto, prepravova\u0165 Katku je nam\u00e1hav\u00e9, treba zabezpe\u010di\u0165 opateru Adelky, chce to organiz\u00e1ciu, testovanie negativity na COVID-19 \u2013 ale id\u00fa na to!<\/p>\n<p><strong>Ak\u00e9 pokroky urobila Katka postupne v\u00a0ADELI?<\/strong><\/p>\n<p>Koncom janu\u00e1ra 2023 m\u00e1me dobr\u00e9 spr\u00e1vy. 4 roky po \u0165a\u017ekej hav\u00e1rii je Katka u\u017e sediacou pacientkou, bez kanyly a\u00a0s\u00a0\u00faplne zmenen\u00fdm vn\u00edman\u00edm sveta. Vr\u00e1til sa jej na tv\u00e1r \u00fasmev a\u00a0rukami dok\u00e1\u017ee obja\u0165 svoju mamu a\u00a0dc\u00e9rku Adelku. <em>\u201ePomali\u010dky to ide, Katka je na\u0161e slnie\u010dko\u201c, &#8211;<\/em> hovor\u00ed mama Magdal\u00e9nka, ktor\u00e1 je opatrovate\u013ekou aj mana\u017e\u00e9rkou rodiny par excellence! Netreba pripom\u00edna\u0165, \u017ee sa jedn\u00e1 o\u00a024 hodinov\u00fa slu\u017ebu, 7 dn\u00ed v\u00a0t\u00fd\u017edni.<\/p>\n<p>Katkin \u00faraz pre\u017e\u00edvalo cel\u00e9 Z\u00e1horie. Katka bola aj ako \u0161ikovn\u00e1 kadern\u00ed\u010dka, aj ako \u010dlovek, ve\u013emi ob\u013e\u00faben\u00e1. V\u00a0ka\u017edej dedine ju \u013eudia poznali, st\u00e1le na \u0148u spom\u00ednaj\u00fa a\u00a0dodnes dok\u00e1\u017ee Katkina rodina v\u010faka podpore a\u00a0solidarite priaznivcov umo\u017eni\u0165 Katke rehabilit\u00e1cie a\u00a0aj pobyty v\u00a0Hyperbarickej komore. Zvl\u00e1\u0161\u0165 na \u00fa\u010dinky Hyperbarickej komory ned\u00e1 Katkina mama dopusti\u0165.<em> \u201eKatkine pokroky s\u00fa Va\u0161e v\u00fdsledky\u201c \u2013 <\/em>opakuje s\u00a0rados\u0165ou po\u010das n\u00e1v\u0161tev Oddelenia hyperbarickej oxygenoterapie v\u00a0ADELI a\u00a0takisto na fyzioterapii Katkin\u00fdm terapeutom. Dr\u017e\u00edme palce Katke aj celej jej rodine. N\u00e1js\u0165 rodinn\u00e9 \u0161\u0165astie, ke\u010f v\u00a0centre pozornosti je imobiln\u00e1 mlad\u00e1 \u017eena, sestra, dc\u00e9ra a\u00a0mami\u010dka, je pre pr\u00edbuzn\u00fdch nam\u00e1hav\u00e9, ale nie nemo\u017en\u00e9! Kde v\u0161ak rodina \u010derp\u00e1 na to\u013ek\u00fa n\u00e1mahu silu? Sn\u00e1\u010f je odpove\u010f na ot\u00e1zku ukryt\u00e1 v obdivuhodnej energii a\u00a0\u00fasmeve Katkinej mamy Magdal\u00e9nky \ud83d\ude0a<\/p>\n<p>Pom\u00f4\u017ete im pros\u00edm, podpori\u0165 n\u00e1dej na zlep\u0161enie. O Katkin\u00fdch pokrokoch V\u00e1s budeme priebe\u017ene informova\u0165.<\/p>\n<p>Stiftung ADELI<\/p>","protected":false},"excerpt":{"rendered":"<h2><strong>V zime roku 2019 havarovala Katka \u010delnou zr\u00e1\u017ekou s kami\u00f3nom.<\/strong><\/h2>\n<p>S po\u010detn\u00fdmi zlomeninami upadla do k\u00f3my. Najhor\u0161ie predpovede lek\u00e1rov sa nenaplnili, Katka svoj boj o \u017eivot vybojovala a\u00a0e\u0161te rok str\u00e1vila v nemocnici s komplik\u00e1ciami. Medzit\u00fdm sa o\u00a0jej dc\u00e9ru Ad\u00e9lku starala jej mama, Magda. Odkedy je Katka doma z\u00a0nemocnice, star\u00e1 sa star\u00e1 mama Magda nielen o\u00a0dc\u00e9ru, vnu\u010dku, ale\u00a0aj o man\u017eela\u2026 ten toti\u017e ochorel tesne pred Katkinou nehodou. Magda, zdravotn\u00e1 sestra, sa p\u00f4vodne kv\u00f4li nemu vr\u00e1tila z\u00a0Rak\u00faska\u2026<\/p>","protected":false},"featured_media":147543,"template":"","meta":{"_acf_changed":false,"_seopress_robots_primary_cat":"none","_seopress_titles_title":"V roku 2019 havarovala \u010delnou zr\u00e1\u017ekou s kami\u00f3nom","_seopress_titles_desc":"S po\u010detn\u00fdmi zlomeninami upadla do k\u00f3my. Najhor\u0161ie predpovede lek\u00e1rov sa nenaplnili, Katka svoj boj o \u017eivot vybojovala a rok str\u00e1vila v nemocnici s komplik\u00e1ciami. 5 ro\u010dn\u00e1 dc\u00e9ra Ad\u00e9lka je odvtedy v starostlivosti Katkinej mamy Magdy. Nu\u017e a t\u00e1 sa u\u017e 11 mesiacov star\u00e1 aj o Katku. ","_seopress_robots_index":""},"product_brand":[],"product_cat":[108],"product_tag":[],"class_list":{"0":"post-147473","1":"product","2":"type-product","3":"status-publish","4":"has-post-thumbnail","6":"product_cat-pomoc-potrebuju","8":"first","9":"instock","10":"sold-individually","11":"shipping-taxable","12":"purchasable","13":"product-type-variable-subscription","14":"has-default-attributes"},"acf":[],"_links":{"self":[{"href":"https:\/\/nadaciaadeli.sk\/de\/wp-json\/wp\/v2\/product\/147473","targetHints":{"allow":["GET"]}}],"collection":[{"href":"https:\/\/nadaciaadeli.sk\/de\/wp-json\/wp\/v2\/product"}],"about":[{"href":"https:\/\/nadaciaadeli.sk\/de\/wp-json\/wp\/v2\/types\/product"}],"wp:featuredmedia":[{"embeddable":true,"href":"https:\/\/nadaciaadeli.sk\/de\/wp-json\/wp\/v2\/media\/147543"}],"wp:attachment":[{"href":"https:\/\/nadaciaadeli.sk\/de\/wp-json\/wp\/v2\/media?parent=147473"}],"wp:term":[{"taxonomy":"product_brand","embeddable":true,"href":"https:\/\/nadaciaadeli.sk\/de\/wp-json\/wp\/v2\/product_brand?post=147473"},{"taxonomy":"product_cat","embeddable":true,"href":"https:\/\/nadaciaadeli.sk\/de\/wp-json\/wp\/v2\/product_cat?post=147473"},{"taxonomy":"product_tag","embeddable":true,"href":"https:\/\/nadaciaadeli.sk\/de\/wp-json\/wp\/v2\/product_tag?post=147473"}],"curies":[{"name":"wp","href":"https:\/\/api.w.org\/{rel}","templated":true}]}}