{"id":148999,"date":"2025-05-14T09:56:37","date_gmt":"2025-05-14T07:56:37","guid":{"rendered":"https:\/\/nadaciaadeli.sk\/?post_type=product&#038;p=148999"},"modified":"2025-05-14T10:02:49","modified_gmt":"2025-05-14T08:02:49","slug":"janette-jakubikova","status":"publish","type":"product","link":"https:\/\/nadaciaadeli.sk\/de\/pribehy\/pomoc-potrebuju\/janette-jakubikova\/","title":{"rendered":"Janette Jakub\u00edkov\u00e1"},"content":{"rendered":"<p>Najsk\u00f4r bola detskou zdravotnou sestrou na Kram\u00e1roch, potom pre\u0161la do Zboru v\u00e4zenskej a justi\u010dnej str\u00e1\u017ee, kde\u00a0 skon\u010dila ako vrchn\u00e1 sestra.\u00a0 \u201eA potom pri\u0161iel covid,\u201c na\u010dne za\u010diatok \u0165a\u017ek\u00e9ho prelomu \u017dany.\u00a0 V\u017edy obetav\u00e1, ochotn\u00e1 pom\u00f4c\u0165, pre druh\u00e9ho by urobila \u010doko\u013evek. \u201eBola som akt\u00edvna, a\u017e dnes si uvedomujem, \u010do v\u0161etko som st\u00edhala. V\u00a0dospelosti som spravila aj vysok\u00fa \u0161kolu, chodila som predn\u00e1\u0161a\u0165, popritom do pr\u00e1ce, ale \u010das som si na\u0161la aj na tanec, turistiku, bola som vyslovene spolo\u010densk\u00fd typ a\u00a0zrazu sa v\u0161etko vytratilo. Bez pomoci druh\u00fdch sa nezaob\u00eddem, cez de\u0148 som zavret\u00e1 medzi \u0161tyrmi stenami, pekn\u00fd de\u0148 je vtedy, ke\u010f ma neprepad\u00e1vaj\u00fa \u0161ialen\u00e9 bolesti, ke\u010f ich je o\u00a0nie\u010do menej. Choroba ma nau\u010dila obrovskej trpezlivosti, v\u0161etko mi trv\u00e1 ve\u010dne. Som na seba hrd\u00e1, ke\u010f si uvar\u00edm k\u00e1vu a\u00a0relat\u00edvne v\u00a0k\u013eude ju vypijem. Len\u017ee hrn\u010dek mus\u00edm dr\u017ea\u0165 dvoma rukami, preto\u017ee hocikedy dostanem k\u0155\u010de a\u00a0nehoda je na svete. Asi tak.\u201c<\/p>\n<p>Najmlad\u0161\u00ed syn pri\u0161iel v\u00a0m\u00e1ji 2021 zo \u0161koly s\u00a0covidom, dostala ho aj ona. Len\u017ee zatia\u013e \u010do Timo sa po t\u00fd\u017edni zo v\u0161etk\u00e9ho vystr\u00e1bil, ona skon\u010dila v\u00a0nemocnici s\u00a0ve\u013ek\u00fdmi boles\u0165ami. \u201eBolelo ma v\u0161etko, aj korienky vlasov, bolo to neznesite\u013en\u00e9, nasadili mi morfium a\u00a0nevedeli \u010do so mnou.\u201c Mobilita sa zredukovala na minimum, \u017dany dostala nov\u00e9ho \u201epar\u0165\u00e1ka\u201c \u2013 invalidn\u00fd voz\u00edk. \u201eBola som \u00faplne nevl\u00e1dna, ke\u010f ma prepustili z\u00a0nemocnice, opatrovala ma svatka. Nedok\u00e1zala som ni\u010d. Ni\u010domu som nech\u00e1pala, stra\u0161ne sa chce\u0161 pohn\u00fa\u0165 a\u00a0nejde to. A\u00a0neuverite\u013ene to bol\u00ed. Psychicky som bola \u00faplne na dne. Jedin\u00e9, \u010do som potrebovala boli rehabilit\u00e1cie.\u00a0 Sedem t\u00fd\u017ed\u0148ov som bola v\u00a0Kov\u00e1\u010dovej a\u00a0potom, v\u010faka pr\u00edbuzn\u00fdm a\u00a0zn\u00e1mym som sa ocitla v\u00a0Adeli Medical Center. A\u00a0odvtedy net\u00fa\u017eim po ni\u010dom inom, len sa sem v\u017edy \u010do najsk\u00f4r vr\u00e1ti\u0165. Tu sa so mnou sna\u017eia robi\u0165 divy, tu som sama sebou, psychicky som nabuden\u00e1 tak, \u017ee m\u00f4\u017eem energiu rozd\u00e1va\u0165 naokolo. Cel\u00fd de\u0148 m\u00e1m terapie, v\u0161etci sme tam vy\u0161\u0165aven\u00ed a\u00a0unaven\u00ed,\u00a0 ale tak to m\u00e1 by\u0165. A\u00a0potom si ve\u010der posed\u00edme v\u00a0kaviarni, prejdeme sa na voz\u00ed\u010dkoch po okol\u00ed, v\u00a0Pie\u0161\u0165anoch vst\u00e1vam aj zasp\u00e1vam s\u00a0\u00fasmevom. A\u00a0nechce sa mi odtia\u013e od\u00eds\u0165.\u201c<\/p>\n<p>Dnes je z\u00a0nej ofici\u00e1lna invalidn\u00e1 d\u00f4chodky\u0148a, za posledn\u00e9 roky pri\u0161la o\u00a0v\u0161etko. \u201eZdravie, pr\u00e1cu, peniaze, e\u0161te aj nepr\u00edjemn\u00fd rozvod, ktor\u00fd ma \u0161okoval a\u00a0neskuto\u010dne psychicky vy\u010derpal. \u201eJa vlastne ani neviem ako sa mi podarilo z\u00a0toho dosta\u0165. To\u013eko polien mi poh\u00e1dzali pod nohy&#8230; Samozrejme, \u017ee st\u00e1le s\u00fa aj depres\u00edvne obdobia, momenty, ke\u010f sa pomaly nevl\u00e1dze\u0161 ani nad\u00fdchnu\u0165, prepad\u00e1\u0161 \u013e\u00fatosti, strachu a\u00a0bezmocnosti. Ale exman\u017eela som vytesnila nadobro, ubli\u017eovania u\u017e bolo dos\u0165. S\u00fastred\u00edm sa len na jedin\u00e9, na \u010do najlep\u0161ie zlep\u0161enie m\u00f4jho fyzick\u00e9ho stavu.<\/p>\n<p>\u017dany sa nevzd\u00e1va, chcela by aj ke\u010f s\u00a0pomocou, prejs\u0165 sa po milovan\u00fdch Tatr\u00e1ch, vysk\u00fa\u0161a\u0165 znova latinsko-americk\u00e9 tance, ktor\u00e9 zbo\u017e\u0148ovala. \u201eNeviem, \u010do bude, c\u00edtim, \u017ee sa mi \u010dastej\u0161ie hor\u0161ie preh\u013ata, spoma\u013euje sa sem-tam re\u010d&#8230; progn\u00f3zy nie s\u00fa dobr\u00e9, ale ja m\u00e1m p\u00e4\u0165desiat jeden, ja chcem a\u00a0potrebujem \u017ei\u0165. \u00a0Nie pre\u017e\u00edva\u0165. Z\u00a0le\u017eiacej pacientky som sa dostala do sedu a\u00a0dok\u00e1\u017eem aj p\u00e1r krokov urobi\u0165. Viem, \u017ee mus\u00edm \u00eds\u0165 aj cez boles\u0165. Ale \u017eivot sa to stoj\u00ed.\u201c<\/p>","protected":false},"excerpt":{"rendered":"<p>\u017divot sa s\u00a0\u0148ou nemaznal a\u00a0nemazn\u00e1. Tvrd\u00ed, \u017ee stratila v\u0161etko a\u00a0neza\u010d\u00edna od nuly, ale zo suter\u00e9nu. Sny a\u00a0t\u00fa\u017eby sa jej radik\u00e1lne zredukovali, preto\u017ee sa u\u017e na v\u0161etko pozer\u00e1 re\u00e1lnymi o\u010dami. Janette.<\/p>\n<p>Kr\u00e1tko pred p\u00e4\u0165desiatkou, ktor\u00fa osl\u00e1vila pred rokom dostala \u201edar\u010dek\u201c. Kone\u010dne jej stanovili diagn\u00f3zu, \u201e\u017eiadna sl\u00e1va. Naopak. Ke\u010f si googlim progn\u00f3zy, rad\u0161ej zavriem po\u010d\u00edta\u010d a\u00a0vsugeruv\u00e1vam si pozit\u00edvne myslenie,\u201c opatrne hovor\u00ed sympatick\u00e1 \u017dany, ktor\u00e1 netu\u0161ila, \u010do ju jedn\u00e9ho d\u0148a spoj\u00ed s\u00a0hudobnou divou Celine Dione.\u00a0 Obe trpia vz\u00e1cnou a\u00a0nelie\u010dite\u013enou neurologickou chorobou zn\u00e1mou ako Stiff-Person Syndrome (SPS).\u00a0 Zjednodu\u0161ene \u2013 syndr\u00f3m stuhnut\u00e9ho svalstva. SPS postihuje asi jedn\u00e9ho \u010dloveka z\u00a0mili\u00f3na, neexistuje na\u0148 liek, medik\u00e1ciou sa len zmier\u0148uj\u00fa jeho prejavy.<\/p>\n<p>Mama troch det\u00ed sa u\u010d\u00ed fungova\u0165 zo d\u0148a de\u0148. Kedy bola naposledy \u0161\u0165astn\u00e1? \u201eOslava mojej p\u00e4\u0165desiatky, lebo pri\u0161li deti s\u00a0rodinami, vn\u00fa\u010dat\u00e1. Najmlad\u0161\u00ed, 19 ro\u010dn\u00fd Timo, ktor\u00fd \u017eije so mnou, pripravil v\u00fdborn\u00fa hostinu a\u00a0bolo fajn. Aj ke\u010f viem, \u017ee takto som si to nepredstavovala. V\u017edy som bola akt\u00edvnou, te\u0161ila som sa, \u017ee s\u00a0vn\u00fa\u010datami budem chodi\u0165 na v\u00fdlety. Bol\u00ed to na du\u0161i, ale nesmiem sa tomu podda\u0165. Bojujem ka\u017ed\u00fd de\u0148 a\u00a0ver\u00edm&#8230;\u201c<\/p>","protected":false},"featured_media":149071,"template":"","meta":{"_acf_changed":false,"_seopress_robots_primary_cat":"none","_seopress_titles_title":"\u0164a\u017ek\u00fd osud ju zastavil v jednom bode","_seopress_titles_desc":"Diagn\u00f3za strieda diagn\u00f3zu. V\u00fdsledok je nejasn\u00fd","_seopress_robots_index":""},"product_brand":[],"product_cat":[108],"product_tag":[],"class_list":{"0":"post-148999","1":"product","2":"type-product","3":"status-publish","4":"has-post-thumbnail","6":"product_cat-pomoc-potrebuju","8":"first","9":"instock","10":"sold-individually","11":"shipping-taxable","12":"purchasable","13":"product-type-variable-subscription","14":"has-default-attributes"},"acf":[],"_links":{"self":[{"href":"https:\/\/nadaciaadeli.sk\/de\/wp-json\/wp\/v2\/product\/148999","targetHints":{"allow":["GET"]}}],"collection":[{"href":"https:\/\/nadaciaadeli.sk\/de\/wp-json\/wp\/v2\/product"}],"about":[{"href":"https:\/\/nadaciaadeli.sk\/de\/wp-json\/wp\/v2\/types\/product"}],"wp:featuredmedia":[{"embeddable":true,"href":"https:\/\/nadaciaadeli.sk\/de\/wp-json\/wp\/v2\/media\/149071"}],"wp:attachment":[{"href":"https:\/\/nadaciaadeli.sk\/de\/wp-json\/wp\/v2\/media?parent=148999"}],"wp:term":[{"taxonomy":"product_brand","embeddable":true,"href":"https:\/\/nadaciaadeli.sk\/de\/wp-json\/wp\/v2\/product_brand?post=148999"},{"taxonomy":"product_cat","embeddable":true,"href":"https:\/\/nadaciaadeli.sk\/de\/wp-json\/wp\/v2\/product_cat?post=148999"},{"taxonomy":"product_tag","embeddable":true,"href":"https:\/\/nadaciaadeli.sk\/de\/wp-json\/wp\/v2\/product_tag?post=148999"}],"curies":[{"name":"wp","href":"https:\/\/api.w.org\/{rel}","templated":true}]}}