{"id":149290,"date":"2025-05-14T10:19:08","date_gmt":"2025-05-14T08:19:08","guid":{"rendered":"https:\/\/nadaciaadeli.sk\/?post_type=product&#038;p=149290"},"modified":"2025-05-14T10:24:34","modified_gmt":"2025-05-14T08:24:34","slug":"stanislava-hudackova","status":"publish","type":"product","link":"https:\/\/nadaciaadeli.sk\/de\/pribehy\/pomoc-potrebuju\/stanislava-hudackova\/","title":{"rendered":"Stanislava Hud\u00e1\u010dkov\u00e1"},"content":{"rendered":"<p style=\"text-align: justify;\">Narodila sa s\u00a0r\u00f4znymi deformitami. Diagn\u00f3zu VACTER SYNDROM jej v\u0161ak lek\u00e1ri diagnostikovali a\u017e v\u00a03 rokoch. Podst\u00fapila r\u00f4zne rehabilit\u00e1cie s\u00a0cie\u013eom postavi\u0165 sa na nohy. Absolvovala oper\u00e1ciu nohy a\u00a0d\u00fafa, \u017ee sa do\u010dk\u00e1 aj oper\u00e1cie druhej dolnej kon\u010datiny. Do \u00favahy v\u0161ak pripad\u00e1 Brno, alebo Viede\u0148. Slovensk\u00ed lek\u00e1ri sa neodhodlali Rebeke pom\u00f4c\u0165.<\/p>\n<p style=\"text-align: justify;\">Doba, v\u00a0ktorej \u017eijeme mi neumo\u017e\u0148uje rehabilit\u00e1cie a\u00a0pobyty v\u00a0k\u00fape\u013eoch ako kedysi v\u00a0detstve. Som odk\u00e1zan\u00e1 na pomoc sponzorov a\u00a0darcov. \u017dijem sama v\u00a0jednoizbovom byte, v\u00a0podn\u00e1jme z\u00a0invalidn\u00e9ho d\u00f4chodku.<\/p>\n<p style=\"text-align: justify;\">Pobyt v\u00a0ADELI Medical Center je pre m\u0148a v\u00edtanou zmenou a\u00a0nab\u00edja ma energiu zdol\u00e1va\u0165 svoj osud. Intenz\u00edvny rehabilita\u010dn\u00fd program pozit\u00edvne vpl\u00fdva na m\u00f4j pohybov\u00fd apar\u00e1t aj na moju psychiku. ADELI mi v\u017edy prin\u00e1\u0161a nov\u00e9 z\u00e1\u017eitky, stretnutia s\u00a0\u013eu\u010fmi s\u00a0podobn\u00fdm hendikepom. Sn\u00edvam aj o\u00a0tom, \u017ee raz budem chodi\u0165&#8230;<\/p>\n<p style=\"text-align: justify;\"><strong>BEZ VA\u0160EJ POMOCI A\u00a0INTENZ\u00cdVNEJ NEUROREHABILIT\u00c1CIE, TO V\u0160AK NIE JE MO\u017dN\u00c9. A\u00a0TAK PROS\u00cdM O\u00a0FINANA\u010cN\u00da PODPORU NA POKRA\u010cOVANIE REHABILIT\u00c1CIE V\u00a0ADELI. \u010eAKUJEM, \u017dE MA PODPORUJETE V\u00a0MOJOM SNE.<\/strong><\/p>\n<p><strong>Ako sa c\u00edtim, ako to pre\u017e\u00edvam?<\/strong><\/p>\n<p><strong>Toto je \u00faryvok z\u00a0mojej b\u00e1sne \u201eKR\u00cd\u017d\u201c<\/strong><\/p>\n<p><em>Dnes som v\u00a0izbe sama.<\/em><\/p>\n<p><em>H\u013ead\u00edm z\u00a0okna.<\/em><\/p>\n<p><em>U\u017e je pre\u010d ten \u010das, ke\u010f ako die\u0165a som sa \u0161\u0165astne hrala.<\/em><\/p>\n<p><em>\u010co by som dnes za to dala, keby som mohla by\u0165 zasa mal\u00e1.<\/em><\/p>\n<p><em>Som in\u00e1, ako t\u00ed druh\u00ed, u\u017e som si zvykla na z\u00e1hadn\u00e9 poh\u013eady \u013eud\u00ed.<\/em><\/p>\n<p>&nbsp;<\/p>\n<p>&nbsp;<\/p>\n<p>&nbsp;<\/p>\n<p style=\"text-align: justify;\">","protected":false},"excerpt":{"rendered":"<p style=\"text-align: justify;\"><strong>Do vienka som dostala meno slovansk\u00e9ho p\u00f4vodu Stanislava. \u017deny s\u00a0t\u00fdmto menom s\u00fa vraj jemn\u00e9 a\u00a0stato\u010dn\u00e9. Vedia sa preb\u00edja\u0165 \u017eivotom.<\/strong><\/p>\n<p style=\"text-align: justify;\">Mysl\u00edm, \u017ee tento popis m\u00f4jho mena so mnou rezonuje. T\u00fa stato\u010dnos\u0165 potrebujem ako so\u013e. Drieme vo mne poetka. No \u017eivot si odo m\u0148a \u017eiada silu a\u00a0odhodlanie. Pripravil mi sk\u00fa\u0161ky vypl\u00fdvaj\u00face z\u00a0m\u00f4jho zdravotn\u00e9ho postihnutia. Sna\u017e\u00edm sa ich zdol\u00e1va\u0165 ako viem. S\u00a0pokojom a\u00a0trpezlivos\u0165ou.<\/p>\n<p style=\"text-align: justify;\">Narodila som sa v Starej \u013dubovni ako prv\u00e9 die\u0165a zo siedmych s\u00farodencov. Moja diagn\u00f3za je detsk\u00e1 mozgov\u00e1 obrna a tak nem\u00f4\u017eem chodi\u0165 a som odk\u00e1zan\u00e1 na pomoc. Ako die\u0165a som \u017eila u babky v dedine \u013dubica, \u010do bolo kr\u00e1sne. \u017dila som v objat\u00ed n\u00e1dhernej pr\u00edrody, ktor\u00e1 mi pozit\u00edvne ovplyvnila moju du\u0161u. Tr\u00e1pilo ma v\u0161ak, \u017ee som nemohla beha\u0165 so svojimi kamar\u00e1tmi, bicyklova\u0165 a slobodne sa h\u00fdba\u0165. Nebolo to mo\u017en\u00e9 kv\u00f4li zdravotn\u00e9mu stavu a nie je to mo\u017en\u00e9 ani dnes. No sn\u00edva\u0165 som neprestala, svoju n\u00e1dej denne \u017eiv\u00edm.<\/p>","protected":false},"featured_media":149361,"template":"","meta":{"_acf_changed":false,"_seopress_robots_primary_cat":"none","_seopress_titles_title":"U\u017e som si zvykla na z\u00e1hadn\u00e9 poh\u013eady \u013eud\u00ed...","_seopress_titles_desc":"Moja diagn\u00f3za je detsk\u00e1 mozgov\u00e1 obrna ","_seopress_robots_index":""},"product_brand":[],"product_cat":[108],"product_tag":[],"class_list":{"0":"post-149290","1":"product","2":"type-product","3":"status-publish","4":"has-post-thumbnail","6":"product_cat-pomoc-potrebuju","8":"first","9":"instock","10":"sold-individually","11":"shipping-taxable","12":"purchasable","13":"product-type-variable-subscription"},"acf":[],"_links":{"self":[{"href":"https:\/\/nadaciaadeli.sk\/de\/wp-json\/wp\/v2\/product\/149290","targetHints":{"allow":["GET"]}}],"collection":[{"href":"https:\/\/nadaciaadeli.sk\/de\/wp-json\/wp\/v2\/product"}],"about":[{"href":"https:\/\/nadaciaadeli.sk\/de\/wp-json\/wp\/v2\/types\/product"}],"wp:featuredmedia":[{"embeddable":true,"href":"https:\/\/nadaciaadeli.sk\/de\/wp-json\/wp\/v2\/media\/149361"}],"wp:attachment":[{"href":"https:\/\/nadaciaadeli.sk\/de\/wp-json\/wp\/v2\/media?parent=149290"}],"wp:term":[{"taxonomy":"product_brand","embeddable":true,"href":"https:\/\/nadaciaadeli.sk\/de\/wp-json\/wp\/v2\/product_brand?post=149290"},{"taxonomy":"product_cat","embeddable":true,"href":"https:\/\/nadaciaadeli.sk\/de\/wp-json\/wp\/v2\/product_cat?post=149290"},{"taxonomy":"product_tag","embeddable":true,"href":"https:\/\/nadaciaadeli.sk\/de\/wp-json\/wp\/v2\/product_tag?post=149290"}],"curies":[{"name":"wp","href":"https:\/\/api.w.org\/{rel}","templated":true}]}}