{"id":149299,"date":"2025-05-14T10:19:51","date_gmt":"2025-05-14T08:19:51","guid":{"rendered":"https:\/\/nadaciaadeli.sk\/?post_type=product&#038;p=149299"},"modified":"2025-05-14T10:25:51","modified_gmt":"2025-05-14T08:25:51","slug":"zuzana-fritzova","status":"publish","type":"product","link":"https:\/\/nadaciaadeli.sk\/de\/pribehy\/pomoc-potrebuju\/zuzana-fritzova\/","title":{"rendered":"Zuzana Fritzov\u00e1"},"content":{"rendered":"<p style=\"text-align: justify;\">Zuzka svoj boj o\u00a0zdravie nevzd\u00e1va. Za podpory svojej maminky, sestry Zlatky, ktor\u00e1 je tie\u017e zdravotn\u00e1 sestra na neurol\u00f3gii a\u00a0partnera usilovne cvi\u010d\u00ed svoje telo aj re\u010d. T\u00fa\u017ei sa vr\u00e1ti\u0165 do svojho predch\u00e1dzaj\u00faceho \u017eivota. Zdrav\u00e9ho \u017eivota.<\/p>\n<p style=\"text-align: justify;\">Zuzka dnes dok\u00e1\u017ee s\u00a0obmedzeniami chodi\u0165, re\u010d sa trochu lep\u0161ila. Napreduje v\u010faka intenz\u00edvnej neurorehabilit\u00e1cia v\u00a0ADELI Medical Centre. Lek\u00e1ri odpor\u00fa\u010daj\u00fa tieto pobyty pravidelne opakova\u0165.<\/p>\n<p style=\"text-align: justify;\"><strong>S\u00a0VR\u00daCNOU PROSBOU SA OBRACIAME NA DOBR\u00ddCH \u013dUD\u00cd S\u00a0PROSBOU O\u00a0FINANA\u010cN\u00da POMOC NA POKRYTIE N\u00c1KLADOV NA LIE\u010cBU PRE MLAD\u00da ZDRAVOTN\u00da SESTRI\u010cKU ZUZKU.<\/strong><\/p>\n<p>&nbsp;<\/p>\n<p>&nbsp;<\/p>\n<p>&nbsp;<\/p>\n<p style=\"text-align: justify;\">","protected":false},"excerpt":{"rendered":"<p style=\"text-align: justify;\"><strong>Zuzka si pre \u017eivot zvolila poslanie pom\u00e1ha\u0165 in\u00fdm. Bola zdravotn\u00e1 sestra na neurol\u00f3gii. Zdrav\u00e1, kr\u00e1sna \u017eena, ktor\u00e1 v\u010faka svojej veselej a\u00a0priate\u013eskej povahe pritiahla do svojho \u017eivota kopec priate\u013eov. Rada \u0161of\u00e9rovala a\u00a0cestovala. \u00a0<\/strong><\/p>\n<p style=\"text-align: justify;\"><strong>Osud jej v\u0161ak priamo na jej meniny v\u00a0auguste 2019 tvrdo zamie\u0161al kartami.<\/strong> Cievnu mozgov\u00fa pr\u00edhodu dostala priamo v\u00a0nemocnici. N\u00e1sledky boli v\u00e1\u017ene. Bolo postihnut\u00e9 centrum re\u010di, Zuzka opakovala dokola dve slov\u00e1. Navy\u0161e znehybnenie horn\u00fdch aj doln\u00fdch kon\u010dat\u00edn uv\u00e4znili Zuzku v\u00a0jej mladom tele. Druh\u00fdm domovom sa pre Zuzku na dlh\u00fa dobu stali nemocnice a\u00a0rehabilita\u010dn\u00e9 zariadenia.<\/p>","protected":false},"featured_media":149368,"template":"","meta":{"_acf_changed":false,"_seopress_robots_primary_cat":"none","_seopress_titles_title":"Zuzka si pre \u017eivot zvolila poslanie pom\u00e1ha\u0165 in\u00fdm","_seopress_titles_desc":"Cievnu mozgov\u00fa pr\u00edhodu dostala priamo v nemocnici","_seopress_robots_index":""},"product_brand":[],"product_cat":[108],"product_tag":[],"class_list":{"0":"post-149299","1":"product","2":"type-product","3":"status-publish","4":"has-post-thumbnail","6":"product_cat-pomoc-potrebuju","8":"first","9":"instock","10":"sold-individually","11":"shipping-taxable","12":"purchasable","13":"product-type-variable-subscription"},"acf":[],"_links":{"self":[{"href":"https:\/\/nadaciaadeli.sk\/de\/wp-json\/wp\/v2\/product\/149299","targetHints":{"allow":["GET"]}}],"collection":[{"href":"https:\/\/nadaciaadeli.sk\/de\/wp-json\/wp\/v2\/product"}],"about":[{"href":"https:\/\/nadaciaadeli.sk\/de\/wp-json\/wp\/v2\/types\/product"}],"wp:featuredmedia":[{"embeddable":true,"href":"https:\/\/nadaciaadeli.sk\/de\/wp-json\/wp\/v2\/media\/149368"}],"wp:attachment":[{"href":"https:\/\/nadaciaadeli.sk\/de\/wp-json\/wp\/v2\/media?parent=149299"}],"wp:term":[{"taxonomy":"product_brand","embeddable":true,"href":"https:\/\/nadaciaadeli.sk\/de\/wp-json\/wp\/v2\/product_brand?post=149299"},{"taxonomy":"product_cat","embeddable":true,"href":"https:\/\/nadaciaadeli.sk\/de\/wp-json\/wp\/v2\/product_cat?post=149299"},{"taxonomy":"product_tag","embeddable":true,"href":"https:\/\/nadaciaadeli.sk\/de\/wp-json\/wp\/v2\/product_tag?post=149299"}],"curies":[{"name":"wp","href":"https:\/\/api.w.org\/{rel}","templated":true}]}}