{"id":149321,"date":"2025-05-14T10:21:20","date_gmt":"2025-05-14T08:21:20","guid":{"rendered":"https:\/\/nadaciaadeli.sk\/?post_type=product&#038;p=149321"},"modified":"2025-05-14T10:27:40","modified_gmt":"2025-05-14T08:27:40","slug":"jan-mocar","status":"publish","type":"product","link":"https:\/\/nadaciaadeli.sk\/de\/pribehy\/pomoc-potrebuju\/jan-mocar\/","title":{"rendered":"J\u00e1n Mo\u010d\u00e1r"},"content":{"rendered":"<p style=\"text-align: justify;\">Nu\u017e do roka sa uk\u00e1zalo, \u017ee ako ro\u010dn\u00fd ni\u010d nevie, nedok\u00e1zal sa ani s\u00e1m oto\u010di\u0165. Neurologi\u010dka pritom nariadila v\u00a0Krupine fyzioterapiu u\u017e vo veku 3 mesiacov, ale bohu\u017eia\u013e, necvi\u010dilo sa spr\u00e1vne, a\u00a0tak v\u00fdsledky tie\u017e neboli \u017eiadne a\u00a0hoci absolvovali ka\u017ed\u00e9 3 mesiace kontroly u\u00a0neurologi\u010dky, Janko stagnoval a\u00a0len le\u017eal.<\/p>\n<p style=\"text-align: justify;\">Potom, a\u017e ke\u010f mal Janko viac ako 2 roky \u00a0sa dostali do Mar\u00edny do Kov\u00e1\u010dovej \u2013 vtedy \u0160pecializovan\u00fd detsk\u00fd \u00fastav, kde prim\u00e1rka Dr. M\u00e1ria Blechov\u00e1 zd\u00fapnela a zasko\u010dila rodi\u010dov ot\u00e1zkou, kde boli do teraz? \u00a0Zobrala ho, u\u017e dos\u0165 ve\u013ek\u00e9ho,\u00a0 do par\u00e1dy \u201eVojtovou met\u00f3dou\u201c. Zareagoval \u00fa\u017easne. Za\u010dal chodi\u0165, ke\u010f mal 2,5 roka. Boli to v\u0161ak oce\u00e1ny s\u013az, \u010do vyplakal on aj rodi\u010dia. B\u00fdvali v bytovke na pr\u00edzem\u00ed a susedia si isto mysleli, \u017ee ho doma re\u017e\u00fa \u2013 spom\u00edna dnes s \u00fasmevom Jankova mama. Rodi\u010dia plakali, Janko plakal, ale h\u00fdbal sa dopredu. Na rozvoj re\u010di mu kr\u00e1sne zaberal cerebrolit\u00edn. A chodil do Kov\u00e1\u010dovej \u2013 ka\u017ed\u00fd rok na 3 mesiace, najprv ako \u0161k\u00f4lkar a potom ako \u0161kol\u00e1k. Doma i tam mal st\u00e1le denne tvrd\u00fd cvi\u010diaci re\u017eim. Mamina, sama vychov\u00e1vate\u013eka v dru\u017eine a dc\u00e9ra u\u010dite\u013eov, nedala Jankovi vyd\u00fdchnu\u0165, otec rovnako.<\/p>\n<p style=\"text-align: justify;\">Doteraz s\u00fa v\u010fa\u010dn\u00ed u\u017e nebohej prim\u00e1rke z\u00a0Kov\u00e1\u010dovej, Dr. M\u00e1rii Blechovej, \u017ee ich spr\u00e1vne nasmerovala.<\/p>\n<p style=\"text-align: justify;\">\u010co by pani Mo\u010d\u00e1rov\u00e1 odporu\u010dila in\u00fdm mam\u00e1m? Len cvi\u010di\u0165 a\u00a0cvi\u010di\u0165 aj napriek tomu, \u017ee deti pla\u010d\u00fa.<\/p>\n<p style=\"text-align: justify;\">\u201ePlakali sme s\u00a0Jankom, ale chceli sme mu pom\u00f4c\u0165 a\u00a0robili sme to, aby za\u010dal tie pohyby robi\u0165 reflexne, automaticky. Jeho svaly boli \u00faplne in\u00e9 ako u\u00a0zdrav\u00e9ho \u010dloveka, bola to pre v\u0161etk\u00fdch a\u00a0aj dodnes je, ve\u013ek\u00e1 n\u00e1maha. Od Boha mal \u0161\u0165astie, \u017ee sa dostal ka\u017ed\u00fd rok na 3 mesiace na rehabilit\u00e1ciu. A\u00a0teraz pokra\u010duje v\u00a0ADELI, moment\u00e1lne si pred\u013a\u017eil pobyt e\u0161te o\u00a0tret\u00ed t\u00fd\u017ede\u0148\u201c.<\/p>\n<p style=\"text-align: justify;\">Jedin\u00fdm prian\u00edm rodiny i\u00a0Janka je, aby si na\u0161iel trval\u00fa pr\u00e1cu. Zatia\u013e v\u00a0lete na k\u00fapalisku pred\u00e1va vstupenky. A\u00a0to inteligentn\u00e9mu chalanovi samozrejme nesta\u010d\u00ed&#8230; Kto vie, mo\u017eno sa vyberie na vandrovku do sveta. Alebo do politiky?<\/p>\n<p>&nbsp;<\/p>\n<p>&nbsp;<\/p>\n<p>&nbsp;<\/p>\n<p>&nbsp;<\/p>\n<p style=\"text-align: justify;\">","protected":false},"excerpt":{"rendered":"<p style=\"text-align: justify;\">Pred\u010dasniatko Janko je pr\u00e1ve v\u00a0ADELI. Pri bare si pop\u00edja k\u00e1vi\u010dku a\u00a0sympaticky konverzuje s\u00a0hos\u0165ami aj person\u00e1lom. Veru tak, v\u00a0ADELI je \u00faplne samostatne u\u017e \u0161tvrt\u00fd kr\u00e1t. \u00c1no, m\u00e1 37 rokov a\u00a0n\u00e1sledky detskej mozgovej obrny s\u00fa bada\u0165 nanajv\u00fd\u0161 tro\u0161ku pri ch\u00f4dzi. M\u00e1 vy\u0161tudovan\u00fa vysok\u00fa \u0161kolu a\u00a0v\u00a0predpisoch pre Z\u0164P sa vyzn\u00e1 lep\u0161ie ako tety \u00faradn\u00ed\u010dky\ud83d\ude0a<\/p>\n<p style=\"text-align: justify;\">Za\u010diatky jeho \u017eivota v\u0161ak boli ve\u013emi dramatick\u00e9. Mamina trpela vysok\u00fdm tlakom, cel\u00e9 tehotenstvo prele\u017eala v nemocnici vo Zvolene na rizikovom tehotenstve. Janko sa musel narodi\u0165 cis\u00e1rskym rezom v 35. t\u00fd\u017edni tehotenstva. Hoci brala lieky na podporu v\u00fdvoja jeho p\u013e\u00fac, mimo maminho bru\u0161ka nevl\u00e1dal d\u00fdcha\u0165, zmodrel a ned\u00e1vali mu \u0161ancu. A\u017e nesk\u00f4r sa mama dozvedela, brala ho sanitka do BB, v inkub\u00e1tore bol 3 t\u00fd\u017edne. B\u00e1li sa o jeho \u017eivot, a ke\u010f boj vybojoval, aj tak nikto nevedel poveda\u0165, nako\u013eko jeho mozog utrpel nedostatkom kysl\u00edka. Lek\u00e1ri len k\u00e1zali rok \u010daka\u0165.<\/p>","protected":false},"featured_media":149394,"template":"","meta":{"_acf_changed":false,"_seopress_robots_primary_cat":"none","_seopress_titles_title":"Za\u010diatky jeho \u017eivota boli ve\u013emi dramatick\u00e9","_seopress_titles_desc":"Nikto nevedel poveda\u0165, nako\u013eko jeho mozog utrpel","_seopress_robots_index":""},"product_brand":[],"product_cat":[108],"product_tag":[],"class_list":{"0":"post-149321","1":"product","2":"type-product","3":"status-publish","4":"has-post-thumbnail","6":"product_cat-pomoc-potrebuju","8":"first","9":"instock","10":"sold-individually","11":"shipping-taxable","12":"purchasable","13":"product-type-variable-subscription"},"acf":[],"_links":{"self":[{"href":"https:\/\/nadaciaadeli.sk\/de\/wp-json\/wp\/v2\/product\/149321","targetHints":{"allow":["GET"]}}],"collection":[{"href":"https:\/\/nadaciaadeli.sk\/de\/wp-json\/wp\/v2\/product"}],"about":[{"href":"https:\/\/nadaciaadeli.sk\/de\/wp-json\/wp\/v2\/types\/product"}],"wp:featuredmedia":[{"embeddable":true,"href":"https:\/\/nadaciaadeli.sk\/de\/wp-json\/wp\/v2\/media\/149394"}],"wp:attachment":[{"href":"https:\/\/nadaciaadeli.sk\/de\/wp-json\/wp\/v2\/media?parent=149321"}],"wp:term":[{"taxonomy":"product_brand","embeddable":true,"href":"https:\/\/nadaciaadeli.sk\/de\/wp-json\/wp\/v2\/product_brand?post=149321"},{"taxonomy":"product_cat","embeddable":true,"href":"https:\/\/nadaciaadeli.sk\/de\/wp-json\/wp\/v2\/product_cat?post=149321"},{"taxonomy":"product_tag","embeddable":true,"href":"https:\/\/nadaciaadeli.sk\/de\/wp-json\/wp\/v2\/product_tag?post=149321"}],"curies":[{"name":"wp","href":"https:\/\/api.w.org\/{rel}","templated":true}]}}