{"id":149367,"date":"2025-05-14T10:23:37","date_gmt":"2025-05-14T08:23:37","guid":{"rendered":"https:\/\/nadaciaadeli.sk\/?post_type=product&#038;p=149367"},"modified":"2025-05-14T10:32:29","modified_gmt":"2025-05-14T08:32:29","slug":"jana-mostkova","status":"publish","type":"product","link":"https:\/\/nadaciaadeli.sk\/de\/pribehy\/pomoc-potrebuju\/jana-mostkova\/","title":{"rendered":"Jana Mo\u0161\u0165kov\u00e1"},"content":{"rendered":"<p><strong>PODST\u00daPILA SOM OVE\u013dA \u0164A\u017d\u0160IU SK\u00da\u0160KU DOSPELOSTI AKO MATURITA.<\/strong><\/p>\n<p>Mala som 18. \u010cakala ma maturita, sk\u00fa\u0161ka dospelosti. \u017divot bol farebn\u00fd a\u00a0bezprostredn\u00fd. \u017dila som akt\u00edvny \u017eivot. Z\u00e1vodne som pl\u00e1vala a\u00a0tancovala vo folkl\u00f3rnom s\u00fabore, organizovala r\u00f4zne akcie. Z\u00a0m\u00f4jho dne\u0161n\u00e9ho uhla poh\u013eadu &#8211; rie\u0161ila kopu malichernost\u00ed, ako kto si \u010do mysl\u00ed, ako vyzer\u00e1 a\u00a0podobne, tak ako v\u00e4\u010d\u0161ina rovesn\u00edkov. Zauj\u00edmala ma najm\u00e4 \u0161kola a\u00a0\u0161portov\u00e9 v\u00fdsledky. Mala som kopu pl\u00e1nov, vr\u00e1tane \u0161t\u00fadia na vysokej \u0161kole. Potom pri\u0161lo be\u017en\u00e9 prechladnutie, infekcia horn\u00fdch d\u00fdchac\u00edch ciest. Nepomyslela som, ani len na moment, \u017ee by mi nie\u010do tak\u00e9 zmenilo \u017eivot. Pred maturitou som nechcela vyme\u0161ka\u0165 ani hodinu a\u00a0pokra\u010dovala som napriek ka\u0161\u013eu vo v\u0161etk\u00fdch svojich aktivit\u00e1ch. Nesk\u00f4r mi za\u010dali brnie\u0165 nohy a\u00a0to \u010do pri\u0161lo potom, bol p\u00e1d na sam\u00e9 dno.<\/p>\n<p>\u00daplne in\u00e1 sk\u00fa\u0161ka dospelosti ak\u00fa som \u010dakala. Ako zo zl\u00e9ho sna. Ocitla som sa \u00faplne ochrnut\u00e1 na ARE v nemocnici. Viete si predstavi\u0165, \u017ee le\u017e\u00edte a\u00a0nedok\u00e1\u017eete pohn\u00fa\u0165 ni\u010d\u00edm, ani jazykom. Cel\u00e9 telo nehybn\u00e9, o\u010di zatvoren\u00e9. V\u00a0hlave v\u00edr my\u0161lienok. \u010co som urobila zle? \u010co sa deje a\u00a0\u010do bude? Z\u00a0o\u010d\u00ed mi tiekli slzy a\u00a0dotyky o\u0161etruj\u00faceho person\u00e1lu, \u010di bl\u00edzkych m\u00e1 p\u00e1lili ako \u017eerav\u00e9 \u017eelezo. Zmietala som sa v\u00a0hor\u00fa\u010dkach a\u00a0netu\u0161ila, \u010do ma \u010dak\u00e1.<\/p>\n<p>Sk\u00fa\u0161ke vn\u00fatornej sily a\u00a0ochoty bojova\u0165 o\u00a0\u017eivot ma vystavil \u00a0Guillianov-Barre syndr\u00f3m. Ide sa o\u00a0z\u00e1palov\u00e9 postihnutie perif\u00e9rnych nervov, kedy imunitn\u00fd syst\u00e9m nap\u00e1da perif\u00e9rny nervov\u00fd syst\u00e9m, v\u00e4\u010d\u0161inou po prekonan\u00ed hna\u010dky, \u010di infekcie d\u00fdchac\u00edch ciest. M\u00f4\u017ee n\u00edm ochorie\u0165 ka\u017ed\u00fd.<\/p>\n<p><strong>VZ\u0164AHY, KTOR\u00c9 MA PODR\u017dALI.<\/strong><\/p>\n<p>Ve\u013emi mi pomohla rodina, mama, otec, star\u0161\u00ed brat Mirko. Oporou mi boli lek\u00e1ri na ARE v\u00a0Uherskom Hradi\u0161ti. Okrem zdravotnej starostlivosti, mi v\u0161etko trpezlivo vysvet\u013eovali a\u00a0ukazovali svetlo na konci tunela.<\/p>\n<p><strong>AK\u00c1 SOM Z\u00a0TOHO VY\u0160LA A\u00a0\u010cO BY SOM PORADILA ROVESN\u00cdKOM<\/strong><\/p>\n<p>Moje telo e\u0161te st\u00e1le nie je tam, kde by som ho potrebovala ma\u0165. Cvi\u010d\u00edm denne, rehabilitujem a\u00a0m\u00f4j cie\u013e je jedin\u00fd &#8211; dosiahnu\u0165 \u00fapln\u00fa samostatnos\u0165, postavi\u0165 sa na nohy. S\u00edce u\u017e dokonca \u0161of\u00e9rujem, ale bez invalidn\u00e9ho voz\u00edka sa nezaob\u00eddem. To \u010do som pre\u017eila, bolo nesmierne n\u00e1ro\u010dn\u00e9, ale vy\u0161la som z\u00a0toho zrel\u00e1 a\u00a0s\u00a0nov\u00fdm poh\u013eadom na \u017eivot. Dnes by som nebrala na \u013eahk\u00fa v\u00e1hu chr\u00edpku ani du\u0161evn\u00e9 pre\u0165a\u017eenie. N\u00e1\u0161 organizmus je krehk\u00fd a\u00a0z\u00e1\u0165a\u017e, ktor\u00fa si naklad\u00e1me n\u00e1s m\u00f4\u017ee v\u00a0ne\u010dakanej chv\u00edli zlomi\u0165.<\/p>\n<p>U\u017e viem, \u017ee to na \u010dom najviac z\u00e1le\u017e\u00ed je zdravie. V\u0161etci to vieme, no zab\u00fadame na to. Dnes si d\u00e1vam re\u00e1lne ciele a\u00a0v\u010faka trpezlivosti vid\u00edm pokroky. Tie mi d\u00e1vaj\u00fa odhodlanie pokra\u010dova\u0165.<\/p>\n<p><strong>PO \u010cOM NAJVIAC T\u00da\u017dIM?<\/strong><\/p>\n<p>Moje t\u00fa\u017eby sa za posledn\u00e9 2 roky zmenili. To \u010do chcem najviac je zdravie, postavi\u0165 sa na nohy a\u00a0by\u0165 \u00faplne nez\u00e1visl\u00e1 od pomoci in\u00fdch. To \u010do mi pom\u00f4\u017ee je cvi\u010denie. Cvi\u010d\u00edm \u201efurt\u201c to je jedin\u00e1 cesta. Neurorehabilit\u00e1cie v\u00a0ADELI Medica Center ma pos\u00favaj\u00fa za mojim cie\u013eom najr\u00fdchlej\u0161ie.<\/p>\n<p>Budem v\u010fa\u010dn\u00e1 za ka\u017ed\u00e9 euro pomoci na ceste za mojim snom.<\/p>","protected":false},"excerpt":{"rendered":"<p><strong>\u010co v\u00e1s napadne ke\u010f uvid\u00edte mlad\u00e9ho \u010dloveka na invalidnom voz\u00edku? Ch\u00fa\u010fa, mrz\u00e1k, \u0165a\u017ek\u00fd osud?<\/strong><\/p>\n<p>Alebo ste nastaven\u00fd sk\u00f4r ako Dr. Goodwin v\u00a0zn\u00e1mom seri\u00e1ly Nemocnica New Amsterdam a\u00a0zapne sa v\u00e1m maj\u00e1k \u201eHow can I\u00a0help?\u201c Nikdy toti\u017e nevieme ako sa bude p\u00edsa\u0165 \u010fal\u0161\u00ed diel seri\u00e1lu n\u00e1\u0161ho vlastn\u00e9ho \u017eivota. O\u00a0zdravie sa d\u00e1 toti\u017e pr\u00eds\u0165 z\u00a0min\u00faty na min\u00fatu. Podp\u00edsa\u0165 sa pod to m\u00f4\u017ee oby\u010dajn\u00fd nepov\u0161imnut\u00fd infekt. Vtedy je pomoc in\u00fdch, jedin\u00e1 mo\u017en\u00e1 cesta, ako pokra\u010dova\u0165.<\/p>\n<p><strong>Ak\u00fd je pr\u00edbeh Janky, b\u00fdvalej plavkyne, folkl\u00f3rnej tane\u010dnice?<\/strong><\/p>","protected":false},"featured_media":149463,"template":"","meta":{"_acf_changed":false,"_seopress_robots_primary_cat":"none","_seopress_titles_title":"Z Jankin\u00fdch o\u010d\u00ed vy\u017earuje neuverite\u013en\u00fd pokoj a sila osobnosti","_seopress_titles_desc":"Pred rokom a pol pri\u0161iel de\u0148, ktor\u00fd jej zmenil \u017eivot","_seopress_robots_index":""},"product_brand":[],"product_cat":[108],"product_tag":[],"class_list":{"0":"post-149367","1":"product","2":"type-product","3":"status-publish","4":"has-post-thumbnail","6":"product_cat-pomoc-potrebuju","8":"first","9":"instock","10":"sold-individually","11":"shipping-taxable","12":"purchasable","13":"product-type-variable-subscription","14":"has-default-attributes"},"acf":[],"_links":{"self":[{"href":"https:\/\/nadaciaadeli.sk\/de\/wp-json\/wp\/v2\/product\/149367","targetHints":{"allow":["GET"]}}],"collection":[{"href":"https:\/\/nadaciaadeli.sk\/de\/wp-json\/wp\/v2\/product"}],"about":[{"href":"https:\/\/nadaciaadeli.sk\/de\/wp-json\/wp\/v2\/types\/product"}],"wp:featuredmedia":[{"embeddable":true,"href":"https:\/\/nadaciaadeli.sk\/de\/wp-json\/wp\/v2\/media\/149463"}],"wp:attachment":[{"href":"https:\/\/nadaciaadeli.sk\/de\/wp-json\/wp\/v2\/media?parent=149367"}],"wp:term":[{"taxonomy":"product_brand","embeddable":true,"href":"https:\/\/nadaciaadeli.sk\/de\/wp-json\/wp\/v2\/product_brand?post=149367"},{"taxonomy":"product_cat","embeddable":true,"href":"https:\/\/nadaciaadeli.sk\/de\/wp-json\/wp\/v2\/product_cat?post=149367"},{"taxonomy":"product_tag","embeddable":true,"href":"https:\/\/nadaciaadeli.sk\/de\/wp-json\/wp\/v2\/product_tag?post=149367"}],"curies":[{"name":"wp","href":"https:\/\/api.w.org\/{rel}","templated":true}]}}