{"id":149417,"date":"2025-05-14T10:27:42","date_gmt":"2025-05-14T08:27:42","guid":{"rendered":"https:\/\/nadaciaadeli.sk\/?post_type=product&#038;p=149417"},"modified":"2025-05-14T10:34:45","modified_gmt":"2025-05-14T08:34:45","slug":"izabela-dopirakova","status":"publish","type":"product","link":"https:\/\/nadaciaadeli.sk\/de\/pribehy\/pomoc-potrebuju\/izabela-dopirakova\/","title":{"rendered":"Izabela Dopir\u00e1kov\u00e1"},"content":{"rendered":"<p style=\"text-align: justify;\">Po sto d\u0148och v Pre\u0161ovskej nemocnici som kone\u010dne pri\u0161la domov do Bardejova. Poviem v\u00e1m, je to skuto\u010dne kr\u00e1sne mesto. A to n\u00e1mestie&#8230; najrad\u0161ej by som ho cel\u00e9 pre\u0161la. To sa v\u0161ak ned\u00e1.<\/p>\n<p style=\"text-align: justify;\">Hoci m\u00e1m dnes u\u017e viac ako rok a pol, moje tel\u00ed\u010dko ma e\u0161te nepo\u010d\u00fava. Nielen\u017ee neviem chodi\u0165, st\u00e1le neviem ani len \u0161tvorno\u017ekova\u0165 \u010di samostatne sedie\u0165. Moje r\u00fa\u010dky a n\u00f4\u017eky s\u00fa ve\u013emi slab\u00e9. A to napriek tomu, \u017ee chod\u00edm k r\u00f4znym \u0161pecialistom a moja mamka so mnou ka\u017ed\u00fd de\u0148 poctivo cvi\u010d\u00ed.<\/p>\n<p style=\"text-align: justify;\">Pr\u00e1ve preto v\u00e1s pros\u00edm o pomoc. Chcem sa ocitn\u00fa\u0165 na rovnakej \u0161tartovacej \u010diare, na ktorej s\u00fa moji rovesn\u00edci. Chcem sa s nimi hra\u0165, chcem sa s nimi nah\u00e1\u0148a\u0165. A pr\u00e1ve pobyty v ADELI Medical Center v Pie\u0161\u0165anoch ma k tomu pos\u00favaj\u00fa m\u00ed\u013eov\u00fdmi krokmi. Tak \u010do vy na to?<\/p>\n<p style=\"text-align: justify;\"><strong>Pom\u00f4c\u0165 mi m\u00f4\u017eete darovan\u00edm dvoch percent z va\u0161ich odveden\u00fdch dan\u00ed, pr\u00edpadne jednorazov\u00fdm alebo pravideln\u00fdm pr\u00edspevkom.<\/strong><\/p>\n<p style=\"text-align: justify;\"><strong>\u010eakujem, \u017ee aj v\u010faka v\u00e1m budem m\u00f4c\u0165 urobi\u0165 svoje prv\u00e9 kroky.<\/strong><\/p>\n<p>&nbsp;<\/p>\n<p>&nbsp;<\/p>\n<p>&nbsp;<\/p>\n<p style=\"text-align: justify;\">","protected":false},"excerpt":{"rendered":"<p style=\"text-align: justify;\">Milan Lasica raz povedal, \u017ee mnoh\u00ed \u013eudia t\u00fa\u017eia po rovnosti. Chc\u00fa, aby sme sa mali v\u0161etci rovnako &#8211; vraj je to spravodliv\u00e9. No hoci by to mo\u017eno bolo spravodliv\u00e9, je to nere\u00e1lne. Skr\u00e1tka, nem\u00f4\u017eeme sa ma\u0165 v\u0161etci rovnako dobre. Pointou jeho odkazu bolo ale nie\u010do in\u00e9 &#8211; hoci bud\u00fa na\u0161e cesty odli\u0161n\u00e9, d\u00f4le\u017eit\u00e9 je, aby sme v\u0161etci mali mo\u017enos\u0165 ocitn\u00fa\u0165 sa na rovnakej \u0161tartovacej \u010diare.<\/p>\n<p style=\"text-align: justify;\">A pr\u00e1ve to je mojou t\u00fa\u017ebou.<\/p>\n<p style=\"text-align: justify;\">Som Izabela a na svet som sa nesmierne te\u0161ila. A\u017e tak, \u017ee svoj prv\u00fd n\u00e1dych som urobila s 3,5-mesa\u010dn\u00fdm predstihom oproti pl\u00e1novan\u00e9mu term\u00ednu p\u00f4rodu. Mala som len 32 centimetrov a 700 gramov, tak\u017ee doktori a sestri\u010dky museli odvies\u0165 ve\u013ea tvrdej pr\u00e1ce, aby moje n\u00e1dychy mohli prib\u00fada\u0165. Dokonca mi aj mas\u00edrovali srdie\u010dko a museli nasadi\u0165 p\u013e\u00facnu ventil\u00e1ciu.<\/p>","protected":false},"featured_media":149515,"template":"","meta":{"_acf_changed":false,"_seopress_robots_primary_cat":"none","_seopress_titles_title":"Mala som len 32 centimetrov a 700 gramov","_seopress_titles_desc":"Po sto d\u0148och v nemocnici som kone\u010dne pri\u0161la domov...","_seopress_robots_index":""},"product_brand":[],"product_cat":[108],"product_tag":[],"class_list":{"0":"post-149417","1":"product","2":"type-product","3":"status-publish","4":"has-post-thumbnail","6":"product_cat-pomoc-potrebuju","8":"first","9":"instock","10":"sold-individually","11":"shipping-taxable","12":"purchasable","13":"product-type-variable-subscription"},"acf":[],"_links":{"self":[{"href":"https:\/\/nadaciaadeli.sk\/de\/wp-json\/wp\/v2\/product\/149417","targetHints":{"allow":["GET"]}}],"collection":[{"href":"https:\/\/nadaciaadeli.sk\/de\/wp-json\/wp\/v2\/product"}],"about":[{"href":"https:\/\/nadaciaadeli.sk\/de\/wp-json\/wp\/v2\/types\/product"}],"wp:featuredmedia":[{"embeddable":true,"href":"https:\/\/nadaciaadeli.sk\/de\/wp-json\/wp\/v2\/media\/149515"}],"wp:attachment":[{"href":"https:\/\/nadaciaadeli.sk\/de\/wp-json\/wp\/v2\/media?parent=149417"}],"wp:term":[{"taxonomy":"product_brand","embeddable":true,"href":"https:\/\/nadaciaadeli.sk\/de\/wp-json\/wp\/v2\/product_brand?post=149417"},{"taxonomy":"product_cat","embeddable":true,"href":"https:\/\/nadaciaadeli.sk\/de\/wp-json\/wp\/v2\/product_cat?post=149417"},{"taxonomy":"product_tag","embeddable":true,"href":"https:\/\/nadaciaadeli.sk\/de\/wp-json\/wp\/v2\/product_tag?post=149417"}],"curies":[{"name":"wp","href":"https:\/\/api.w.org\/{rel}","templated":true}]}}