{"id":149460,"date":"2025-05-14T10:30:22","date_gmt":"2025-05-14T08:30:22","guid":{"rendered":"https:\/\/nadaciaadeli.sk\/?post_type=product&#038;p=149460"},"modified":"2025-05-14T10:37:34","modified_gmt":"2025-05-14T08:37:34","slug":"milan-bene","status":"publish","type":"product","link":"https:\/\/nadaciaadeli.sk\/de\/pribehy\/pomoc-potrebuju\/milan-bene\/","title":{"rendered":"Milan Bene"},"content":{"rendered":"<p style=\"text-align: justify;\">\n<p>&nbsp;<\/p>\n<p>&nbsp;<\/p>\n<p>&nbsp;<\/p>\n<p>&nbsp;<\/p>\n<p>&nbsp;<\/p>\n<p style=\"text-align: justify;\">","protected":false},"excerpt":{"rendered":"<p style=\"text-align: justify;\">Najhor\u0161ie je, ke\u010f sa z\u00a0pln\u00e9ho zdravia a\u00a0sily jedn\u00e9ho d\u0148a s\u00a0ot\u00e1znikmi v\u00a0o\u010diach, stanete imobiln\u00fdm.<\/p>\n<p style=\"text-align: justify;\">A\u00a0neviete, ako sa v\u00e1\u0161 \u017eivot bude ubera\u0165 \u010falej.<\/p>\n<p style=\"text-align: justify;\">Toto je aj pr\u00edbeh Milana. Otca D\u00e1\u0161ky a\u00a0T\u00e1ni\u010dky a\u00a0u\u017e aj deda jednej vnu\u010dky. V\u00a0ten okt\u00f3brov\u00fd de\u0148 v\u00a0roku 2022 ni\u010d netu\u0161iac e\u0161te pracoval ako d\u00f4chodca na poz\u00edcii z\u00e1stupca ved\u00faceho skladu. Zrazu sa objavila boles\u0165, ktor\u00e1 za\u010dala pod kolenom a\u00a0nikto nemohol v\u00a0tej chv\u00edli ani len tu\u0161i\u0165 nejak\u00fa s\u00favislos\u0165 s\u00a0miechou. Na urgente v\u00a0Nitre, kam ho odviezli mu natiekli inf\u00fazie a\u00a0zdalo sa, \u017ee \u017eivot p\u00f4jde \u010falej tak ako doposia\u013e.<\/p>\n<p style=\"text-align: justify;\">Ke\u010f si Milan myslel, \u017ee sa v\u0161etko lep\u0161\u00ed, odpadol v\u00a0obchode. To u\u017e mal nohy paralyzovan\u00e9. Absolvoval lumb\u00e1lnu punkciu na neurol\u00f3gii v\u00a0Nitre. Odpove\u010f? Pobili sa \u010derven\u00e9 a\u00a0biele krvinky, znelo stanovisko lek\u00e1rov.<\/p>\n<p style=\"text-align: justify;\">Vraj n\u00e1sledkom zlyhania imunitn\u00e9ho syst\u00e9mu, dostal Milan z\u00e1pal miechy. Na to pri\u0161li a\u017e v\u00a0Bratislave. Nasledovali rehabilit\u00e1cie v\u00a0SANON, kde cvi\u010dili s\u00a0Milanom stroje, menej \u013eudia. Kov\u00e1\u010dov\u00e1 dala neskor\u00fd term\u00edn a\u00a0tak sa Milan rozhodol rehabilitova\u0165 v\u00a0ADELI a\u00a0nestr\u00e1ca\u0165 \u010das. Na svojom prvom pobyte cvi\u010d\u00ed s\u00a0fyzioterapeutmi a\u00a0v\u00a0du\u0161i siln\u00fa \u017eiv\u00ed n\u00e1dej, \u017ee na nohy sa e\u0161te postav\u00ed. Ve\u010f je siln\u00fd, odhodlan\u00fd chlap, ktor\u00e9ho podporuje man\u017eelka \u013dubka, rodina aj skvel\u00ed kolegovia man\u017eelky.<\/p>\n<p style=\"text-align: justify;\">Do jeho \u017eivota mu s\u00edce pribudlo denne 23 liekov, ale Milan ver\u00ed, \u017ee zdravie sa vr\u00e1ti. A\u00a0to je d\u00f4le\u017eit\u00e9. Denne sa modl\u00ed a\u00a0to mu d\u00e1va silu.<\/p>\n<p style=\"text-align: justify;\"><strong>Pridajte sa k\u00a0pomoci pre deda, otca, man\u017eela, ktor\u00fd m\u00e1 e\u0161te ve\u013ea pl\u00e1nov. Podporte aj jeho \u010fal\u0161ie rehabilit\u00e1cie v\u00a0ADELI, nech sa op\u00e4\u0165 postav\u00ed na nohy.<\/strong><\/p>","protected":false},"featured_media":149552,"template":"","meta":{"_acf_changed":false,"_seopress_robots_primary_cat":"none","_seopress_titles_title":"Do jeho \u017eivota mu pribudlo denne 23 liekov...","_seopress_titles_desc":"Milan je siln\u00fd, odhodlan\u00fd chlap, ktor\u00e9ho podporuje man\u017eelka ","_seopress_robots_index":""},"product_brand":[],"product_cat":[108],"product_tag":[],"class_list":{"0":"post-149460","1":"product","2":"type-product","3":"status-publish","4":"has-post-thumbnail","6":"product_cat-pomoc-potrebuju","8":"first","9":"instock","10":"sold-individually","11":"shipping-taxable","12":"purchasable","13":"product-type-variable-subscription"},"acf":[],"_links":{"self":[{"href":"https:\/\/nadaciaadeli.sk\/de\/wp-json\/wp\/v2\/product\/149460","targetHints":{"allow":["GET"]}}],"collection":[{"href":"https:\/\/nadaciaadeli.sk\/de\/wp-json\/wp\/v2\/product"}],"about":[{"href":"https:\/\/nadaciaadeli.sk\/de\/wp-json\/wp\/v2\/types\/product"}],"wp:featuredmedia":[{"embeddable":true,"href":"https:\/\/nadaciaadeli.sk\/de\/wp-json\/wp\/v2\/media\/149552"}],"wp:attachment":[{"href":"https:\/\/nadaciaadeli.sk\/de\/wp-json\/wp\/v2\/media?parent=149460"}],"wp:term":[{"taxonomy":"product_brand","embeddable":true,"href":"https:\/\/nadaciaadeli.sk\/de\/wp-json\/wp\/v2\/product_brand?post=149460"},{"taxonomy":"product_cat","embeddable":true,"href":"https:\/\/nadaciaadeli.sk\/de\/wp-json\/wp\/v2\/product_cat?post=149460"},{"taxonomy":"product_tag","embeddable":true,"href":"https:\/\/nadaciaadeli.sk\/de\/wp-json\/wp\/v2\/product_tag?post=149460"}],"curies":[{"name":"wp","href":"https:\/\/api.w.org\/{rel}","templated":true}]}}