{"id":149479,"date":"2025-05-14T10:31:27","date_gmt":"2025-05-14T08:31:27","guid":{"rendered":"https:\/\/nadaciaadeli.sk\/?post_type=product&#038;p=149479"},"modified":"2025-05-14T10:38:30","modified_gmt":"2025-05-14T08:38:30","slug":"ondrej-kudlacak","status":"publish","type":"product","link":"https:\/\/nadaciaadeli.sk\/de\/pribehy\/pomoc-potrebuju\/ondrej-kudlacak\/","title":{"rendered":"Ondrej Kudla\u010d\u00e1k"},"content":{"rendered":"<p style=\"text-align: justify;\">Ako hovor\u00ed, jeho obetav\u00e1 maminka: \u201eOndr\u00edk <strong>\u017eije v\u010faka tomu, \u017ee mal poskytnut\u00fa vysoko profesion\u00e1lnu prv\u00fa pomoc v\u00a0Amsterdame<\/strong>.\u201c Pr\u00edstup lek\u00e1rov a\u00a0cel\u00e9ho person\u00e1lu bol v\u00fdnimo\u010dn\u00fd.<\/p>\n<p style=\"text-align: justify;\">O\u00a0nie\u010do hor\u0161ie to bolo po n\u00e1vrate na Slovensko. Rodi\u010dia poc\u00edtili rozdielnos\u0165 \u00farovne medic\u00edny v\u00a0dvoch krajin\u00e1ch. V\u00a0tom \u010dase sa za k\u0148aza Ondr\u00edka modlilo stovky \u013eud\u00ed. Ondr\u00edk musel zvl\u00e1dnu\u0165 n\u00e1ro\u010dn\u00fa oper\u00e1ciu, aby sa nehromadila tekutina v\u00a0hlave. Na druh\u00fd pokus sa aj to podarilo.<\/p>\n<p style=\"text-align: justify;\"><strong>Ondrej chod\u00ed s\u00a0pomocou pal\u00edc, rozpr\u00e1va \u0165a\u017eko, ale ani to mu nebr\u00e1ni pokra\u010dova\u0165 v\u00a0jeho poslan\u00ed, ktor\u00e9 si predsavzal.<\/strong><\/p>\n<p style=\"text-align: justify;\">To \u010do m\u00f4\u017ee zlep\u0161i\u0165 v\u00a0tejto chv\u00edli zdravie Ondr\u00edka, p\u00e1tra Ign\u00e1cia je kvalitn\u00e1, pravideln\u00e1 neurorehabilit\u00e1cia. Ondr\u00edk potrebujeme v\u010faka odbornej pomoci logop\u00e9dov, fyzioterapeutov, mas\u00e9rov, lek\u00e1rov v\u00a0ADELI, zlep\u0161i\u0165 ch\u00f4dzu aj re\u010d.<\/p>\n<p style=\"text-align: justify;\"><strong>Zachr\u00e1\u0148me mlad\u00e9ho mu\u017ea k\u0148aza, ktor\u00fd si vybral pre \u017eivot to najvy\u0161\u0161ie poslanie \u2013 ako k\u0148az by\u0165 \u00fatechou a\u00a0pote\u0161en\u00edm pre \u013eud\u00ed. Va\u0161e dary pouk\u00e1zan\u00e9 cez platobn\u00fa br\u00e1nu pr\u00edbehu Ondreja mu pom\u00f4\u017eu zdravotne napredova\u0165 a\u00a0n\u00e1sledne by\u0165 tu pre in\u00fdch. <\/strong><\/p>\n<p style=\"text-align: justify;\"><strong>\u00a0<\/strong><\/p>\n<p>&nbsp;<\/p>\n<p>&nbsp;<\/p>\n<p>&nbsp;<\/p>\n<p>&nbsp;<\/p>\n<p style=\"text-align: justify;\">","protected":false},"excerpt":{"rendered":"<p style=\"text-align: justify;\"><strong>Ako svoje poslanie na tomto svete si Ondrej, p\u00e1ter Ign\u00e1c, zvolil by\u0165 \u00fatechou a pote\u0161en\u00edm pre \u013eud\u00ed.<\/strong><\/p>\n<p style=\"text-align: justify;\">Tomu, \u017ee sa stal k\u0148azom predch\u00e1dzalo ve\u013ea rozj\u00edmania, rozhovorov s\u00a0Bohom, spytovania a\u00a0dokonca aj siln\u00fd sen. Ten sen sa mu sn\u00edval e\u0161te na strednej \u0161kole, ke\u010f r\u00e1d lozil po hor\u00e1ch. V\u00a0tom sne sa osobne stretol s\u00a0Je\u017ei\u0161om. Na z\u00e1klade toho sna za\u010dal prehodnocova\u0165 svoje \u017eivotn\u00e9 smerovanie a\u00a0v\u00a0tom \u010dase do konca prestal s\u00a0lezen\u00edm do h\u00f4r, ktor\u00e9 mal tak r\u00e1d, lebo <strong>po\u010d\u00faval posolstvo, ktor\u00fa mu pri\u0161lo<\/strong>. Vn\u00edmal jemn\u00e9 smerovanie a\u00a0po\u010d\u00faval ten siln\u00fd hlas, aj\u00a0ke\u010f mu zo za\u010diatku bolo \u0165a\u017e\u0161ie porozumie\u0165.<\/p>\n<p style=\"text-align: justify;\">Cesta ku k\u0148azstvu nebola priama. Ondr\u00edk, poch\u00e1dzaj\u00faci z\u00a0Oravy, najprv ukon\u010dil bakal\u00e1rske \u0161t\u00fadium na elektrotechnickej fakulte. Istotu a\u00a0d\u00f4veru poc\u00edtil v\u0161ak, a\u017e ke\u010f sa rozhodol pre \u0161t\u00fadium semin\u00e1ra v\u00a0R\u00edme. Bolo to v\u00a0roku 2007. <strong>Stal sa k\u0148azom. Jeho naj\u0165a\u017e\u0161ia sk\u00fa\u0161ka ho v\u0161ak e\u0161te len \u010dakala&#8230;<\/strong><\/p>\n<p style=\"text-align: justify;\">V\u00a0roku 2017 sprev\u00e1dzal skupinu mlad\u00fdch \u013eud\u00ed v\u00a0Amsterdame. Na prechode pre chodcov uzatv\u00e1ral pre bezpe\u010dnos\u0165 in\u00fdch skupinu ako posledn\u00fd. A\u00a0to sa mu stalo osudov\u00fdm. <strong>Zo z\u00e1kruty vybehala motorka a\u00a0to zmenilo Ondr\u00edkovi aj jeho bl\u00edzkym \u017eivot raz a\u00a0nav\u017edy. <\/strong><\/p>","protected":false},"featured_media":149563,"template":"","meta":{"_acf_changed":false,"_seopress_robots_primary_cat":"none","_seopress_titles_title":"Ondrej, p\u00e1ter Ign\u00e1c, zvolil by\u0165 \u00fatechou a pote\u0161en\u00edm pre \u013eud\u00ed","_seopress_titles_desc":"Zo z\u00e1kruty vybehla motorka a to zmenilo jeho \u017eivot raz a nav\u017edy","_seopress_robots_index":""},"product_brand":[],"product_cat":[108],"product_tag":[],"class_list":{"0":"post-149479","1":"product","2":"type-product","3":"status-publish","4":"has-post-thumbnail","6":"product_cat-pomoc-potrebuju","8":"first","9":"instock","10":"sold-individually","11":"shipping-taxable","12":"purchasable","13":"product-type-variable-subscription"},"acf":[],"_links":{"self":[{"href":"https:\/\/nadaciaadeli.sk\/de\/wp-json\/wp\/v2\/product\/149479","targetHints":{"allow":["GET"]}}],"collection":[{"href":"https:\/\/nadaciaadeli.sk\/de\/wp-json\/wp\/v2\/product"}],"about":[{"href":"https:\/\/nadaciaadeli.sk\/de\/wp-json\/wp\/v2\/types\/product"}],"wp:featuredmedia":[{"embeddable":true,"href":"https:\/\/nadaciaadeli.sk\/de\/wp-json\/wp\/v2\/media\/149563"}],"wp:attachment":[{"href":"https:\/\/nadaciaadeli.sk\/de\/wp-json\/wp\/v2\/media?parent=149479"}],"wp:term":[{"taxonomy":"product_brand","embeddable":true,"href":"https:\/\/nadaciaadeli.sk\/de\/wp-json\/wp\/v2\/product_brand?post=149479"},{"taxonomy":"product_cat","embeddable":true,"href":"https:\/\/nadaciaadeli.sk\/de\/wp-json\/wp\/v2\/product_cat?post=149479"},{"taxonomy":"product_tag","embeddable":true,"href":"https:\/\/nadaciaadeli.sk\/de\/wp-json\/wp\/v2\/product_tag?post=149479"}],"curies":[{"name":"wp","href":"https:\/\/api.w.org\/{rel}","templated":true}]}}