{"id":149549,"date":"2025-05-14T10:35:53","date_gmt":"2025-05-14T08:35:53","guid":{"rendered":"https:\/\/nadaciaadeli.sk\/?post_type=product&#038;p=149549"},"modified":"2025-05-14T10:42:25","modified_gmt":"2025-05-14T08:42:25","slug":"ivan-bonko","status":"publish","type":"product","link":"https:\/\/nadaciaadeli.sk\/de\/pribehy\/pomoc-potrebuju\/ivan-bonko\/","title":{"rendered":"Ivan Bonko"},"content":{"rendered":"<p style=\"text-align: justify;\">Ivan m\u00e1 brata Adama. A\u00a0aby to nebolo celkom jednoduch\u00e9 pre rodi\u010dov, Adamovi pribudli po 20-ke tie\u017e v\u00e1\u017ene zdravotn\u00e9 probl\u00e9my. Rodina v\u0161ak dr\u017e\u00ed pohromade a\u00a0Adam miluje Ivana. Pom\u00e1ha mamine pri starostlivosti o\u00a0brata. Ve\u010f je to aj pr\u00e1ca pre chlapa pom\u00e1ha\u0165 s\u00a0imobiln\u00fdm dospel\u00fdm mu\u017eom.<\/p>\n<p style=\"text-align: justify;\">Ivan sa napriek svojim zdravotn\u00e9mu znev\u00fdhodneniu te\u0161\u00ed zo \u017eivota. M\u00e1 r\u00e1d, more, r\u00e1d pl\u00e1va a\u00a0nadov\u0161etko fand\u00ed REAL MADRID. U\u017e dva kr\u00e1t bol v\u00a0Madride povzbudzova\u0165 osobne a\u00a0\u0161etr\u00ed si z\u00a0invalidn\u00e9ho d\u00f4chodku na \u010fal\u0161\u00ed v\u00fdjazd ako spr\u00e1vny fan\u00fa\u0161ik.<\/p>\n<p style=\"text-align: justify;\"><strong>REHABILIT\u00c1CIA V\u00a0ADELI JE PRE IVANA NESMIERNE D\u00d4LE\u017dIT\u00c1. RODINA POTREBUJE FINANA\u010cN\u00da POMOC, ABY SI MOHLI TERAPIE DOVOLI\u0164 ASPO\u0147 DVA KR\u00c1T RO\u010cNE.<\/strong><\/p>\n<p style=\"text-align: justify;\"><strong>AJ V\u00c1\u0160 PR\u00cdSPEVOK M\u00d4\u017dE POM\u00d4C\u0164 MLAD\u00c9MU MU\u017dOVI ZDRAVOTNE NAPREDOVA\u0164. \u010eAKUJEME ZA PODPORU.<\/strong><\/p>\n<p>&nbsp;<\/p>\n<p>&nbsp;<\/p>\n<p>&nbsp;<\/p>\n<p style=\"text-align: justify;\"><strong>\u00a0<\/strong><\/p>\n<p>&nbsp;<\/p>\n<p>&nbsp;<\/p>\n<p>&nbsp;<\/p>\n<p>&nbsp;<\/p>\n<p style=\"text-align: justify;\">","protected":false},"excerpt":{"rendered":"<p style=\"text-align: justify;\">Ivan aj napriek zdravotn\u00e9mu znev\u00fdhodneniu vy\u0161tudoval mana\u017ement cestovn\u00e9ho ruchu na strednej \u0161kole a z\u00edskal maturitu. Pre zdrav\u00e9ho pohoda a\u00a0pre niekoho, kto mus\u00ed zvl\u00e1da\u0165 prek\u00e1\u017eky na strane zdravia \u2013 n\u00e1ro\u010dn\u00e9 a\u00a0o\u00a0to viac z\u00e1slu\u017en\u00e9.<\/p>\n<p style=\"text-align: justify;\">Ak pr\u00eddete na svet v\u00a033 t\u00fd\u017edni tehotenstva m\u00e1te \u010do doh\u00e1\u0148a\u0165 na tomto svete. Ve\u010f in\u00e9 deti si pobudn\u00fa v\u00a0bru\u0161ku 40 t\u00fd\u017ed\u0148ov. Ivan je v\u0161ak pred\u010dasniatko a\u00a0n\u00e1sledok je diagn\u00f3za \u201edetsk\u00e1 mozgov\u00e1 obrna\u201c.<\/p>\n<p style=\"text-align: justify;\">Ivan je priaznivec \u0161portu, miluje \u0161port, \u0161portov\u00e9 vysielania a\u00a0s\u00e1m od malinka cvi\u010d\u00ed, aby \u201edobehol\u201c svoj skor\u00fd pr\u00edchod na svet. Za\u010dalo to v\u00a0b\u00e1b\u00e4tkovskom obdob\u00ed \u201eVojtovkou\u201c a\u00a0potom pravideln\u00e9 neurorehabilit\u00e1cie.<\/p>\n<p style=\"text-align: justify;\">Na b\u00e1b\u00e4tko, ktor\u00e9 po naroden\u00ed bezmocne le\u017ealo, ako kus handri\u010dky, pod\u013ea spomienok maminky Marcelky, vyr\u00e1stol na skuto\u010dn\u00e9ho chlapa a\u00a0naozaj ve\u013ea dobehol. \u0164archa u\u017eivi\u0165 rodinu je na otcov\u00fdch pleciach, ktor\u00fd je u\u017e dlh\u00e9 roky zamestnancom Hagard Hal \u2013 najv\u00e4\u010d\u0161ieho slovensk\u00e9ho predajcu elektroin\u0161tala\u010dn\u00e9ho materi\u00e1lu. T\u00e1to firma je pr\u00edkladom starostlivosti o\u00a0zamestnancov. Aj na posledn\u00fd pobyt Ivana v\u00a0ADELI prispel zamestn\u00e1vate\u013e. Okrem toho vy\u0161iel otcovi v\u00a0\u00fastrety skr\u00e1tenou pracovnou dobou, aby sa mohol stara\u0165 viac o\u00a0syna.<\/p>","protected":false},"featured_media":149641,"template":"","meta":{"_acf_changed":false,"_seopress_robots_primary_cat":"none","_seopress_titles_title":"Ivan od malinka cvi\u010d\u00ed, aby \u201edobehol\u201c svoj skor\u00fd pr\u00edchod na svet","_seopress_titles_desc":"Ivan sa napriek zdravotn\u00e9mu znev\u00fdhodneniu te\u0161\u00ed zo \u017eivota","_seopress_robots_index":""},"product_brand":[],"product_cat":[108],"product_tag":[],"class_list":{"0":"post-149549","1":"product","2":"type-product","3":"status-publish","4":"has-post-thumbnail","6":"product_cat-pomoc-potrebuju","8":"first","9":"instock","10":"sold-individually","11":"shipping-taxable","12":"purchasable","13":"product-type-variable-subscription","14":"has-default-attributes"},"acf":[],"_links":{"self":[{"href":"https:\/\/nadaciaadeli.sk\/de\/wp-json\/wp\/v2\/product\/149549","targetHints":{"allow":["GET"]}}],"collection":[{"href":"https:\/\/nadaciaadeli.sk\/de\/wp-json\/wp\/v2\/product"}],"about":[{"href":"https:\/\/nadaciaadeli.sk\/de\/wp-json\/wp\/v2\/types\/product"}],"wp:featuredmedia":[{"embeddable":true,"href":"https:\/\/nadaciaadeli.sk\/de\/wp-json\/wp\/v2\/media\/149641"}],"wp:attachment":[{"href":"https:\/\/nadaciaadeli.sk\/de\/wp-json\/wp\/v2\/media?parent=149549"}],"wp:term":[{"taxonomy":"product_brand","embeddable":true,"href":"https:\/\/nadaciaadeli.sk\/de\/wp-json\/wp\/v2\/product_brand?post=149549"},{"taxonomy":"product_cat","embeddable":true,"href":"https:\/\/nadaciaadeli.sk\/de\/wp-json\/wp\/v2\/product_cat?post=149549"},{"taxonomy":"product_tag","embeddable":true,"href":"https:\/\/nadaciaadeli.sk\/de\/wp-json\/wp\/v2\/product_tag?post=149549"}],"curies":[{"name":"wp","href":"https:\/\/api.w.org\/{rel}","templated":true}]}}