{"id":149608,"date":"2025-05-14T10:39:48","date_gmt":"2025-05-14T08:39:48","guid":{"rendered":"https:\/\/nadaciaadeli.sk\/?post_type=product&#038;p=149608"},"modified":"2025-05-14T10:44:17","modified_gmt":"2025-05-14T08:44:17","slug":"ella-bednarikova","status":"publish","type":"product","link":"https:\/\/nadaciaadeli.sk\/de\/pribehy\/pomoc-potrebuju\/ella-bednarikova\/","title":{"rendered":"Ella Bedna\u0159\u00edkov\u00e1"},"content":{"rendered":"<p style=\"text-align: justify;\">Ellinka dostala utlmuj\u00facu lie\u010dbu a\u00a0mesiac v\u00a0inkub\u00e1tore iba spinkala. N\u00e1sledne pri\u0161la tvrd\u00e1 sk\u00fa\u0161ka pre odhodlan\u00fa maminku. Spr\u00e1va od lek\u00e1rov \u2013 Ellinka bude cel\u00fd \u017eivot le\u017eiaca, nikdy sa na mamku neusmeje, nebude zdv\u00edha\u0165 hlavi\u010dku a\u00a0jej mozog sa nebude vyv\u00edja\u0165. Okrem p\u00f4vodnej diagn\u00f3zy pribudla \u010fal\u0161ie. No rodi\u010dia to nevzd\u00e1vaj\u00fa. Ellinka u\u017e\u00edva mno\u017estvo liekov, v\u00fdsledkom je len elimin\u00e1cia po\u010dtu z\u00e1chvatov.<\/p>\n<p style=\"text-align: justify;\">Ellinka sa napriek predpovediam lek\u00e1rov usmieva. Pre maminku je to slnie\u010dko a\u00a0rodi\u010dia s\u00fa v\u010fa\u010dn\u00ed za ka\u017ed\u00fa min\u00fatu, \u010do je s\u00a0nimi. Situ\u00e1cia je v\u0161ak n\u00e1ro\u010dn\u00e1, lebo sa pridala aj diagn\u00f3za spastickej kvadrupar\u00e9zy. Ellinka potrebuje svoje osudov\u00e9 diagn\u00f3zy rozrehabilitova\u0165. Pravideln\u00e1 rehabilit\u00e1cia v\u00a0ADELI Medical Center \u2013 d\u00e1va \u0161ancu na zlep\u0161enie zdravotn\u00e9ho stavu.<\/p>\n<p style=\"text-align: justify;\">Mama Editka sa odhodlane a\u00a0s\u00a0ve\u013ekou l\u00e1skou star\u00e1 nielen o\u00a0Ellinku, ale aj o\u00a08-mesa\u010dn\u00e9ho Tea, ktor\u00fd je \u00faplne zdrav\u00e9 b\u00e1b\u00e4tko.<\/p>\n<p style=\"text-align: justify;\">Pomoc dobr\u00fdch \u013eud\u00ed bude v\u0161ak potrebn\u00e1, aby dala Ellinke to \u010do potrebuje najviac \u2013 ve\u013ea, ve\u013ea neurorehabilit\u00e1cii. \u010eakujeme v\u0161etk\u00fdm darcom, ktor\u00ed sa rozhodn\u00fa u\u013eah\u010di\u0165 \u017eivot mladej mame.<\/p>\n<p>&nbsp;<\/p>\n<p>&nbsp;<\/p>\n<p>&nbsp;<\/p>\n<p>&nbsp;<\/p>\n<p style=\"text-align: justify;\"><strong>\u00a0<\/strong><\/p>\n<p>&nbsp;<\/p>\n<p>&nbsp;<\/p>\n<p>&nbsp;<\/p>\n<p>&nbsp;<\/p>\n<p style=\"text-align: justify;\">","protected":false},"excerpt":{"rendered":"<p style=\"text-align: justify;\">Ellinka m\u00e1 \u0161pecifick\u00fa diagn\u00f3zu, ktor\u00fa m\u00e1 len 14 \u013eud\u00ed na svete. Ide o genetick\u00fa epilepsiu.<\/p>\n<p style=\"text-align: justify;\">Prv\u00fd epileptick\u00fd z\u00e1chvat potr\u00e1pil diev\u010datko kr\u00e1tko po naroden\u00ed. \u010co bolo sk\u00f4r ne\u017e Ellinka pri\u0161la na svet?<\/p>\n<p style=\"text-align: justify;\">Ellinku si jej maminka doslova vysn\u00edvala a\u00a0vybojovala. Na tento svet pri\u0161la, lebo jedna mlad\u00e1 \u017eena Editka ve\u013emi t\u00fa\u017eila ma\u0165 die\u0165atko a\u00a0ke\u010f sa to 10 rokov nedarilo norm\u00e1lnou cestou, rozhodla sa pre umel\u00e9 oplodnenie. Editka je siln\u00e1, odhodlan\u00e1 \u017eena, ktor\u00e1 to len tak nevzd\u00e1va.<\/p>\n<p style=\"text-align: justify;\">\n<p style=\"text-align: justify;\">Vy\u0161lo to na prv\u00fd raz. Dokonca v\u00a0bru\u0161ku boli na za\u010diatku 2 b\u00e1b\u00e4tk\u00e1, av\u0161ak jedno sa po \u010dase prestalo vyv\u00edja\u0165. Rodi\u010dia sa napriek tomu boli v\u010fa\u010dn\u00ed, \u017ee bud\u00fa ma\u0165 die\u0165atko a te\u0161ili sa na pr\u00edchod vysnen\u00e9ho diev\u010datka. To sa narodila dva t\u00fd\u017edne pred term\u00ednom za dos\u0165 dramatick\u00fdch okolnost\u00ed. Ellinka mala nedostatok kysl\u00edka a\u00a0hrozilo, \u017ee zomrie, ak sa neurob\u00ed r\u00fdchly cis\u00e1rsky rez. Ellinku lek\u00e1ri zachr\u00e1nili. Prv\u00e9 pr\u00edznaky jej diagn\u00f3zy sa v\u0161ak za\u010dali prejavova\u0165 u\u017e na druh\u00fd de\u0148 po p\u00f4rode. Z\u00e1\u0161klby, tonick\u00e9 k\u0155\u010de a\u00a0z\u00e1chvaty, ktor\u00e9 narastali. Lek\u00e1ri zistili patologick\u00fd n\u00e1lez na mozgu. Z\u00e1va\u017en\u00fa epileptick\u00fa encefalopatiu a\u00a0\u010fal\u0161ie postihnutia mozgu.<\/p>\n<p>&nbsp;<\/p>","protected":false},"featured_media":149676,"template":"","meta":{"_acf_changed":false,"_seopress_robots_primary_cat":"none","_seopress_titles_title":"Ellinka sa napriek predpovediam lek\u00e1rov usmieva","_seopress_titles_desc":"Rehabilit\u00e1cia v ADELI d\u00e1va \u0161ancu na zlep\u0161enie zdravotn\u00e9ho stavu.","_seopress_robots_index":""},"product_brand":[],"product_cat":[108],"product_tag":[],"class_list":{"0":"post-149608","1":"product","2":"type-product","3":"status-publish","4":"has-post-thumbnail","6":"product_cat-pomoc-potrebuju","8":"first","9":"instock","10":"sold-individually","11":"shipping-taxable","12":"purchasable","13":"product-type-variable-subscription","14":"has-default-attributes"},"acf":[],"_links":{"self":[{"href":"https:\/\/nadaciaadeli.sk\/de\/wp-json\/wp\/v2\/product\/149608","targetHints":{"allow":["GET"]}}],"collection":[{"href":"https:\/\/nadaciaadeli.sk\/de\/wp-json\/wp\/v2\/product"}],"about":[{"href":"https:\/\/nadaciaadeli.sk\/de\/wp-json\/wp\/v2\/types\/product"}],"wp:featuredmedia":[{"embeddable":true,"href":"https:\/\/nadaciaadeli.sk\/de\/wp-json\/wp\/v2\/media\/149676"}],"wp:attachment":[{"href":"https:\/\/nadaciaadeli.sk\/de\/wp-json\/wp\/v2\/media?parent=149608"}],"wp:term":[{"taxonomy":"product_brand","embeddable":true,"href":"https:\/\/nadaciaadeli.sk\/de\/wp-json\/wp\/v2\/product_brand?post=149608"},{"taxonomy":"product_cat","embeddable":true,"href":"https:\/\/nadaciaadeli.sk\/de\/wp-json\/wp\/v2\/product_cat?post=149608"},{"taxonomy":"product_tag","embeddable":true,"href":"https:\/\/nadaciaadeli.sk\/de\/wp-json\/wp\/v2\/product_tag?post=149608"}],"curies":[{"name":"wp","href":"https:\/\/api.w.org\/{rel}","templated":true}]}}