{"id":149693,"date":"2025-05-14T10:44:20","date_gmt":"2025-05-14T08:44:20","guid":{"rendered":"https:\/\/nadaciaadeli.sk\/?post_type=product&#038;p=149693"},"modified":"2025-05-14T10:50:30","modified_gmt":"2025-05-14T08:50:30","slug":"mia-koncekova","status":"publish","type":"product","link":"https:\/\/nadaciaadeli.sk\/de\/pribehy\/pomoc-potrebuju\/mia-koncekova\/","title":{"rendered":"Mia Kon\u010dekov\u00e1"},"content":{"rendered":"<p>Viem, \u017ee moja mami\u010dka, otecko aj s\u00farodenci s\u00fa z\u00a0m\u00f4jho zdravotn\u00e9ho stavu z\u00fafal\u00ed. Ja t\u00fa\u017eim chodi\u0165 ako in\u00e9 deti\u010dky, spozn\u00e1va\u0165 svet, u\u010di\u0165 sa nov\u00e9 veci, ale br\u00e1ni mi v\u00a0tom m\u00f4j zdravotn\u00fd stav. Tu vo Ve\u013ekej Brit\u00e1nii mi nevedia pom\u00f4c\u0165, nie s\u00fa tu zariadenia ako v\u00a0Pie\u0161\u0165anoch ADELI. \u010cak\u00e1me ve\u013emi dlho, k\u00fdm pr\u00edde pomoc a\u00a0zabr\u00e1ni tomu, aby sa m\u00f4j zdravotn\u00fd stav zhor\u0161oval. Ve\u010f je dok\u00e1zan\u00e9, \u017ee \u010d\u00edm sk\u00f4r sa za\u010dne s\u00a0rehabilit\u00e1ciu, t\u00fdm s\u00fa vyhliadky na pokroky lep\u0161ie.<\/p>\n<p>Preto sa obraciam na v\u0161etk\u00fdch dobr\u00fdch \u013eud\u00ed o\u00a0pomoc, aby som mohla \u010do najsk\u00f4r \u00eds\u0165 rehabilitova\u0165 do ADELI Medical Center v\u00a0Pie\u0161\u0165anoch na Slovensku a\u00a0chodi\u0165 ako in\u00e9 deti do \u0161k\u00f4lky. Mami\u010dka, otecko aj sestri\u010dky bud\u00fa v\u010fa\u010dn\u00ed za ka\u017ed\u00fa pomoc. \u010eakujem, \u017ee v\u00e1m m\u00f4j osud nie je \u013eahostajn\u00fd.<\/p>","protected":false},"excerpt":{"rendered":"<p>M\u00f4j \u0161tart do \u017eivota bol \u0165a\u017ek\u00fd a\u00a0za\u017eila som ve\u013ek\u00e9 sk\u00fa\u0161ky. Narodila som sa mami\u010dke cis\u00e1rskym rezom a\u00a0ke\u010f\u017ee som ned\u00fdchala \u2013 resucitovali ma. Ni\u010d nezostalo bez n\u00e1sledkov. M\u00e1m detsk\u00fa mozgov\u00fa obrnu a\u00a0to nie je jedin\u00e1 diagn\u00f3za, ktor\u00e1 mi komplikuje \u017eivot. Okrem toho m\u00e1m poruchy autist spectra (PAS). Moje tel\u00ed\u010dko je na celej \u013eavej strane slab\u00e9, m\u00e1m probl\u00e9my s\u00a0chod\u00edm a\u00a0udr\u017eiavan\u00edm balancu, \u0161pi\u010dkujem.<\/p>","protected":false},"featured_media":149783,"template":"","meta":{"_acf_changed":false,"_seopress_robots_primary_cat":"none","_seopress_titles_title":"","_seopress_titles_desc":"","_seopress_robots_index":""},"product_brand":[],"product_cat":[108],"product_tag":[],"class_list":{"0":"post-149693","1":"product","2":"type-product","3":"status-publish","4":"has-post-thumbnail","6":"product_cat-pomoc-potrebuju","8":"first","9":"instock","10":"sold-individually","11":"shipping-taxable","12":"purchasable","13":"product-type-variable-subscription","14":"has-default-attributes"},"acf":[],"_links":{"self":[{"href":"https:\/\/nadaciaadeli.sk\/de\/wp-json\/wp\/v2\/product\/149693","targetHints":{"allow":["GET"]}}],"collection":[{"href":"https:\/\/nadaciaadeli.sk\/de\/wp-json\/wp\/v2\/product"}],"about":[{"href":"https:\/\/nadaciaadeli.sk\/de\/wp-json\/wp\/v2\/types\/product"}],"wp:featuredmedia":[{"embeddable":true,"href":"https:\/\/nadaciaadeli.sk\/de\/wp-json\/wp\/v2\/media\/149783"}],"wp:attachment":[{"href":"https:\/\/nadaciaadeli.sk\/de\/wp-json\/wp\/v2\/media?parent=149693"}],"wp:term":[{"taxonomy":"product_brand","embeddable":true,"href":"https:\/\/nadaciaadeli.sk\/de\/wp-json\/wp\/v2\/product_brand?post=149693"},{"taxonomy":"product_cat","embeddable":true,"href":"https:\/\/nadaciaadeli.sk\/de\/wp-json\/wp\/v2\/product_cat?post=149693"},{"taxonomy":"product_tag","embeddable":true,"href":"https:\/\/nadaciaadeli.sk\/de\/wp-json\/wp\/v2\/product_tag?post=149693"}],"curies":[{"name":"wp","href":"https:\/\/api.w.org\/{rel}","templated":true}]}}