{"id":149729,"date":"2025-05-14T10:46:27","date_gmt":"2025-05-14T08:46:27","guid":{"rendered":"https:\/\/nadaciaadeli.sk\/?post_type=product&#038;p=149729"},"modified":"2025-05-14T10:52:15","modified_gmt":"2025-05-14T08:52:15","slug":"lenka-jobbova","status":"publish","type":"product","link":"https:\/\/nadaciaadeli.sk\/de\/pribehy\/pomoc-potrebuju\/lenka-jobbova\/","title":{"rendered":"Lenka Jobbov\u00e1"},"content":{"rendered":"<p>Ke\u010f mi bola v\u00a0prvom roku \u017eivota diagnostikovan\u00e1 detsk\u00e1 mozgov\u00e1 obrna, jej \u017eivot sa obr\u00e1til \u00faplne na ruby. \u00a0Situ\u00e1ciu neu\u013eah\u010doval ani fakt, \u017ee otec sa role v\u00a0na\u0161om\u00a0 \u017eivote dobrovo\u013ene vzdal. Napriek tomu pozbierala mama v\u0161etky svoje sily a\u00a0za\u010dali sme spolo\u010dne bojova\u0165. Z\u00e1pasi\u0165 s\u00a0DMO bolo u\u017e od po\u010diatku ve\u013ekou v\u00fdzvou. Je to postihnutie centr\u00e1lnej nervovej s\u00fastavy, vyzna\u010duj\u00face sa prim\u00e1rne \u00a0v\u00fdraznou poruchou hybnosti horn\u00fdch, doln\u00fdch kon\u010dat\u00edn .<\/p>\n<p>V mojom pr\u00edpade s\u00fa postihnut\u00e9\u00a0 aj ruky aj nohy.\u00a0 Neust\u00e1le trp\u00edm k\u0155\u010dovit\u00fdmi boles\u0165ami, tzv. spazmami. Moja ch\u00f4dza je ve\u013emi \u0165a\u017ekop\u00e1dna a\u00a0nestabiln\u00e1, prav\u00e1 noha sa mi ot\u00e1\u010da do vn\u00fatornej strany. Okrem telesn\u00fdch pr\u00edznakov prin\u00e1\u0161a detsk\u00e1 mozgov\u00e1 obrna do m\u00f4jho \u017eivota i\u00a0in\u00e9 obmedzenia. Neust\u00e1le sa stret\u00e1vam s\u00a0ve\u013ekou stigmatiz\u00e1ciou, posme\u0161kami od \u013eud\u00ed z okolia.<\/p>\n<p>Za svoj \u017eivot som si vypo\u010dula nespo\u010detne ve\u013ea kr\u00e1t ,,Ve\u010f vy nem\u00e1te a\u017e tak\u00fa z\u00e1va\u017en\u00fa diagn\u00f3zu\u201c. Ke\u010f t\u00fato vetu po\u010duje moja mamina, len ironicky podotkne,, Ve\u010f si to s\u00a0\u0148ou sk\u00faste vymeni\u0165\u201c. V\u017edy si pritom pomysl\u00edm: \u201c Naozaj nie je ochorenie, ktor\u00e9 zasahuje do v\u0161etk\u00fdch oblast\u00ed m\u00f4jho\u00a0 \u017eivota a\u00a0v\u00fdrazne zni\u017euje jeho kvalitu, a\u017e tak\u00e9 z\u00e1va\u017en\u00e9\u201c?<\/p>\n<p>Napriek v\u0161etk\u00fdm t\u00fdmto peripeti\u00e1m som pre\u0161la be\u017enou z\u00e1kladnou i\u00a0strednou \u0161kolou a\u00a0stala sa absolventkou Trnavskej univerzity v\u00a0Trnave, v\u00a0odbore soci\u00e1lna pr\u00e1ca. Hoci som spo\u010diatku po\u0161ku\u013eovala po psychol\u00f3gii, kdesi vo svojom vn\u00fatri som tu\u0161ila, \u017ee to nebude dobr\u00fd n\u00e1pad, hlavne kv\u00f4li\u00a0 mojej citlivej povahe. Tohto sna som sa teda vzdala. Ale psychol\u00f3gia sa stala mojou z\u00e1\u013eubou a\u00a0v\u00e1\u0161\u0148ou. \u0160t\u00fadium na vysokej \u0161kole pre m\u0148a nebolo\u00a0 \u017eiadnou malinou. U\u017e na za\u010diatku v\u00fd\u0161ky som si vravela, \u017ee \u0161kolu s\u00edce chcem dokon\u010di\u0165, ale zbl\u00e1zni\u0165 sa nemienim. Za\u010dala sa teda nov\u00e1 etapa \u017eivota, ktor\u00e1 priniesla nov\u00e9 priate\u013estv\u00e1, z\u00e1\u017eitky a\u00a0z\u00e1rove\u0148 nov\u00e9 probl\u00e9my a\u00a0to nielen be\u017en\u00e9 \u0161tudentsk\u00e9, ale i\u00a0zdravotn\u00e9.\u00a0 Ke\u010f som si myslela, \u017ee v\u0161etko ide t\u00fdm spr\u00e1vnym smerom, mala kamar\u00e1tov, z\u00e1\u013euby, \u0161portovala som, do \u017eivota sa mi priplietla \u010fal\u0161ia diagn\u00f3za, klinick\u00e1 depresia. Aby toho nebolo m\u00e1lo&#8230; Pr\u00edznaky som poci\u0165ovala u\u017e dlh\u0161iu dobu, ale ani ja, ani mamina sme nevedeli \u010do sa deje&#8230; Pre\u0161li sme nespo\u010det ambulanci\u00ed \u00a0klinick\u00fdch psychol\u00f3gov. Nakoniec n\u00e1m bolo povedan\u00e9 od jedn\u00e9ho z\u00a0nich, \u017ee sme pri\u0161li na posledn\u00fa chv\u00ed\u013eu a\u00a0jedinou mo\u017enos\u0165ou ako sa vyhn\u00fa\u0165 hospitaliz\u00e1ci\u00ed s\u00fa lieky a\u00a0kombin\u00e1cia\u00a0 n\u00e1v\u0161tev klinick\u00e9ho psychol\u00f3ga a\u00a0psychiatra. Doteraz nevieme s\u00a0mamou pochopi\u0165 ako je mo\u017en\u00e9, \u017ee odborn\u00edkom trvalo tak dlho, k\u00fdm mi stanovili diagn\u00f3zu. Tak sa mohol za\u010da\u0165 z\u00e1pas s\u00a0\u010fal\u0161ou ve\u013emi v\u00e1\u017enou chorobou. Kombin\u00e1cia detskej mozgovej obrny so stredne \u0165a\u017ekou depresiou je ve\u013emi silnou k\u00e1vou. S\u00a0prib\u00fadaj\u00facim vekom sa zhor\u0161uj\u00fa nielen moje fyzick\u00e9 bolesti (predov\u0161etk\u00fdm doln\u00fdch kon\u010dat\u00edn a\u00a0chrbtice), ale odb\u00fadaj\u00fa i mo\u017enosti ako ich rie\u0161i\u0165. Rehabilita\u010dn\u00e9 centrum, ktor\u00e9 som nav\u0161tevovala od \u00fatleho veku, u\u017e nie je pre m\u0148a pr\u00edstupn\u00e9, nako\u013eko je to \u0161kolsk\u00e9 zariadenie a\u00a0m\u00f4\u017eu ho nav\u0161tevova\u0165 iba deti, resp. mlad\u00ed \u013eudia do ukon\u010denia vysoko\u0161kolsk\u00e9ho \u0161t\u00fadia. Av\u0161ak cvi\u010di\u0165 kv\u00f4li svojmu hendikepu potrebujem neust\u00e1le,\u00a0 bez oh\u013eadu na vek. Nevzdala som sa a\u00a0neust\u00e1le rehabilitovala doma, chodila do be\u017en\u00e9ho fitnescentra, \u010di na plaveck\u00e9 tr\u00e9ningy. Postupom \u010dasu sa ale uk\u00e1zalo, \u017ee potrebujem pr\u00edstup odborn\u00edkov \u0161it\u00fd priamo na mieru. Od zn\u00e1mych sme sa dozvedeli o\u00a0mo\u017enosti rehabilitova\u0165 v\u00a0ADELI Medical Center. \u00a0Po absolvovan\u00ed prv\u00e9ho rehabilita\u010dn\u00e9ho kurzu za pomoci nad\u00e1ci\u00ed, som si uvedomila, \u017ee tak\u00e9to cvi\u010denie je pre m\u0148a to prav\u00e9. Pom\u00e1ha mi aspo\u0148 \u010diasto\u010dne odb\u00fara\u0165 zakorenen\u00e9 stereotypy ch\u00f4dze, zn\u00ed\u017ei\u0165 k\u0155\u010de v\u00a0horn\u00fdch i\u00a0doln\u00fdch kon\u010datin\u00e1ch, nadobudn\u00fa\u0165 istotu v\u00a0pohyboch a\u00a0samozrejme v\u00a0mnohom inom. Av\u0161ak bez podpory dobr\u00fdch \u013eud\u00ed ako ste vy by som si n\u00e1kladn\u00e9 rehabilit\u00e1cie nemohla dovoli\u0165. Len v\u010faka va\u0161ej iniciat\u00edve budem m\u00f4c\u0165 op\u00e4tovne absolvova\u0165 cvi\u010denie v\u00a0Adeli. V\u010faka rehabilit\u00e1ci\u00e1m a\u00a0skvel\u00fdm odborn\u00edkom m\u00f4\u017eem \u010falej napredova\u0165. Ka\u017ed\u00fd \u00a0jeden absolvovan\u00fd kurz pre m\u0148a znamen\u00e1 v\u00fdrazn\u00fd posun k\u00a0akt\u00edvnej\u0161iemu a\u00a0kvalitnej\u0161iemu \u017eivotu. Preto\u017ee aj my ,,inak obdaren\u00ed\u201c \u00a0chceme by\u0165 nie\u010d\u00edm prospe\u0161n\u00ed pre spolo\u010dnos\u0165.<\/p>\n<p><strong>Za va\u0161u pomoc vopred ve\u013emi pekne \u010fakujem.<\/strong><\/p>","protected":false},"excerpt":{"rendered":"<p>Cie\u013eov, ktor\u00e9 v\u00a0ADELI chcem dosiahnu\u0165 prostredn\u00edctvom intenz\u00edvnych rehabilit\u00e1ci\u00ed je viacero. Je u m\u0148a nevyhnutn\u00e9 zamera\u0165 sa na zlep\u0161enie celkovej stability tela, spr\u00e1vny pohyb r\u00fak pri ch\u00f4dzi. V r\u00e1mci ch\u00f4dze je potrebn\u00e9 aspo\u0148 \u010diasto\u010dne odb\u00fara\u0165 zakorenen\u00e9 stereotypy, nau\u010di\u0165 sa takzvane ,,spr\u00e1vne chodi\u0165&#8220; . Ve\u013emi t\u00fa\u017eim zn\u00ed\u017ei\u0165 spazmy v horn\u00fdch a doln\u00fdch kon\u010datin\u00e1ch a\u00a0zbavi\u0165 sa bolest\u00ed.<\/p>\n<p>A\u00a0teraz o\u00a0mne\ud83d\ude0a<\/p>\n<p>Vol\u00e1m sa Lenka Jobbov\u00e1 a\u00a0m\u00e1m 32 rokov.\u00a0 Pod\u013ea slov mojej mamy som bola u\u017e od \u00fatleho veku ve\u013emi energick\u00e9 \u00a0die\u0165a, ktor\u00e9 malo ve\u013ek\u00fa chu\u0165 do \u017eivota. M\u00f4j pr\u00edchod na svet v\u0161ak sprev\u00e1dzalo mno\u017estvo komplik\u00e1ci\u00ed.\u00a0 Narodila som sa o\u00a0dva mesiace sk\u00f4r, pri\u010dom mamina po\u010das tehotenstva \u010dasto krv\u00e1cala. Ke\u010f s\u00a0t\u00fdm pri\u0161la za lek\u00e1rmi, len ju nepekne odbili ,,Ve\u010f to ni\u010d nie je, \u010do stresujete\u201c?!<\/p>","protected":false},"featured_media":149807,"template":"","meta":{"_acf_changed":false,"_seopress_robots_primary_cat":"none","_seopress_titles_title":"","_seopress_titles_desc":"","_seopress_robots_index":""},"product_brand":[],"product_cat":[108],"product_tag":[],"class_list":{"0":"post-149729","1":"product","2":"type-product","3":"status-publish","4":"has-post-thumbnail","6":"product_cat-pomoc-potrebuju","8":"first","9":"instock","10":"sold-individually","11":"shipping-taxable","12":"purchasable","13":"product-type-variable-subscription","14":"has-default-attributes"},"acf":[],"_links":{"self":[{"href":"https:\/\/nadaciaadeli.sk\/de\/wp-json\/wp\/v2\/product\/149729","targetHints":{"allow":["GET"]}}],"collection":[{"href":"https:\/\/nadaciaadeli.sk\/de\/wp-json\/wp\/v2\/product"}],"about":[{"href":"https:\/\/nadaciaadeli.sk\/de\/wp-json\/wp\/v2\/types\/product"}],"wp:featuredmedia":[{"embeddable":true,"href":"https:\/\/nadaciaadeli.sk\/de\/wp-json\/wp\/v2\/media\/149807"}],"wp:attachment":[{"href":"https:\/\/nadaciaadeli.sk\/de\/wp-json\/wp\/v2\/media?parent=149729"}],"wp:term":[{"taxonomy":"product_brand","embeddable":true,"href":"https:\/\/nadaciaadeli.sk\/de\/wp-json\/wp\/v2\/product_brand?post=149729"},{"taxonomy":"product_cat","embeddable":true,"href":"https:\/\/nadaciaadeli.sk\/de\/wp-json\/wp\/v2\/product_cat?post=149729"},{"taxonomy":"product_tag","embeddable":true,"href":"https:\/\/nadaciaadeli.sk\/de\/wp-json\/wp\/v2\/product_tag?post=149729"}],"curies":[{"name":"wp","href":"https:\/\/api.w.org\/{rel}","templated":true}]}}