{"id":149743,"date":"2025-05-14T10:47:21","date_gmt":"2025-05-14T08:47:21","guid":{"rendered":"https:\/\/nadaciaadeli.sk\/?post_type=product&#038;p=149743"},"modified":"2025-05-14T10:53:11","modified_gmt":"2025-05-14T08:53:11","slug":"jozef-kurcina","status":"publish","type":"product","link":"https:\/\/nadaciaadeli.sk\/de\/pribehy\/pomoc-potrebuju\/jozef-kurcina\/","title":{"rendered":"Jozef Kur\u010dina"},"content":{"rendered":"<p>Jojovi rodi\u010dia s\u00fa za syna v\u010fa\u010dn\u00ed. Nedali by ho za ni\u010d na svete, aj v\u010faka pobytom v\u00a0Adeli je ich prvoroden\u00e9 die\u0165a mobiln\u00e9, spolo\u010densk\u00e9, nestr\u00e1ni sa \u013eud\u00ed, naopak, vyh\u013ead\u00e1va spolo\u010dnos\u0165. \u201ePri poh\u013eade a\u00a0zozn\u00e1men\u00ed sa s\u00a0in\u00fdmi osudmi je n\u00e1m s\u00a0man\u017eelom nad slnko jasn\u00e9, \u017ee n\u00e1\u0161 Jojo mal \u0161\u0165astie v\u00a0ne\u0161\u0165ast\u00ed. Hovor\u00edme si, \u017ee n\u00e1s to postihnutie len tak \u201el\u00edzlo\u201c, pre\u017eili sme si aj my \u0165a\u017ek\u00fd \u0161tart do \u017eivota, jeho hendikep bol pre n\u00e1\u0161 \u0161okom, ale ust\u00e1li sme to a\u00a0rozhodli sme sa za\u010dleni\u0165 syna \u010do najviac do \u017eivota.\u201c Jo\u017eko pom\u00e1ha otcovi v\u00a0dielni \u2013 sami vyrobili ma\u0161inu na \u0161rotovanie, z\u00a0dreva vyrez\u00e1vaj\u00fa vare\u0161ky, podaril sa im aj n\u00e1dhern\u00fd Betlehem, Jo\u017eko br\u00fasil so\u0161ky. \u201eChod\u00edm s\u00a0n\u00edm pravidelne aj na ryby, m\u00e1 svoj preukaz, v\u00a0pr\u00edrode je r\u00e1d. Okrem toho sa te\u0161\u00ed do denn\u00e9ho stacion\u00e1ra, kam chod\u00ed dvakr\u00e1t v\u00a0t\u00fd\u017edni.<\/p>\n<p>\u201eNaozaj je pre\u0148ho najv\u00e4\u010d\u0161ou udalos\u0165ou roka pobyt v\u00a0Adeli. Pom\u00e1ha mu hydroterapia, spider, magnety, mas\u00e1\u017ee \u2013 jeho motorika je stabilnej\u0161ia, celkovo je spevnen\u00fd a\u00a0psychicky enormne nabuden\u00fd.\u00a0 Bez Adeli by sme u\u017e nevedeli fungova\u0165, o\u00a0to viac \u010fakujeme ka\u017edej dobrej du\u0161i, ktor\u00e1 n\u00e1m prispieva na dve percenta pre Jo\u017eka. Len v\u010faka nim m\u00f4\u017eeme synovi zabezpe\u010di\u0165 \u0161pi\u010dkov\u00fa rehabilit\u00e1ciu,\u201c hovor\u00ed mama Martinka, ktor\u00e1 plynule pre\u0161la z\u00a0pred\u013a\u017eenej materskej na opatrovate\u013esk\u00fd a\u00a0hoci sa jej \u017eivot z\u00fa\u017eil len na rodinu a\u00a0starostlivos\u0165 o\u00a0hendikepovan\u00e9ho syna, nevn\u00edma to ako krivdu. \u201eSme \u0161\u0165astnou rodinou, m\u00e1m v\u00fdborn\u00e9ho man\u017eela, zdrav\u00fa dc\u00e9rku, ktor\u00e1 sa tento rok ide vyd\u00e1va\u0165 a\u00a0Jo\u017eka, ktor\u00fd n\u00e1m d\u00e1va neskuto\u010dne ve\u013ea energie. A\u00a0ktor\u00fd sa nevie do\u010dka\u0165 ako si na sestrinej svadbe zatancuje a\u00a0zaspieva. \u013dudovky \u2013 to je jeho.\u201c<\/p>","protected":false},"excerpt":{"rendered":"<p>O\u00a0chv\u00ed\u013eu bude ma\u0165 25 a\u00a0najlep\u0161ou \u201edovolenkou\u201c pre\u0148ho je pobyt v\u00a0Adeli. Pozn\u00e1 tu ka\u017ed\u00fd k\u00fat, ka\u017ed\u00e9ho terapeuta, ke\u010f sa bl\u00ed\u017ei term\u00edn odchodu, \u201edoma je u\u017e neznesite\u013en\u00fd. Dookola sa vypytuje, kedy kone\u010dne p\u00f4jdeme,\u201c s\u00a0\u00fasmevom dod\u00e1 otec Jozef a\u00a0mama Martinka pritak\u00e1va. Ich syn sa narodil v\u00a0term\u00edne, s\u00a0ide\u00e1lnymi mierami, ale pri p\u00f4rode dostal sepsu \u2013 otravu krvi, n\u00e1sledky sa dostavili. Jo\u017eko m\u00e1 DMO, kvadrupar\u00e9zu. Ment\u00e1lne je na \u00farovni die\u0165a\u0165a, ale rozumie v\u0161etk\u00e9mu, rozpr\u00e1va, povie si, \u010do chce, s\u00a0barlami prejde aj p\u00e1r krokov, ale voz\u00edk je v\u00a0jeho \u017eivote prepotrebn\u00fd.<\/p>","protected":false},"featured_media":149830,"template":"","meta":{"_acf_changed":false,"_seopress_robots_primary_cat":"none","_seopress_titles_title":"","_seopress_titles_desc":"","_seopress_robots_index":""},"product_brand":[],"product_cat":[108],"product_tag":[],"class_list":{"0":"post-149743","1":"product","2":"type-product","3":"status-publish","4":"has-post-thumbnail","6":"product_cat-pomoc-potrebuju","8":"first","9":"instock","10":"sold-individually","11":"shipping-taxable","12":"purchasable","13":"product-type-variable-subscription","14":"has-default-attributes"},"acf":[],"_links":{"self":[{"href":"https:\/\/nadaciaadeli.sk\/de\/wp-json\/wp\/v2\/product\/149743","targetHints":{"allow":["GET"]}}],"collection":[{"href":"https:\/\/nadaciaadeli.sk\/de\/wp-json\/wp\/v2\/product"}],"about":[{"href":"https:\/\/nadaciaadeli.sk\/de\/wp-json\/wp\/v2\/types\/product"}],"wp:featuredmedia":[{"embeddable":true,"href":"https:\/\/nadaciaadeli.sk\/de\/wp-json\/wp\/v2\/media\/149830"}],"wp:attachment":[{"href":"https:\/\/nadaciaadeli.sk\/de\/wp-json\/wp\/v2\/media?parent=149743"}],"wp:term":[{"taxonomy":"product_brand","embeddable":true,"href":"https:\/\/nadaciaadeli.sk\/de\/wp-json\/wp\/v2\/product_brand?post=149743"},{"taxonomy":"product_cat","embeddable":true,"href":"https:\/\/nadaciaadeli.sk\/de\/wp-json\/wp\/v2\/product_cat?post=149743"},{"taxonomy":"product_tag","embeddable":true,"href":"https:\/\/nadaciaadeli.sk\/de\/wp-json\/wp\/v2\/product_tag?post=149743"}],"curies":[{"name":"wp","href":"https:\/\/api.w.org\/{rel}","templated":true}]}}