{"id":149804,"date":"2025-05-14T10:50:56","date_gmt":"2025-05-14T08:50:56","guid":{"rendered":"https:\/\/nadaciaadeli.sk\/?post_type=product&#038;p=149804"},"modified":"2025-05-14T10:55:00","modified_gmt":"2025-05-14T08:55:00","slug":"eugen-sidlik","status":"publish","type":"product","link":"https:\/\/nadaciaadeli.sk\/de\/pribehy\/pomoc-potrebuju\/eugen-sidlik\/","title":{"rendered":"Eugen \u0160idl\u00edk"},"content":{"rendered":"<p>M\u00e1j 2024 a\u00a0s\u00a0Eugenom u\u017e debata nie je. Nepovie ni\u010d. Nejde to. Le\u017e\u00ed na posteli stopercentne odk\u00e1zan\u00fd na pomoc druh\u00fdch. \u00a0Neurob\u00ed krok, nechyt\u00ed si ni\u010d do r\u00fak. O\u010dami h\u013ead\u00e1 svoju mamu Martu, ktorej by m\u00e1lokto tipoval, \u017ee o\u00a0rok m\u00e1 osemdesiat. Vo vy\u0161\u0161om seniorskom veku si zobrala na plecia \u0165a\u017ek\u00fa rolu \u2013 starostlivos\u0165 o\u00a0svojho syna. \u201eVe\u010f som mama,\u201c s\u00a0l\u00e1skou\u00a0 povie a\u00a0ticho podotkne, \u017ee s\u00fakromn\u00fd, rodinn\u00fd \u017eivot sa jej synovi rozpadol ako dom\u010dek z\u00a0kar\u00e1t. Jednoducho, ostal s\u00e1m so svojou diagn\u00f3zou&#8230;<\/p>\n<p>Eugen pracoval v\u00a0porie\u010dnej pol\u00edciii. Zachra\u0148oval \u017eivoty, ale z\u00a0vody \u00a0vy\u0165ahoval aj t\u00fdch, ktor\u00ed\u00a0 v\u00a0nej ukon\u010dili svoj \u017eivot. Dobrovo\u013ene \u010di\u00a0 n\u00e1silnou smr\u0165ou. Sprev\u00e1dzal aj \u0161t\u00e1tne deleg\u00e1cie po Dunaji, bol\u00a0 doslova reprezentat\u00edvny typ, tak\u017ee, ke\u010f bolo treba rozpr\u00e1va\u0165 do m\u00e9di\u00ed, posielali pr\u00e1ve Eugena.\u00a0 \u201eMal ohromn\u00fa kondi\u010dku, bol pot\u00e1pa\u010dom, v\u00fdre\u010dn\u00fd chlap a\u00a0aha teraz,\u201c oto\u010d\u00ed sa mama \u00a0k\u00a0synovi, ktor\u00fd by chcel nie\u010do poveda\u0165, ale\u00a0nejde to. Eugen by sa chcel preto\u010di\u0165, vsta\u0165 z\u00a0postele&#8230;, nejde ni\u010d&#8230; \u201ePr\u00e1ve skon\u010dil dne\u0161n\u00e9 terapie, tak\u017ee je dos\u0165 vy\u010derpan\u00fd, ale najm\u00e4 je ve\u013emi nerv\u00f3zny.\u00a0 S\u00e1m nech\u00e1pe, \u010do sa s\u00a0n\u00edm deje. A\u00a0tejto obrovskej progresii nerozumieme ani my. Ve\u010f v\u00a0janu\u00e1ri e\u0161te ako tak pre\u0161iel po svojich, s\u00e1m sa najedol, bola som s\u00a0n\u00edm na ozdravnom pobyte v\u00a0pie\u0161\u0165ansk\u00fdch k\u00fape\u013eoch. Potreboval u\u017e s\u00edce m\u00f4j doprovod, ale z\u010faleka to nebol stav, ak\u00fd m\u00e1me dnes,\u201c kon\u0161tatuje stato\u010dn\u00e1 mama.<\/p>\n<p>V\u00a0janu\u00e1ri ale dostal myoklonick\u00e9 k\u0155\u010de, sanitka ho okam\u017eite brala do nemocnice, kde ho hospitalizovali.\u00a0 Uviedli ho do umel\u00e9ho sp\u00e1nku, zaviedli mu\u00a0peg a \u201epo prebuden\u00ed ostal Eugen \u00faplne podr\u00e1\u017eden\u00fd. Nech\u00e1pe ni\u010domu. Na klinike ho dokonca priv\u00e4zovali o\u00a0poste\u013e, vybavovala som v\u00fdnimku, aby to nerobili,\u201c hovor\u00ed mama Marta, ktor\u00e1 si pobyt v\u00a0Adeli nevie vynachv\u00e1li\u0165. Vyjadrila to v\u00fdsti\u017ene a\u00a0od srdca: \u201ePri\u0161li sme z\u00a0pekla do neba. Doslovne. Pr\u00edstup person\u00e1lu, starostlivos\u0165, zlat\u00ed \u013eudia. A\u00a0hoci Eugen je \u0165a\u017ek\u00fd pr\u00edpad, so \u017eiadnou ignor\u00e1ciou \u010di neochotou som sa tu nestretla. Syn pri\u0161iel le\u017eiaci, ale sk\u00fa\u0161aj\u00fa ho u\u017e d\u00e1va\u0165 do sedu \u2013 a to je moj\u00edm snom, aby aspo\u0148 chv\u00ed\u013eu obsedel na voz\u00edku. Do Adeli sa chceme a\u00a0mus\u00edme vr\u00e1ti\u0165, preto pros\u00edme a\u00a0\u010fakujeme za ka\u017ed\u00fa pomoc.\u201c<\/p>","protected":false},"excerpt":{"rendered":"<p>Eugen. M\u00e1 49\u00a0 a\u00a0svoj \u017eivot mal napl\u00e1novan\u00fd inak. Pred dvoma rokmi mu \u010doraz \u010dastej\u0161ie za\u010dala vvynech\u00e1va\u0165 re\u010d, proste si nevedel spomen\u00fa\u0165 na slov\u00ed\u010dko. Bol z\u00a0toho nerv\u00f3zny, napokon skon\u010dil u\u00a0lek\u00e1ra. Spustil sa koloto\u010d vy\u0161etren\u00ed, ktor\u00fdch v\u00fdsledok Eugena polo\u017eil na kolen\u00e1. Neurodegenerat\u00edvne ochorenie mozgu. \u0160ok, z\u00fafalstvo a\u00a0paniku postupne vystriedal relat\u00edvny k\u013eud. Alebo sk\u00f4r zmierenie. Ve\u010f st\u00e1le nebolo tak zle, aby nemohlo by\u0165 e\u0161te hor\u0161ie. Eugen chodil po svojich, rozpr\u00e1val, aj ke\u010f kostrbatej\u0161ie, ale st\u00e1le bol samostatn\u00fd, i\u00a0ke\u010f v\u0161etko bolo spomalenej\u0161ie.<\/p>","protected":false},"featured_media":149868,"template":"","meta":{"_acf_changed":false,"_seopress_robots_primary_cat":"none","_seopress_titles_title":"","_seopress_titles_desc":"","_seopress_robots_index":""},"product_brand":[],"product_cat":[108],"product_tag":[],"class_list":{"0":"post-149804","1":"product","2":"type-product","3":"status-publish","4":"has-post-thumbnail","6":"product_cat-pomoc-potrebuju","8":"first","9":"instock","10":"sold-individually","11":"shipping-taxable","12":"purchasable","13":"product-type-variable-subscription","14":"has-default-attributes"},"acf":[],"_links":{"self":[{"href":"https:\/\/nadaciaadeli.sk\/de\/wp-json\/wp\/v2\/product\/149804","targetHints":{"allow":["GET"]}}],"collection":[{"href":"https:\/\/nadaciaadeli.sk\/de\/wp-json\/wp\/v2\/product"}],"about":[{"href":"https:\/\/nadaciaadeli.sk\/de\/wp-json\/wp\/v2\/types\/product"}],"wp:featuredmedia":[{"embeddable":true,"href":"https:\/\/nadaciaadeli.sk\/de\/wp-json\/wp\/v2\/media\/149868"}],"wp:attachment":[{"href":"https:\/\/nadaciaadeli.sk\/de\/wp-json\/wp\/v2\/media?parent=149804"}],"wp:term":[{"taxonomy":"product_brand","embeddable":true,"href":"https:\/\/nadaciaadeli.sk\/de\/wp-json\/wp\/v2\/product_brand?post=149804"},{"taxonomy":"product_cat","embeddable":true,"href":"https:\/\/nadaciaadeli.sk\/de\/wp-json\/wp\/v2\/product_cat?post=149804"},{"taxonomy":"product_tag","embeddable":true,"href":"https:\/\/nadaciaadeli.sk\/de\/wp-json\/wp\/v2\/product_tag?post=149804"}],"curies":[{"name":"wp","href":"https:\/\/api.w.org\/{rel}","templated":true}]}}