{"id":149871,"date":"2025-05-14T10:54:38","date_gmt":"2025-05-14T08:54:38","guid":{"rendered":"https:\/\/nadaciaadeli.sk\/?post_type=product&#038;p=149871"},"modified":"2025-11-10T10:56:48","modified_gmt":"2025-11-10T09:56:48","slug":"anna-dorcikova","status":"publish","type":"product","link":"https:\/\/nadaciaadeli.sk\/de\/pribehy\/pomoc-potrebuju\/anna-dorcikova\/","title":{"rendered":"Anna Dor\u010d\u00edkov\u00e1"},"content":{"rendered":"<p>Pochybnosti za\u010dali okolo Aninkinho \u00f4smeho-deviateho mesiaca. Prestala reagova\u0165 na podnety okolo seba, neot\u00e1\u010dala sa&#8230; Nasledoval koloto\u010d odborn\u00fdch vy\u0161etren\u00ed, na rad pri\u0161la aj genetika. A\u0148a dostala do papierov vcelku zriedkav\u00fa diagn\u00f3zu \u2013 genetick\u00e1 porucha triple X syndr\u00f3m. Ide o\u00a0geneticky podmienen\u00fa poruchu po\u010dtu chromoz\u00f3mov, A\u0148a m\u00e1 toti\u017e o\u00a0jeden chromoz\u00f3m navy\u0161e. Nie 46, ale 47. A\u00a0pr\u00e1ve t\u00e1to genetick\u00e1 inakos\u0165 sp\u00f4sobuje r\u00f4zne odli\u0161nosti.<\/p>\n<p>Mlad\u00e1 sle\u010dna m\u00e1 aj autistick\u00e9 prejavy, po vlastn\u00fdch prejde len kr\u00e1tku vzdialenos\u0165 po izbe, inak potrebuje voz\u00edk, resp. ko\u010d\u00edk.\u00a0 Mala 11 rokov, ke\u010f dostala aj prv\u00fd epileptick\u00fd z\u00e1chvat. \u201ePotrebuje stopercentn\u00fa opateru, bolo \u0165a\u017ek\u00e9 prija\u0165 fakt, \u017ee na\u0161a dc\u00e9ra nebude ma\u0165 norm\u00e1lny \u2013 be\u017en\u00fd \u017eivot. Ale je na\u0161a, \u013e\u00faben\u00e1 a\u00a0ned\u00e1me ju za ni\u010d na svete,\u201cs l\u00e1skou hovor\u00ed mama Ingrid a\u00a0podotkne, \u017ee mlad\u0161ia Danielka svoju hendikepovan\u00fa sestru vn\u00edma \u00faplne prirodzene. Danielka je s\u00edce \u013e\u00fato, \u017ee sa s\u00a0A\u0148ou nem\u00f4\u017ee porozpr\u00e1va\u0165 alebo zahra\u0165, ale druh\u00fdm dychom dod\u00e1, \u017ee si bez svojej sestrry u\u017e \u017eivot nevie predstavi\u0165.<\/p>\n<p>V\u00a0Adeli tr\u00e1vi rodina dovolenku, cez letn\u00e9 pr\u00e1zdniny, ke\u010f sa im podar\u00ed z\u00edska\u0165 peniaze na rehabilit\u00e1cie pre A\u0148u, pr\u00eddu v\u0161etci \u0161tyria. Ocko Michal, mama Ingrid a\u00a0ich dc\u00e9rky.\u00a0 Aninka potrebuje rehabilit\u00e1cie ako so\u013e, terapeutov posl\u00facha viac ako doma mamu, rodi\u010dia vedia, \u017ee A\u0148a rehabilit\u00e1ciami s\u00edce nevyzdravie, ale \u201eka\u017ed\u00fd pobyt ju akoby nakopne, Aninka v\u017edy pookreje, spastick\u00e9 svalstvo sa preberie. Adeli je pre nich nutnos\u0165 a\u00a0aj preto sa mlad\u0161ia Danielka pripojila k\u00a0akcii Unik\u00e1tne obrazy a\u00a0spolu so sestrou, ale najm\u00e4 pre \u0148u, nama\u013eovali obraz, ktor\u00fd bude s\u00fa\u010das\u0165ou nielen charitat\u00edvneho kalend\u00e1ra Adeli na rok, ale bude aj s\u00fa\u010das\u0165ou online dra\u017eby. \u201eAby moja sestra z\u00edskala \u010do najviac pe\u0148az\u00ed na \u010fal\u0161ie rehabilita\u010dn\u00e9 pobyty,\u201c prezrad\u00ed Danielka.<\/p>","protected":false},"excerpt":{"rendered":"<p>Pochybnosti za\u010dali okolo Aninkinho \u00f4smeho-deviateho mesiaca. Prestala reagova\u0165 na podnety okolo seba, neot\u00e1\u010dala sa&#8230; Nasledoval koloto\u010d odborn\u00fdch vy\u0161etren\u00ed, na rad pri\u0161la aj genetika. A\u0148a dostala do papierov vcelku zriedkav\u00fa diagn\u00f3zu \u2013 genetick\u00e1 porucha triple X syndr\u00f3m. Ide o\u00a0geneticky podmienen\u00fa poruchu po\u010dtu chromoz\u00f3mov, A\u0148a m\u00e1 toti\u017e o\u00a0jeden chromoz\u00f3m navy\u0161e. Nie 46, ale 47. A\u00a0pr\u00e1ve t\u00e1to genetick\u00e1 inakos\u0165 sp\u00f4sobuje r\u00f4zne odli\u0161nosti.<\/p>\n<p>Mlad\u00e1 sle\u010dna m\u00e1 aj autistick\u00e9 prejavy, po vlastn\u00fdch prejde len kr\u00e1tku vzdialenos\u0165 po izbe, inak potrebuje voz\u00edk, resp. ko\u010d\u00edk.\u00a0 Mala 11 rokov, ke\u010f dostala aj prv\u00fd epileptick\u00fd z\u00e1chvat. \u201ePotrebuje stopercentn\u00fa opateru, bolo \u0165a\u017ek\u00e9 prija\u0165 fakt, \u017ee na\u0161a dc\u00e9ra nebude ma\u0165 norm\u00e1lny \u2013 be\u017en\u00fd \u017eivot. Ale je na\u0161a, \u013e\u00faben\u00e1 a\u00a0ned\u00e1me ju za ni\u010d na svete,\u201cs l\u00e1skou hovor\u00ed mama Ingrid a\u00a0podotkne, \u017ee mlad\u0161ia Danielka svoju hendikepovan\u00fa sestru vn\u00edma \u00faplne prirodzene. Danielka je s\u00edce \u013e\u00fato, \u017ee sa s\u00a0A\u0148ou nem\u00f4\u017ee porozpr\u00e1va\u0165 alebo zahra\u0165, ale druh\u00fdm dychom dod\u00e1, \u017ee si bez svojej sestrry u\u017e \u017eivot nevie predstavi\u0165.<\/p>\n<p>V\u00a0Adeli tr\u00e1vi rodina dovolenku, cez letn\u00e9 pr\u00e1zdniny, ke\u010f sa im podar\u00ed z\u00edska\u0165 peniaze na rehabilit\u00e1cie pre A\u0148u, pr\u00eddu v\u0161etci \u0161tyria. Ocko Michal, mama Ingrid a\u00a0ich dc\u00e9rky.\u00a0 Aninka potrebuje rehabilit\u00e1cie ako so\u013e, terapeutov posl\u00facha viac ako doma mamu, rodi\u010dia vedia, \u017ee A\u0148a rehabilit\u00e1ciami s\u00edce nevyzdravie, ale \u201eka\u017ed\u00fd pobyt ju akoby nakopne, Aninka v\u017edy pookreje, spastick\u00e9 svalstvo sa preberie. Adeli je pre nich nutnos\u0165 a\u00a0aj preto sa mlad\u0161ia Danielka pripojila k\u00a0akcii Unik\u00e1tne obrazy a\u00a0spolu so sestrou, ale najm\u00e4 pre \u0148u, nama\u013eovali obraz, ktor\u00fd bude s\u00fa\u010das\u0165ou nielen charitat\u00edvneho kalend\u00e1ra Adeli na rok, ale bude aj s\u00fa\u010das\u0165ou online dra\u017eby. \u201eAby moja sestra z\u00edskala \u010do najviac pe\u0148az\u00ed na \u010fal\u0161ie rehabilita\u010dn\u00e9 pobyty,\u201c prezrad\u00ed Danielka.<\/p>","protected":false},"featured_media":149926,"template":"","meta":{"_acf_changed":false,"_seopress_robots_primary_cat":"none","_seopress_titles_title":"","_seopress_titles_desc":"","_seopress_robots_index":""},"product_brand":[],"product_cat":[108],"product_tag":[],"class_list":{"0":"post-149871","1":"product","2":"type-product","3":"status-publish","4":"has-post-thumbnail","6":"product_cat-pomoc-potrebuju","8":"first","9":"instock","10":"sold-individually","11":"shipping-taxable","12":"purchasable","13":"product-type-variable-subscription","14":"has-default-attributes"},"acf":[],"_links":{"self":[{"href":"https:\/\/nadaciaadeli.sk\/de\/wp-json\/wp\/v2\/product\/149871","targetHints":{"allow":["GET"]}}],"collection":[{"href":"https:\/\/nadaciaadeli.sk\/de\/wp-json\/wp\/v2\/product"}],"about":[{"href":"https:\/\/nadaciaadeli.sk\/de\/wp-json\/wp\/v2\/types\/product"}],"wp:featuredmedia":[{"embeddable":true,"href":"https:\/\/nadaciaadeli.sk\/de\/wp-json\/wp\/v2\/media\/149926"}],"wp:attachment":[{"href":"https:\/\/nadaciaadeli.sk\/de\/wp-json\/wp\/v2\/media?parent=149871"}],"wp:term":[{"taxonomy":"product_brand","embeddable":true,"href":"https:\/\/nadaciaadeli.sk\/de\/wp-json\/wp\/v2\/product_brand?post=149871"},{"taxonomy":"product_cat","embeddable":true,"href":"https:\/\/nadaciaadeli.sk\/de\/wp-json\/wp\/v2\/product_cat?post=149871"},{"taxonomy":"product_tag","embeddable":true,"href":"https:\/\/nadaciaadeli.sk\/de\/wp-json\/wp\/v2\/product_tag?post=149871"}],"curies":[{"name":"wp","href":"https:\/\/api.w.org\/{rel}","templated":true}]}}