{"id":149916,"date":"2025-05-14T10:56:22","date_gmt":"2025-05-14T08:56:22","guid":{"rendered":"https:\/\/nadaciaadeli.sk\/?post_type=product&#038;p=149916"},"modified":"2025-09-29T08:33:04","modified_gmt":"2025-09-29T06:33:04","slug":"david-tichak","status":"publish","type":"product","link":"https:\/\/nadaciaadeli.sk\/de\/pribehy\/pomoc-potrebuju\/david-tichak\/","title":{"rendered":"D\u00e1vid Tich\u00e1k"},"content":{"rendered":"<p>Ke\u010f mame zo Zelenej vody volali, mala pr\u00e1ve slu\u017ebu na benz\u00ednovej pumpe. \u201e\u017densk\u00fd hlas z\u00a0nezn\u00e1meho \u010d\u00edsla mi povedal, \u017ee D\u00e1vid mal \u00faraz, \u017ee je to v\u00e1\u017ene. A\u00a0ja? Zlo\u017eila som, nech si nerobia tak\u00e9to srandy zo m\u0148a. Ve\u010f som s\u00a0n\u00edm pred polhodinou volala a\u00a0chlapci sa\u00a0spokojne\u00a0 vozili na vodnom bicykli. Dokonca sme mali facetime. Tak ak\u00fd \u00faraz&#8230;\u201c Len\u017ee ve\u013emi r\u00fdchlo prevolala cudziu pani op\u00e4\u0165 a\u00a0od nevydaren\u00e9ho vtipu mali jej slov\u00e1 riadne \u010faleko. Lenka: \u201eBo\u017ee, ako r\u00fdchlo sa zle stane.\u201c<\/p>\n<p>Ortie\u013e lek\u00e1rov bol ne\u00faprosn\u00fd. David u\u017e nikdy nebude chodi\u0165 a\u00a0je ot\u00e1zne, \u010di sa podar\u00ed aspo\u0148 trochu rozh\u00fdba\u0165 ruky. \u0160iesty stavec mal tak rozdrven\u00fd,\u00a0 \u017ee ho museli nahradi\u0165 umel\u00fdm. Rodi\u010dia, traja bratia, cel\u00e1 rodina, ale aj kamar\u00e1ti sa museli prenastavi\u0165 na nov\u00fd syst\u00e9m. D\u00e1vid potrebuje urgentne intez\u00edvne rehabilitova\u0165, na konci prv\u00e9ho pobytu v\u00a0Adeli sa sklo\u0148uje veta, pre\u010do sme sem nepri\u0161li hne\u010f. \u00a0\u201ePol roka po \u00faraze sem m\u00f4j syn pri\u0161iel v\u00a0polo le\u017eiacej polohe na voz\u00edku, s\u00a0nutnou opierkou hlavy, preto\u017ee ju nedok\u00e1zal udr\u017ea\u0165. Teraz? \u00a0N\u00e1stavec na hlavu z\u00a0voz\u00edka d\u00e1vame pre\u010d. Ruky? Obrovsk\u00fd posun. A\u017e tak\u00fd, \u017ee som mu dnes naordinovala tr\u00e9novanie jedenia ly\u017eicou. S\u00e1m,\u201c hovor\u00ed \u0161\u0165astn\u00e1 mama, ktor\u00e1 v\u00a0pr\u00e1ci musela skon\u010di\u0165 a\u00a0stala sa opatrovate\u013ekou najmlad\u0161ieho zo 4 synov.<\/p>\n<p>D\u00e1vid je maka\u010d. Vie, \u017ee mus\u00ed ve\u013ea cvi\u010di\u0165 a\u00a0v\u00f4bec neprotestuje. Naopak, po ka\u017edom dni v\u00a0Adeli bol spr\u00e1vne zni\u010den\u00fd a\u00a0unaven\u00fd. A\u00a0te\u0161il sa z\u00a0toho. \u00a0\u0160portovec sa v\u00a0\u0148om nezaprie. Chodil do fitka, hral futbal, ktor\u00fd miloval. Chodil na \u0161portov\u00e9 gymn\u00e1zium, \u0161kola ho bavila a\u00a0nemieni sa jej vzda\u0165. \u0160tuduje online. Preferoval zdrav\u00fd \u017eivotn\u00fd \u0161t\u00fdl. Bol v\u017edy pozit\u00edvne naladen\u00fd a\u00a0to mu ostalo. Nef\u0148uk\u00e1, nestoj\u00ed o\u00a0\u013e\u00fatos\u0165, \u00a0mama Lenka potvrdzuje, \u017ee z\u00a0D\u00e1vida ani slza nevypadla. Naopak, je za ka\u017ed\u00fa srandu a\u00a0t\u00fa si u\u017eije predov\u0161etk\u00fdm s\u00a0kamar\u00e1tmi, ktor\u00ed mu ostali. Ka\u017ed\u00fd v\u00edkend chodia za n\u00edm aj s\u00a0prespan\u00edm. \u201eS\u00fa perfektn\u00ed, aj v\u010faka nim je D\u00e1vid v\u00a0tak dobrej ment\u00e1lnej kond\u00edcii. \u00a0Mus\u00ed by\u0165 lep\u0161ie, v\u0161etci v\u00a0to ver\u00edme. Adeli bude do\u010dasne n\u00e1\u0161 druh\u00fd domov.<\/p>","protected":false},"excerpt":{"rendered":"<p>D\u00e1vidov pr\u00edbeh je o\u00a0tej povestnej ne\u0161\u0165astnej sekunde. Ktor\u00e1 obr\u00e1tila \u017eivot naruby nielen jemu, ale aj jeho najbli\u017e\u0161\u00edm. Minul\u00e9 leto, pribli\u017ene v\u00a0polke pr\u00e1zdnin sa te\u0161il sa na hiphopov\u00fd festival na Zelenej vode. Kamar\u00e1ti sa tam chystali, no D\u00e1vid si triezvo zr\u00e1tal dva a\u00a0dva. \u201eChv\u00ed\u013eu predt\u00fdm si nak\u00fapil nejak\u00e9 oble\u010denie, automaticky to teda vyhodnotil, \u017ee v\u00fddavky spojen\u00e9 s\u00a0festivalom s\u00fa u\u017e cez. On je toti\u017e naozaj ve\u013emi rozumn\u00fd, ch\u00e1pav\u00fd a\u00a0skromn\u00fd. Pam\u00e4t\u00e1m si to ako dnes. Chalani u\u017e mali l\u00edstky k\u00fapen\u00e9, bola to v\u00edkendov\u00e1 akcia od piatka do nedele s\u00a0presp\u00e1va\u010dkou v\u00a0stane. Vo \u0161tvrtok som mu sama navrhla, nech tam teda ide. Rados\u0165 v\u00a0jeho o\u010diach bola neop\u00edsate\u013en\u00e1. A\u00a0dopadlo to nesl\u00e1vne,\u201c potichu podotkne mama Lenka.<\/p>\n<p>V\u00a0Adeli s\u00fa prv\u00fdkr\u00e1t a\u00a0vedia, \u017ee nie posledn\u00fd. V\u00a0Adeli\u00a0 s\u00fa preto, lebo D\u00e1vid na festivale po\u010das \u010dlnkovania na vodnom bicykli na jazere zle sko\u010dil. Bola sobota, pol tretej poobede, slne\u010dno. Prv\u00fdkr\u00e1t \u0161\u00edpka do vody vy\u0161la, druh\u00fdkr\u00e1t, bohu\u017eia\u013e, nie. Nikto si toti\u017e neuvedomil, \u017ee jazero m\u00e1 nerovnomern\u00e9 dno a\u00a0\u017ee aj uprostred m\u00f4\u017ee by\u0165 plyt\u010dina.<\/p>\n<p>D\u00e1vid v\u0161etko vn\u00edmal, pam\u00e4t\u00e1 si najm\u00e4 to, \u017ee sa topil. Nevedel vypl\u00e1va\u0165, lebo \u201eni\u010d som nec\u00edtil. Iba hlavu. Telo nula bodov&#8230;\u201c\u00a0 Transport vrtu\u013en\u00edkom do hlavn\u00e9ho mesta, kde ve\u010der absolvoval 9 hodinov\u00fa oper\u00e1ciu, \u017eivot zachra\u0148uj\u00facu.<\/p>","protected":false},"featured_media":146503,"template":"","meta":{"_acf_changed":false,"_seopress_robots_primary_cat":"none","_seopress_titles_title":"","_seopress_titles_desc":"","_seopress_robots_index":""},"product_brand":[],"product_cat":[108],"product_tag":[],"class_list":{"0":"post-149916","1":"product","2":"type-product","3":"status-publish","4":"has-post-thumbnail","6":"product_cat-pomoc-potrebuju","8":"first","9":"instock","10":"featured","11":"sold-individually","12":"shipping-taxable","13":"purchasable","14":"product-type-variable-subscription","15":"has-default-attributes"},"acf":[],"_links":{"self":[{"href":"https:\/\/nadaciaadeli.sk\/de\/wp-json\/wp\/v2\/product\/149916","targetHints":{"allow":["GET"]}}],"collection":[{"href":"https:\/\/nadaciaadeli.sk\/de\/wp-json\/wp\/v2\/product"}],"about":[{"href":"https:\/\/nadaciaadeli.sk\/de\/wp-json\/wp\/v2\/types\/product"}],"wp:featuredmedia":[{"embeddable":true,"href":"https:\/\/nadaciaadeli.sk\/de\/wp-json\/wp\/v2\/media\/146503"}],"wp:attachment":[{"href":"https:\/\/nadaciaadeli.sk\/de\/wp-json\/wp\/v2\/media?parent=149916"}],"wp:term":[{"taxonomy":"product_brand","embeddable":true,"href":"https:\/\/nadaciaadeli.sk\/de\/wp-json\/wp\/v2\/product_brand?post=149916"},{"taxonomy":"product_cat","embeddable":true,"href":"https:\/\/nadaciaadeli.sk\/de\/wp-json\/wp\/v2\/product_cat?post=149916"},{"taxonomy":"product_tag","embeddable":true,"href":"https:\/\/nadaciaadeli.sk\/de\/wp-json\/wp\/v2\/product_tag?post=149916"}],"curies":[{"name":"wp","href":"https:\/\/api.w.org\/{rel}","templated":true}]}}