{"id":168494,"date":"2025-09-25T11:39:12","date_gmt":"2025-09-25T09:39:12","guid":{"rendered":"https:\/\/nadaciaadeli.sk\/?post_type=product&#038;p=168494"},"modified":"2025-09-25T11:40:10","modified_gmt":"2025-09-25T09:40:10","slug":"milan-gabria","status":"publish","type":"product","link":"https:\/\/nadaciaadeli.sk\/de\/pribehy\/pomoc-potrebuju\/milan-gabria\/","title":{"rendered":"Milan Gabria"},"content":{"rendered":"<p>Bol koniec okt\u00f3bra 2024, Milan po tr\u00e9ningu sadol, ako v\u017edy, na bicykel a\u00a0smeroval domov. Len\u017ee spadol z\u00a0bicykla a\u00a0probl\u00e9m bol na svete. Zlomenina<span class=\"Apple-converted-space\">\u00a0 <\/span>bedrov\u00e9ho k\u013abu. \u201eNi\u010d pr\u00edjemn\u00e9, ale tak nik nepredpokladal, \u017ee to bude a\u017e tak fat\u00e1lne,\u201c vysvet\u013euje Milanov syn, Milan junior.<span class=\"Apple-converted-space\">\u00a0 <\/span>Pre otcov zl\u00fd tlak sa oper\u00e1cia nieko\u013eko t\u00fd\u017ed\u0148ov odkladala, po oper\u00e1cii, ke\u010f si v\u0161etci mysleli, \u017ee najhor\u0161ie je za nimi, sa za\u010dali nakopova\u0165 probl\u00e9my. Doslova jeden za druh\u00fdm. \u201eDostal do nohy bakt\u00e9riu, mal sepsu, 2x pobudol na \u00c1RO v\u00a0kritickom stave, vy\u0161e mesiaca bol v\u00a0k\u00f3me. Nech\u00e1pali sme ni\u010domu. Dokonca n\u00e1m u\u017e aj volali z\u00a0nemocnice, aby sme r\u00e1tali s\u00a0najhor\u0161\u00edm.\u201c Otcovi Milanovi kolaboval cel\u00fd organizmus, nerie\u0161ilo sa, kedy a\u00a0ako sa postav\u00ed na nohy, bojovalo sa o\u00a0\u017eivot. Najviac zlyh\u00e1vali obli\u010dky, Milan je dodnes odk\u00e1zan\u00fd na dial\u00fdzu. \u201eAle \u017eije, zabojoval a\u00a0za\u010d\u00edname odznova,\u201c odhodlane povie syn Milan, ktor\u00fd si dal pauzu v\u00a0pr\u00e1ci, aby doprev\u00e1dzal otca na rehabilita\u010dn\u00fd pobyt do ADELI.<\/p>\n<p>Chlapsk\u00e1 dvojka funguje na v\u00fdborn\u00fa, syn<span class=\"Apple-converted-space\">\u00a0 <\/span>zvl\u00e1da komplet v\u0161etku starostlivos\u0165 od hygieny, toalety, obliekania, k\u0155menia a\u017e po komunik\u00e1ciu. Bavia sa bez okolkov a\u00a0o\u00a0v\u0161etkom. Synovi sa v\u0161ak nepozd\u00e1valo otcove spr\u00e1vanie, po dlh\u00fdch mesiacoch v\u00a0nemocnici bol viac a\u00a0viac ospal\u00fd. \u201eDok\u00e1zal<span class=\"Apple-converted-space\">\u00a0 <\/span>predriema\u0165 tri\u0161tvrte d\u0148a, rozpr\u00e1val bludy, po konzult\u00e1cii s\u00a0lek\u00e1rmi tu, v\u00a0ADELI, sme pri\u0161li na kore\u0148 veci. Otec mal nasaden\u00e9 lieky, hovorme im oblbov\u00e1ky, tie sme postupne vysadili a\u00a0ja sa n\u00e1ramne te\u0161\u00edm ako je otec nasp\u00e4\u0165. Preto si na\u0161e debatky doslova vychutn\u00e1vam.\u201c<\/p>\n<p>Komplik\u00e1cie po zlomenine vysilili Milanovo telo. Schudol takmer tridsa\u0165 k\u00edl, nevl\u00e1dze dv\u00edha\u0165 nohy, ruky, v\u0161etko je pomal\u00e9, ale u\u017e sa mu smej\u00fa o\u010di aj \u00fasta. Na \u010do sa najviac te\u0161\u00ed? \u017de sa schuti dobre naje a\u00a0d\u00e1 si dobr\u00e9 pivko. \u201eJasn\u00fd znak, \u017ee v\u0161etko sa zlep\u0161uje,\u201c potmeh\u00fadsky sa pousmeje starostliv\u00fd syn. Tracheo u\u017e odstr\u00e1nili, na norm\u00e1lnu stravu pre\u0161iel bez probl\u00e9mov, len, samozrejme, za\u010d\u00edna sa mal\u00fdmi porciami. \u201eP\u00f4jde to,\u201c skon\u0161tatuje Milan star\u0161\u00ed.<\/p>\n<p>Terapie v\u00a0ADELI hodnotia obaja na v\u00fdborn\u00fa. Ruky s\u00fa cite\u013ene obratnej\u0161ie, ove\u013ea stabilnej\u0161ie u\u017e obsed\u00ed vo voz\u00edku a\u00a0obaja s\u00fa presved\u010den\u00ed, \u010do \u010doskoro sa do ADELI musia vr\u00e1ti\u0165.<span class=\"Apple-converted-space\">\u00a0<\/span><\/p>\n<p>Milan: \u201eOtec m\u00e1 dvakr\u00e1t do t\u00fd\u017ed\u0148a dial\u00fdzu, bolo a\u00a0je \u00fa\u017easn\u00e9, \u017ee v\u00a0Adeli n\u00e1s prijali na rehabilit\u00e1cie a\u00a0zabezpe\u010dili aj dial\u00fdzu. Neskuto\u010dn\u00e9. Oco je<span class=\"Apple-converted-space\">\u00a0 <\/span>prv\u00fdm dialyzovan\u00fd pacient v\u00a0Adeli. Ke\u010f sa proste chce, d\u00e1 sa v\u0161etko zladi\u0165 a\u00a0zariadi\u0165, aby sa nezanedbali aj nutn\u00e9 rehabilit\u00e1cie. Adeli, brav\u00f3!\u201c<\/p>","protected":false},"excerpt":{"rendered":"<p>Te\u0161il sa na d\u00f4chodok, \u017ee si ho u\u017eije, k\u00fdm sa d\u00e1. U\u017e nemus\u00ed odch\u00e1dza\u0165<span class=\"Apple-converted-space\">\u00a0 <\/span>z\u00a0domu na turnusy do roboty. \u010casu bude habadej. <span class=\"Apple-converted-space\">\u00a0 <\/span>Kedysi, za mlad\u00fdch \u010dias sa venoval futbalu, dotiahol to a\u017e do 2. ligy- hral za Topo\u013e\u010dany. Futbal ostal nav\u017edy jeho srdcovkou a\u00a0aj v\u00a0seniorskom veku si s\u00a0chlapmi chodil zakopa\u0165 na miestne ihrisko. Zdrav\u00fd chlap vo v\u00fdbornej kond\u00edcii. Milan \u2013 64 rokov.<\/p>","protected":false},"featured_media":168497,"template":"","meta":{"_acf_changed":false,"_seopress_robots_primary_cat":"108","_seopress_titles_title":"","_seopress_titles_desc":"","_seopress_robots_index":""},"product_brand":[],"product_cat":[108],"product_tag":[],"class_list":{"0":"post-168494","1":"product","2":"type-product","3":"status-publish","4":"has-post-thumbnail","6":"product_cat-pomoc-potrebuju","8":"first","9":"instock","10":"sold-individually","11":"shipping-taxable","12":"purchasable","13":"product-type-variable-subscription","14":"has-default-attributes"},"acf":[],"_links":{"self":[{"href":"https:\/\/nadaciaadeli.sk\/de\/wp-json\/wp\/v2\/product\/168494","targetHints":{"allow":["GET"]}}],"collection":[{"href":"https:\/\/nadaciaadeli.sk\/de\/wp-json\/wp\/v2\/product"}],"about":[{"href":"https:\/\/nadaciaadeli.sk\/de\/wp-json\/wp\/v2\/types\/product"}],"wp:featuredmedia":[{"embeddable":true,"href":"https:\/\/nadaciaadeli.sk\/de\/wp-json\/wp\/v2\/media\/168497"}],"wp:attachment":[{"href":"https:\/\/nadaciaadeli.sk\/de\/wp-json\/wp\/v2\/media?parent=168494"}],"wp:term":[{"taxonomy":"product_brand","embeddable":true,"href":"https:\/\/nadaciaadeli.sk\/de\/wp-json\/wp\/v2\/product_brand?post=168494"},{"taxonomy":"product_cat","embeddable":true,"href":"https:\/\/nadaciaadeli.sk\/de\/wp-json\/wp\/v2\/product_cat?post=168494"},{"taxonomy":"product_tag","embeddable":true,"href":"https:\/\/nadaciaadeli.sk\/de\/wp-json\/wp\/v2\/product_tag?post=168494"}],"curies":[{"name":"wp","href":"https:\/\/api.w.org\/{rel}","templated":true}]}}