{"id":168898,"date":"2025-11-10T10:53:28","date_gmt":"2025-11-10T09:53:28","guid":{"rendered":"https:\/\/nadaciaadeli.sk\/?post_type=product&#038;p=168898"},"modified":"2025-11-10T10:56:00","modified_gmt":"2025-11-10T09:56:00","slug":"tobias-barcik","status":"publish","type":"product","link":"https:\/\/nadaciaadeli.sk\/de\/pribehy\/pomoc-potrebuju\/tobias-barcik\/","title":{"rendered":"Tobias Barc\u00edk"},"content":{"rendered":"<p>Wir gingen sehr zufrieden, mein Kleiner machte Fortschritte, die Physiotherapeuten haben mich bestens eingewiesen \u2013<span class=\"Apple-converted-space\">\u00a0 <\/span>Wie man zu Hause trainiert. Man hat uns auch darauf vorbereitet, dass die ersten 2-3 Wochen stagnieren k\u00f6nnen, da es eine Weile dauert, bis das Kleinhirn alles verarbeitet und so weiter. Zu unserer riesigen \u00dcberraschung setzte sich unser kleiner Tobiaskinder aber schon nach zwei Tagen selbst hin. Er spielte auf einer Matte am Boden, das \u00dcbliche \u2013 er rollte sich wie immer und pl\u00f6tzlich setzte er sich hin. Noch heute bekomme ich G\u00e4nsehaut, ich w\u00e4re fast vom Stuhl gefallen. Wahrscheinlich so sieht Gl\u00fcck aus.\u201c<\/p>\n<p>Tobi setzte seine Fortschritte nach seinem ersten Aufenthalt in Adel fort. Etwa vier Tage sp\u00e4ter begann der Junge zu krabbeln. \u201eUnglaubliche Dinge begannen in unserem Haus zu geschehen. Tr\u00e4nen der Freude liefen mir \u00fcber das Gesicht.\u201c<\/p>\n<p>Den zweiten Aufenthalt absolvierten sie im Oktober 2025. Ehrliches \u00dcben zu Hause trug Fr\u00fcchte. Tobi begann, sich von selbst auf die Knie zu begeben, er richtet sich sogar auf und kommt in eine aufrechte Position und beginnt, seine Beinchen selbst zu bewegen \u2013 ein Anflug, als ob er stehen wolle.<\/p>\n<p>Tobi steht vor einem riesigen Ziel \u2013 dem ersten selbstst\u00e4ndigen Schritt. \u201eAufstehen und einen Schritt machen. Wenn die Physiotherapeutin in Adeli ihn in eine aufrechte Position bringt, h\u00e4lt sie ihn nur am Becken und der Kleine geht von alleine. Das sogar mit halbkilo schweren Gewichten an seinen F\u00fc\u00dfen. Sie sagen uns, dass er sch\u00f6ne Gangmuster hat und es nur eine Frage der Zeit ist, bis er sich traut, seinen Solo-Schritt zu machen. Nur hat er ein bisschen Angst, schlie\u00dflich ist das f\u00fcr ihn eine deutliche Positionsver\u00e4nderung. Bisher war er nur am Boden und jetzt gehen wir auf irgendeine H\u00f6he. Mit meinem Mann sind wir aber begeistert. Die meisten seiner zweij\u00e4hrigen Gleichaltrigen h\u00fcpfen zwar schon fr\u00f6hlich umher, aber das macht nichts. Wir sind voller Hoffnung, dass Tobi sich ihnen eines Tages anschlie\u00dft. Dank Adeli, das ihn wirklich systematisch auf die Beine stellt.\u201c<span class=\"Apple-converted-space\">\u00a0<\/span><\/p>","protected":false},"excerpt":{"rendered":"<p>Tobiasko wurde als gesundes Baby geboren, alles war in Ordnung. Mit vier Monaten drehte er sich zum ersten Mal, aber ab einem halben Jahr schien er zu stagnieren. \u201eMein Mann und ich beschlossen, die Krankenhauseinweisung in Martin auf eigene Faust zu organisieren, wo Tobiasko alle Untersuchungen durchlief. Weil wir sahen, dass seine Entwicklung eine andere Richtung einschlug als bei seinem \u00e4lteren Bruder. Trotzdem, dass die Kinder\u00e4rztin<span class=\"Apple-converted-space\">\u00a0 <\/span>uns bremste, dass jedes Kind anders ist, es passiert noch nichts Dramatisches\u201c, erkl\u00e4rt Mama Ivana.<\/p>\n<p>Die Ergebnisse sind gut ausgefallen. Auch<span class=\"Apple-converted-space\">\u00a0 <\/span>vollst\u00e4ndige metabolische genetische Tests zeigten zum Gl\u00fcck nichts. \u201eGrunds\u00e4tzlich war die Schlussfolgerung<span class=\"Apple-converted-space\">\u00a0 <\/span>Muskeltonus-Mangel an den Beinen und verk\u00fcrzte Achillessehnen. Diese sind nun in Ordnung.\u201c<\/p>\n<p>Tobi absolvierte im Juni 2025 seinen ersten Aufenthalt in Adeli. Er wusste nicht viel. Er drehte sich nur auf die rechte Seite, die linke Seite sagte ihm nichts, er konnte nicht sitzen, er krabbelte nicht. Er drehte sich nur, also drehte er sich auf dem Bauch.<\/p>","protected":false},"featured_media":168901,"template":"","meta":{"_acf_changed":false,"_seopress_robots_primary_cat":"108","_seopress_titles_title":"","_seopress_titles_desc":"","_seopress_robots_index":""},"product_brand":[],"product_cat":[108],"product_tag":[],"class_list":{"0":"post-168898","1":"product","2":"type-product","3":"status-publish","4":"has-post-thumbnail","6":"product_cat-pomoc-potrebuju","8":"first","9":"instock","10":"sold-individually","11":"shipping-taxable","12":"purchasable","13":"product-type-variable-subscription","14":"has-default-attributes"},"acf":[],"_links":{"self":[{"href":"https:\/\/nadaciaadeli.sk\/de\/wp-json\/wp\/v2\/product\/168898","targetHints":{"allow":["GET"]}}],"collection":[{"href":"https:\/\/nadaciaadeli.sk\/de\/wp-json\/wp\/v2\/product"}],"about":[{"href":"https:\/\/nadaciaadeli.sk\/de\/wp-json\/wp\/v2\/types\/product"}],"wp:featuredmedia":[{"embeddable":true,"href":"https:\/\/nadaciaadeli.sk\/de\/wp-json\/wp\/v2\/media\/168901"}],"wp:attachment":[{"href":"https:\/\/nadaciaadeli.sk\/de\/wp-json\/wp\/v2\/media?parent=168898"}],"wp:term":[{"taxonomy":"product_brand","embeddable":true,"href":"https:\/\/nadaciaadeli.sk\/de\/wp-json\/wp\/v2\/product_brand?post=168898"},{"taxonomy":"product_cat","embeddable":true,"href":"https:\/\/nadaciaadeli.sk\/de\/wp-json\/wp\/v2\/product_cat?post=168898"},{"taxonomy":"product_tag","embeddable":true,"href":"https:\/\/nadaciaadeli.sk\/de\/wp-json\/wp\/v2\/product_tag?post=168898"}],"curies":[{"name":"wp","href":"https:\/\/api.w.org\/{rel}","templated":true}]}}