{"id":169198,"date":"2025-11-25T15:41:19","date_gmt":"2025-11-25T14:41:19","guid":{"rendered":"https:\/\/nadaciaadeli.sk\/?post_type=product&#038;p=169198"},"modified":"2025-11-25T15:54:22","modified_gmt":"2025-11-25T14:54:22","slug":"jan-hanzel","status":"publish","type":"product","link":"https:\/\/nadaciaadeli.sk\/de\/pribehy\/pomoc-potrebuju\/jan-hanzel\/","title":{"rendered":"J\u00e1n Hanzel"},"content":{"rendered":"<p>Mit seiner Sisa liebten sie einander wie Pferde, lebten ihr angenehmes Leben, genossen die Gegenwart des anderen und obwohl sie nie Geld im \u00dcberfluss hatten, konnten sie sich im Rahmen ihrer M\u00f6glichkeiten Tagesausfl\u00fcge in Wellnesshotels g\u00f6nnen.<span class=\"Apple-converted-space\">\u00a0 <\/span>Beide sind herzensgute Menschen, sie sind seit 27 Jahren verheiratet und k\u00f6nnen immer noch miteinander reden und lachen. Sie lieben Wochenendfr\u00fchst\u00fccke, die sie als stundenlangen Ritus zelebrieren \u2013 wo neben dem Essen eine angenehme Gem\u00fctlichkeit am Tisch herrscht \u2013 \u201ewir debattieren, witzeln, besprechen alles M\u00f6gliche und Unm\u00f6gliche\u201c, l\u00e4chelt Janko, ein Goldspender. \u201eEs waren genau 56 Mal, leider ist auch damit wegen einer Verletzung Schluss. Das tut mir leid, das Gef\u00fchl, wenn eine SMS mit der Nachricht kommt, dass dein Blut zur Rettung eines Lebens beigetragen hat, ist unbezahlbar.\u201c<\/p>\n<p>Alles \u00e4nderte sich im September 2024. Jan\u010di half seinem Nachbarn aus dem Dorf beim Dachdecken. Er wollte gerade nach Hause gehen, als er bemerkte, dass noch ein St\u00fcck Blech \u201edort in der Ecke\u201c zugeschnitten werden musste. Er hatte eine neue Kreiss\u00e4ge und benutzte sie. \u201eAber nur einmal, ich wei\u00df nicht, was passiert ist, ich bin einfach aus 6 Metern H\u00f6he auf die Betontreppe gefallen und das war\u2019s\u2026\u201c<\/p>\n<p>Gegen vier Uhr nachmittags, als sie von der Arbeit nach Hause ging<span class=\"Apple-converted-space\">\u00a0 <\/span>Jeho Siska, zam\u00e1vali si a zo strechy jej zakri\u010dal, \u017ee o chv\u00ed\u013eu je doma. Nepri\u0161iel.<span class=\"Apple-converted-space\">\u00a0 <\/span>Nach ein paar Minuten stand eine Ansammlung von Nachbarn vor dem Nachbarhaus. Silvia fragte sie noch lachend: \u201eUnd ihr, was macht ihr wie Schwalben auf dem Zaun?\u201c Bis sie Jank auf der Treppe liegen sah. Er war v\u00f6llig bei Bewusstsein. Er sagte nur ruhig zu seiner Frau: \u201eIch sp\u00fcre meine Beine nicht.\u201c<\/p>\n<p>Die Ereignisse nahmen eine rasante Wendung. Untersuchungen und eine Operation best\u00e4tigten eine R\u00fcckenmarksverletzung, deren Ausma\u00df mit hoher Wahrscheinlichkeit eine dauerhafte L\u00e4hmung voraussagt. \u201eMein Leben hat sich von Grund auf ge\u00e4ndert, alles zu Hause eine Barriere, ich f\u00fchlte mich als Last, ich bin 52 Jahre alt und fing bei Null an. Wahnsinn. Aber ich habe eine tolle Frau und das ist das Wichtigste. Wir k\u00e4mpfen zusammen, auch wenn sie selbst nicht gesund ist. Wir halten an der Hoffnung fest, dass es in meinen Beinen irgendwelche Anzeichen gibt, dass mein Zustand nicht dauerhaft sein muss.\u201c<\/p>\n<p>Fachliche Rehabilitationen sind die einzige Chance, das Leben eines Mannes, der noch in seinen besten Jahren ist, zu verbessern.<br \/>\nSie braucht jedoch Hilfe, Anfang des neuen Jahres haben sie ihren 28. Hochzeitstag. F\u00fcr beide ist dies ein bedeutendes Datum. Und Janko m\u00f6chte ihre Liebe<span class=\"Apple-converted-space\">\u00a0 <\/span>feiern w\u00e4hrend eines Rehabilitationsaufenthalts in Adeli.<br \/>\nVielen Dank im Voraus f\u00fcr jedes gespendete Euro.<\/p>","protected":false},"excerpt":{"rendered":"<p>Janko ist voller Leben, Elan und ist nach seinem ersten Aufenthalt im ADELI Medical Center auch extrem motiviert.<\/p>\n<p>Als einer der ersten Kunden absolvierte er die intensive ADELI CYBERTHERAPY. Das Programm nutzt ein Exoskelett, ein robotisches System, das bioelektrische Signale von den Muskeln lesen kann, noch bevor eine sichtbare Bewegung stattfindet, und die Patienten dann entsprechend bei der Bewegung unterst\u00fctzt.<\/p>\n<p>Das Ger\u00e4t best\u00e4tigte tats\u00e4chlich, dass es schwache, aber vorhandene Signale in Janks Beinen empfangen hatte. Janks Frau Silvia erinnert sich genau an diesen Moment: <i>\u201eAls wir herausfanden, dass noch nicht alle Wege zur Verbesserung versperrt waren, war das ein gro\u00dfer Wendepunkt, auch in der Psyche von uns beiden!\u201c <\/i>Janko sagt, dass seine Freude und sein Optimismus f\u00fcr das weitere Leben, die ihm die Cybertherapie geschenkt hat, am besten von denen verstanden werden, die so sind wie er. \u201eF\u00fcr die die R\u00e4der des Rollstuhls die Beine ersetzen.\u201c<\/p>","protected":false},"featured_media":169203,"template":"","meta":{"_acf_changed":false,"_seopress_robots_primary_cat":"108","_seopress_titles_title":"","_seopress_titles_desc":"","_seopress_robots_index":""},"product_brand":[],"product_cat":[108],"product_tag":[],"class_list":{"0":"post-169198","1":"product","2":"type-product","3":"status-publish","4":"has-post-thumbnail","6":"product_cat-pomoc-potrebuju","8":"first","9":"instock","10":"sold-individually","11":"shipping-taxable","12":"purchasable","13":"product-type-variable-subscription","14":"has-default-attributes"},"acf":[],"_links":{"self":[{"href":"https:\/\/nadaciaadeli.sk\/de\/wp-json\/wp\/v2\/product\/169198","targetHints":{"allow":["GET"]}}],"collection":[{"href":"https:\/\/nadaciaadeli.sk\/de\/wp-json\/wp\/v2\/product"}],"about":[{"href":"https:\/\/nadaciaadeli.sk\/de\/wp-json\/wp\/v2\/types\/product"}],"wp:featuredmedia":[{"embeddable":true,"href":"https:\/\/nadaciaadeli.sk\/de\/wp-json\/wp\/v2\/media\/169203"}],"wp:attachment":[{"href":"https:\/\/nadaciaadeli.sk\/de\/wp-json\/wp\/v2\/media?parent=169198"}],"wp:term":[{"taxonomy":"product_brand","embeddable":true,"href":"https:\/\/nadaciaadeli.sk\/de\/wp-json\/wp\/v2\/product_brand?post=169198"},{"taxonomy":"product_cat","embeddable":true,"href":"https:\/\/nadaciaadeli.sk\/de\/wp-json\/wp\/v2\/product_cat?post=169198"},{"taxonomy":"product_tag","embeddable":true,"href":"https:\/\/nadaciaadeli.sk\/de\/wp-json\/wp\/v2\/product_tag?post=169198"}],"curies":[{"name":"wp","href":"https:\/\/api.w.org\/{rel}","templated":true}]}}