{"id":171240,"date":"2026-02-26T12:09:03","date_gmt":"2026-02-26T11:09:03","guid":{"rendered":"https:\/\/nadaciaadeli.sk\/?post_type=product&#038;p=171240"},"modified":"2026-02-26T12:17:37","modified_gmt":"2026-02-26T11:17:37","slug":"michal-bagacka","status":"publish","type":"product","link":"https:\/\/nadaciaadeli.sk\/de\/pribehy\/pomoc-potrebuju\/michal-bagacka\/","title":{"rendered":"Michal Baga\u010dka"},"content":{"rendered":"<p style=\"font-weight: 400;\">2013 kam Michal zum ersten Mal nach Adeli. Und sofort gelang es, seinen rechten Arm zu bewegen, der seit dem Autounfall immer gekr\u00fcmmt und somit funktionsunf\u00e4hig war. Sein n\u00e4chstes Traumziel war das Umsetzen vom Bett in den Rollstuhl. Dies geschah im Jahr 2020. \u201eDas war f\u00fcr mich ein wirklich gro\u00dfer Fortschritt, ich musste nicht mehr immer meine Mutter rufen, um mir zu helfen\u201c, prahlt Mi\u0161ko, der eine positive Lebenseinstellung bevorzugt. Er scherzt gerne, lacht und m\u00f6chte, dass jeden Tag gute Laune herrscht. Mit seinem Zustand musste er sich abfinden, aber das bedeutet nicht, dass er die Flinte ins Korn wirft. Im Gegenteil, er hofft und glaubt, dass er mit eigenen F\u00fc\u00dfen einige Schritte machen wird. Die Chancen stehen gut, umso mehr, da er endlich aufgeh\u00f6rt hat, den Fu\u00df \u201espitz zu machen\u201c, was bedeutet, dass er richtiges Aufsetzen des Fu\u00dfes nun bew\u00e4ltigen k\u00f6nnte. Ohne intensive Rehabilitationen in Adeli wird es aber nicht gehen, Mi\u0161ko braucht aber gute Menschen, die ihm helfen. Von seiner Rente als Behinderter und dem Rentnerdasein seiner Mutter k\u00f6nnen sie nicht sparen.<\/p>\n<p style=\"font-weight: 400;\">Er wei\u00df, dass er zum zweiten Mal geboren wurde und sch\u00e4tzt das Leben umso mehr. Er weint nicht, weil er im Rollstuhl gelandet ist, weil er haupts\u00e4chlich mit seiner Mutter funktioniert und keine eigene Familie gr\u00fcnden konnte. Er versteht auch seine Freunde, mit denen er weniger Kontakt hat. \u201eJeder hat seine Frau, seine Kinder und genug Sorgen. Aber wenn wir uns bei unseren Dorffesten treffen, reden wir immer gut miteinander\u201c, sagt Michal, dessen Sprache ebenfalls zur\u00fcckgekehrt ist. Sie ist zwar nicht perfekt, aber verst\u00e4ndlich, und das ist das Wichtigste. Auch sein Ged\u00e4chtnis ist in Ordnung, au\u00dfer dem Kurzzeitged\u00e4chtnis. Er erinnert sich nur an ein paar Monate vor dem Unfall und wenn er eine Automobilzeitschrift liest, muss er jeden Artikel mehrmals durcharbeiten. \u201cUm den Inhalt zu verstehen\u201e, erkl\u00e4rt seine Mutter, die ihren Sohn \u00fcber alles liebt. Sie bezieht ihn auch in Hausarbeiten ein \u2013 Mi\u0161ko sch\u00e4lt gerne Kartoffeln, mahlt Semmelbr\u00f6sel, schneidet Br\u00f6tchen f\u00fcr Kn\u00f6del. Jeden Tag \u00fcbt er flei\u00dfig eine Stunde lang, und wenn er sich ausruhen m\u00f6chte, sieht er sich im Fernsehen Motorsportmagazine an und \u201cgenie\u00dft das Leben. Denn es ist ein Geschenk.\u201c<\/p>","protected":false},"excerpt":{"rendered":"<p style=\"font-weight: 400;\">Eine \u00d6lspur auf der Stra\u00dfe und alles geriet aus den Fugen. Michal war gerade 28 und das Leben machte ihm riesigen Spa\u00df. Nach der Mittelschule f\u00fcr Verkehrswirtschaft beschloss er, Tschechien auszuprobieren. \u201eDort verdiente man mehr als bei uns\u201c, sagt der sympathische Kerl vom Rollstuhl aus. Er arbeitete dort im Bergwerk als Instandhalter. \u201eIch habe dort 8 Jahre gearbeitet\u201c, pr\u00e4zisiert er.<\/p>\n<p style=\"font-weight: 400;\">Dann kam der 6. September 2008. Ein gew\u00f6hnlicher Samstag. Mi\u0161o kam nach Hause in die Slowakei, freute sich auf einen Feuerwehrwettbewerb, denn er war jahrelang Freiwilliger bei der Feuerwehr. Nach dem Wettkampf grub er noch einen Entw\u00e4sserungskanal im Hof und am Abend wollte er mit seiner Clique auf die Disko. Klassischer l\u00e4ndlicher Samstagabendspa\u00df. Er verabschiedete sich von seiner Mutter, stieg ins Auto und fuhr zu seiner Freundin ins Nachbardorf. Dort aber kam er nicht mehr an.<\/p>\n<p style=\"font-weight: 400;\">Auf ausgelaufenem \u00d6l auf der Stra\u00dfe geriet er ins Schleudern, wurde in einen Betonpfeiler geschleudert und das Ungl\u00fcck war perfekt. Polytraumata. Er erwachte nach 2 Monaten Koma. Er konnte nicht sprechen, nicht gehen, kannte fast niemanden. Die \u00c4rzte konnten Michals Zukunft nicht vorhersagen. Maman Jarmile blieb nichts anderes \u00fcbrig, als zu glauben, dass ihr hilfloser Sohn k\u00e4mpfen und ins Leben zur\u00fcckkehren w\u00fcrde. \u201eIch verlie\u00df mich darauf, dass er jung und bis dahin ein gesunder, starker Mann war. Und dass er nie aufgab.\u201c Fast sofort begannen sie mit der Rehabilitation, Michal machte kleine Fortschritte, als er nach ein paar Monaten bereits im Rollstuhl sitzen konnte und sich mit einer Hand ern\u00e4hren konnte, bekam er einen epileptischen Anfall und sein Zustand verschlechterte sich wieder rapide. \u201eWir standen wieder fast am Anfang. Mit Hilfe eines Grundschul-Lesebuchs brachten wir ihm das Lesen, Schreiben und Sprechen bei, der Physiotherapeut bewegte ihn zu Hause, so gut er konnte\u201c, erinnert sich Mama Jarmilka.<\/p>","protected":false},"featured_media":171243,"template":"","meta":{"_acf_changed":false,"_seopress_robots_primary_cat":"108","_seopress_titles_title":"","_seopress_titles_desc":"","_seopress_robots_index":""},"product_brand":[],"product_cat":[108],"product_tag":[],"class_list":{"0":"post-171240","1":"product","2":"type-product","3":"status-publish","4":"has-post-thumbnail","6":"product_cat-pomoc-potrebuju","8":"first","9":"instock","10":"sold-individually","11":"shipping-taxable","12":"purchasable","13":"product-type-variable-subscription","14":"has-default-attributes"},"acf":[],"_links":{"self":[{"href":"https:\/\/nadaciaadeli.sk\/de\/wp-json\/wp\/v2\/product\/171240","targetHints":{"allow":["GET"]}}],"collection":[{"href":"https:\/\/nadaciaadeli.sk\/de\/wp-json\/wp\/v2\/product"}],"about":[{"href":"https:\/\/nadaciaadeli.sk\/de\/wp-json\/wp\/v2\/types\/product"}],"wp:featuredmedia":[{"embeddable":true,"href":"https:\/\/nadaciaadeli.sk\/de\/wp-json\/wp\/v2\/media\/171243"}],"wp:attachment":[{"href":"https:\/\/nadaciaadeli.sk\/de\/wp-json\/wp\/v2\/media?parent=171240"}],"wp:term":[{"taxonomy":"product_brand","embeddable":true,"href":"https:\/\/nadaciaadeli.sk\/de\/wp-json\/wp\/v2\/product_brand?post=171240"},{"taxonomy":"product_cat","embeddable":true,"href":"https:\/\/nadaciaadeli.sk\/de\/wp-json\/wp\/v2\/product_cat?post=171240"},{"taxonomy":"product_tag","embeddable":true,"href":"https:\/\/nadaciaadeli.sk\/de\/wp-json\/wp\/v2\/product_tag?post=171240"}],"curies":[{"name":"wp","href":"https:\/\/api.w.org\/{rel}","templated":true}]}}