{"id":171490,"date":"2026-04-20T12:49:23","date_gmt":"2026-04-20T10:49:23","guid":{"rendered":"https:\/\/nadaciaadeli.sk\/?post_type=product&#038;p=171490"},"modified":"2026-04-20T13:09:50","modified_gmt":"2026-04-20T11:09:50","slug":"roman-vozar","status":"publish","type":"product","link":"https:\/\/nadaciaadeli.sk\/de\/pribehy\/pomoc-potrebuju\/roman-vozar\/","title":{"rendered":"Roman Voz\u00e1r"},"content":{"rendered":"<p style=\"font-weight: 400;\">Pred odchodom na izbu si Roman e\u0161te sko\u010dil do baz\u00e9na a\u00a0v\u00a0tej sekunde sa jeho \u017eivot zmenil. Za\u010dal sa boj o\u00a0\u017eivot. \u201eMy sme si neprip\u00fa\u0161\u0165ali a\u017e tak\u00fato fat\u00e1lnos\u0165. Prv\u00e9 spr\u00e1vy hovorili o\u00a0po\u0161kodenej mieche a\u00a0\u017ee ostane na voz\u00edku. To je s\u00edce pravda, ale \u010do by sme dnes dali za to, aby bol n\u00e1\u0161 Roman \u201elen\u201c na voz\u00edku,\u201c hovor\u00ed mama \u013dubica, ktor\u00e1 od osudn\u00e9ho d\u0148a akoby prestala vn\u00edma\u0165 \u010das.\u00a0 Pri skoku si jej syn v\u00e1\u017ene poranil chrbticu, miecha je naru\u0161en\u00e1 od \u0161tvrt\u00e9ho stavca. Roman ostal uv\u00e4znen\u00fd vo vlastnom tele, dnes h\u00fdbe len hlavou a\u00a0plecami&#8230; M\u00e1 26 rokov&#8230;<\/p>\n<p style=\"font-weight: 400;\">Nedok\u00e1\u017ee sa napi\u0165, oto\u010di\u0165, po\u0161kraba\u0165 sa na tv\u00e1ri, nedok\u00e1\u017ee urobi\u0165 ani ten najmen\u0161\u00ed pohyb bez pomoci druh\u00fdch. Je v\u0161ak doma, so svojimi rodi\u010dmi, chodia za n\u00edm star\u0161\u00ed s\u00farodenci a\u00a0priatelia, ktor\u00ed na dobr\u00e9ho kamar\u00e1ta nezabudli.\u00a0 Nesedia s\u00a0n\u00edm doma, ber\u00fa ho na prech\u00e1dzky, do n\u00e1kupn\u00e9ho centra, na koncerty a\u00a0v\u0161etky mo\u017en\u00e9 akcie, ktor\u00e9 sa na okol\u00ed organizuj\u00fa.<\/p>\n<p style=\"font-weight: 400;\">Romanova diagn\u00f3za je fat\u00e1lna, no napriek tomu sa on ani jeho rodina nevzd\u00e1vaj\u00fa. Najsk\u00f4r mu ned\u00e1vali ve\u013ek\u00e9 \u0161ance ani na samostatn\u00e9 d\u00fdchanie. A\u00a0dnes? Roman je bez trachest\u00f3mie, ud\u00fdcha si v\u0161etko bez pomoci. \u201eBola to ve\u013ek\u00e1 zmena k\u00a0lep\u0161iemu,\u201c hovor\u00ed. Na oby\u010dajn\u00fa ot\u00e1zku ako sa m\u00e1, odpovie jednozna\u010dne: \u201eDobre.\u201c Nechce sa mu rozpitv\u00e1va\u0165 spomienky na onen de\u0148, nem\u00e1 r\u00e1d debaty o\u00a0hendikepoch, ni\u010domu to nepom\u00e1ha. Nepotrebuje \u013e\u00fatos\u0165, de\u0148 sa sna\u017e\u00ed vyplni\u0165 \u010d\u00edm sa d\u00e1. Po\u010d\u00edta\u010d, tablet, rovnako aj mobil obsluhuje pomocou o\u010d\u00ed \u2013 technika v\u00a0tomto smere v\u00fdrazne pokro\u010dila a\u00a0aj \u013eudia s\u00a0\u0165a\u017ek\u00fdm telesn\u00fdm hendikepom nemusia by\u0165 odrezan\u00ed od sveta. Aktu\u00e1lne si 26 ro\u010dn\u00fd Roman dokon\u010duje vysok\u00fa \u0161kolu, fini\u0161uje s\u00a0diplomovkou, ktor\u00fa p\u00edsal s\u00e1m. \u201eNo \u00e1no, p\u00edsal som to o\u010dami,\u201c pousmeje sa Roman a\u00a0dod\u00e1va, \u017ee sestra mu len pom\u00e1ha doladi\u0165 predp\u00edsan\u00fa vonkaj\u0161iu formu pr\u00e1ce \u2013 odstavce, typ p\u00edsma na cit\u00e1cie apod. \u010co bude po prom\u00f3ci\u00e1ch \u2013 netu\u0161\u00ed. V\u00a0tomto smere je nateraz skeptick\u00fd. Ale m\u00e1 okolo seba naozaj ak\u010dn\u00fdch \u013eud\u00ed, ktor\u00ed ho nakop\u00e1vaj\u00fa fyzicky aj psychicky.<\/p>\n<p style=\"font-weight: 400;\">Napriek \u0165a\u017ek\u00e9mu stavu, Roman potrebuje rehabilitova\u0165. V Adeli m\u00e1 mo\u017enos\u0165 absolvova\u0165 intenz\u00edvne, ka\u017edodenn\u00e9 terapie, ktor\u00e9 doma nie je mo\u017en\u00e9 zabezpe\u010di\u0165. Aj ke\u010f pokroky prich\u00e1dzaj\u00fa pomaly, maj\u00fa obrovsk\u00fd v\u00fdznam. \u201eRoman je po rehabilit\u00e1ci\u00e1ch uvo\u013enenej\u0161\u00ed, lep\u0161ie sed\u00ed na voz\u00edku a ka\u017edodenn\u00e1 starostlivos\u0165 a\u00a0manipul\u00e1cia s n\u00edm je o nie\u010do \u013eah\u0161ia,\u201c vysvet\u013euje mama \u013dubka.<\/p>\n<p style=\"font-weight: 400;\">\u201eBudem r\u00e1d, ak sa niekto rozhodne prispie\u0165 mi na rehabilit\u00e1cie. Aj ke\u010f nem\u00f4\u017eem garantova\u0165, \u017ee sa s\u00e1m napijem z\u00a0poh\u00e1ra, \u010di nedajbo\u017ee postav\u00edm z\u00a0voz\u00edka. Nie, tak\u00e9 u\u00a0m\u0148a nehroz\u00ed. Ale verte, \u017ee mi to ve\u013emi pom\u00f4\u017ee, z\u00a0Adeli odch\u00e1dzam lep\u0161\u00ed. A\u00a0st\u00e1le s\u00a0n\u00e1dejou, \u017ee sa m\u00f4j stav nezhor\u0161\u00ed a\u00a0podar\u00ed sa dosiahnu\u0165 aj mal\u00e9 zlep\u0161enia. \u017de m\u00f4j \u017eivot bude \u010do najkvalitnej\u0161\u00ed,\u201c povie Roman.<\/p>","protected":false},"excerpt":{"rendered":"<p style=\"font-weight: 400;\">Neskuto\u010dn\u00fd chlap\u00edk. Mlad\u00fd chalan, s\u00a0ktor\u00fdm je b\u00e1je\u010dn\u00e1 debata a\u00a0takmer nikdy pri nej nech\u00fdba smiech. Aj ke\u010f sa Romanovi\u00a0 \u017eivot oto\u010dil naruby. Preto je v\u00a0Adeli.<\/p>\n<p style=\"font-weight: 400;\">Od \u0161estn\u00e1stich po\u010das letn\u00fdch pr\u00e1zdnin brig\u00e1doval \u2013 nemusel, ale chcel. \u00a0Odmala bol zodpovedn\u00fdm, starostliv\u00fdm, vn\u00edmav\u00fdm. Z\u00a0gymn\u00e1zia sa presunul na vysok\u00fa \u0161kolu, vybral si medzin\u00e1rodn\u00e9 vz\u0165ahy, preto\u017ee cudzie jazyky ho jednoducho bavia. Angli\u010dtinu m\u00e1 v\u00a0mal\u00ed\u010dku, s\u00a0nem\u010dinou sa vo svete nestrat\u00ed a\u00a0v\u00a0\u0161paniel\u010dine sa chcel zdokonali\u0165. Aj preto si na leto 2023 napl\u00e1noval s\u00a0kamar\u00e1tmi brig\u00e1du v\u00a0\u0160panielsku.\u00a0 V\u00a0dovolenkovom rezorte obsluhoval host\u00ed. Dva mesiace tam ale nevydr\u017eal&#8230;<\/p>\n<p style=\"font-weight: 400;\">Bol koniec j\u00fala, meniny mala Anna. Svojej starkej e\u0161te\u00a0 stihol ve\u010der posla\u0165 gratula\u010dku. \u201eV\u00a0ten de\u0148 mal v\u00a0pr\u00e1ci vo\u013eno. V\u00a0r\u00e1mci partie si po\u017ei\u010dali auto a\u00a0pochodili \u010do sa dalo. V\u0161etko mi hne\u010f posielal. Dnes sa mi na tie fotky \u0165a\u017eko pozer\u00e1. M\u00f4j Roman je na nich posledn\u00fdkr\u00e1t zdrav\u00fd. Na noh\u00e1ch,\u201c hovor\u00ed mama \u013dubka.<\/p>","protected":false},"featured_media":171493,"template":"","meta":{"_acf_changed":false,"_seopress_robots_primary_cat":"108","_seopress_titles_title":"","_seopress_titles_desc":"","_seopress_robots_index":""},"product_brand":[],"product_cat":[108],"product_tag":[],"class_list":{"0":"post-171490","1":"product","2":"type-product","3":"status-publish","4":"has-post-thumbnail","6":"product_cat-pomoc-potrebuju","8":"first","9":"instock","10":"sold-individually","11":"shipping-taxable","12":"purchasable","13":"product-type-variable-subscription","14":"has-default-attributes"},"acf":[],"_links":{"self":[{"href":"https:\/\/nadaciaadeli.sk\/de\/wp-json\/wp\/v2\/product\/171490","targetHints":{"allow":["GET"]}}],"collection":[{"href":"https:\/\/nadaciaadeli.sk\/de\/wp-json\/wp\/v2\/product"}],"about":[{"href":"https:\/\/nadaciaadeli.sk\/de\/wp-json\/wp\/v2\/types\/product"}],"wp:featuredmedia":[{"embeddable":true,"href":"https:\/\/nadaciaadeli.sk\/de\/wp-json\/wp\/v2\/media\/171493"}],"wp:attachment":[{"href":"https:\/\/nadaciaadeli.sk\/de\/wp-json\/wp\/v2\/media?parent=171490"}],"wp:term":[{"taxonomy":"product_brand","embeddable":true,"href":"https:\/\/nadaciaadeli.sk\/de\/wp-json\/wp\/v2\/product_brand?post=171490"},{"taxonomy":"product_cat","embeddable":true,"href":"https:\/\/nadaciaadeli.sk\/de\/wp-json\/wp\/v2\/product_cat?post=171490"},{"taxonomy":"product_tag","embeddable":true,"href":"https:\/\/nadaciaadeli.sk\/de\/wp-json\/wp\/v2\/product_tag?post=171490"}],"curies":[{"name":"wp","href":"https:\/\/api.w.org\/{rel}","templated":true}]}}