{"id":171536,"date":"2026-04-28T16:16:26","date_gmt":"2026-04-28T14:16:26","guid":{"rendered":"https:\/\/nadaciaadeli.sk\/?post_type=product&#038;p=171536"},"modified":"2026-04-29T15:04:06","modified_gmt":"2026-04-29T13:04:06","slug":"tricko-biele","status":"publish","type":"product","link":"https:\/\/nadaciaadeli.sk\/de\/pribehy\/merch\/tricko-biele\/","title":{"rendered":"T-Shirt wei\u00df"},"content":{"rendered":"<p style=\"font-weight: 400;\"><strong>Kleidung, die Sinn macht<\/strong><\/p>\n<p style=\"font-weight: 400;\">Nicht jeder hat die Selbstverst\u00e4ndlichkeit, aufzustehen, einen Schritt zu tun oder eine Hand zu bewegen.<br \/>\nF\u00fcr viele unserer Patienten ist Bewegung ein Ziel, hinter dem Stunden intensiver Rehabilitation, Entschlossenheit und ein enormer Wille, nicht aufzugeben, stehen.<\/p>\n<p style=\"font-weight: 400;\">In der ADELI-Stiftung treffen wir t\u00e4glich Kinder und Erwachsene, die nach Verletzungen, Krankheiten oder angeborenen Diagnosen um die R\u00fcckkehr zu einem normalen Leben k\u00e4mpfen. Hochwertige Neurorehabilitation kann ihr Leben grundlegend ver\u00e4ndern \u2013 ist aber oft finanziell sehr anspruchsvoll und f\u00fcr viele Familien unerschwinglich.<\/p>\n<p style=\"font-weight: 400;\">Genau deshalb ist unsere Kollektion entstanden.<\/p>\n<p style=\"font-weight: 400;\">Jedes einzelne Produkt ist nicht nur Kleidung.<br \/>\nEs ist konkrete Hilfe.<br \/>\nEs ist eine Therapiesitzung, die jemandem hilft, seinen Arm zu bewegen.<br \/>\nEs ist ein Schritt n\u00e4her zur Unabh\u00e4ngigkeit.<br \/>\nEs ist eine Hoffnung f\u00fcr Familien, die nicht aufgeben.<\/p>\n<p style=\"font-weight: 400;\">\u2714 Durch den Kauf unterst\u00fctzen Sie direkt die Neurorehabilitation<br \/>\n\u2714 Sie helfen Kindern und Erwachsenen, wieder ins Leben zur\u00fcckzufinden<br \/>\n\u2714 Sie werden Teil einer Gemeinschaft, die Schicksale ver\u00e4ndert<\/p>\n<p style=\"font-weight: 400;\">Danke, dass Sie uns helfen.<\/p>","protected":false},"excerpt":{"rendered":"<p style=\"font-weight: 400;\">Ein T-Shirt, das Sinn macht.<br \/>\nBequem, qualitativ hochwertig und umweltfreundlich.<\/p>\n<p style=\"font-weight: 400;\">\u2714 Angenehmes Material f\u00fcr den Alltag<br \/>\n\u2714 einfaches, zeitloses Design<br \/>\nMit dem Kauf unterst\u00fctzen Sie die R\u00fcckkehr zur Bewegung<\/p>","protected":false},"featured_media":171541,"template":"","meta":{"_acf_changed":false,"_seopress_robots_primary_cat":"none","_seopress_titles_title":"","_seopress_titles_desc":"","_seopress_robots_index":""},"product_brand":[],"product_cat":[121],"product_tag":[],"class_list":{"0":"post-171536","1":"product","2":"type-product","3":"status-publish","4":"has-post-thumbnail","6":"product_cat-merch","8":"first","9":"instock","10":"shipping-taxable","11":"purchasable","12":"product-type-variable"},"acf":[],"_links":{"self":[{"href":"https:\/\/nadaciaadeli.sk\/de\/wp-json\/wp\/v2\/product\/171536","targetHints":{"allow":["GET"]}}],"collection":[{"href":"https:\/\/nadaciaadeli.sk\/de\/wp-json\/wp\/v2\/product"}],"about":[{"href":"https:\/\/nadaciaadeli.sk\/de\/wp-json\/wp\/v2\/types\/product"}],"wp:featuredmedia":[{"embeddable":true,"href":"https:\/\/nadaciaadeli.sk\/de\/wp-json\/wp\/v2\/media\/171541"}],"wp:attachment":[{"href":"https:\/\/nadaciaadeli.sk\/de\/wp-json\/wp\/v2\/media?parent=171536"}],"wp:term":[{"taxonomy":"product_brand","embeddable":true,"href":"https:\/\/nadaciaadeli.sk\/de\/wp-json\/wp\/v2\/product_brand?post=171536"},{"taxonomy":"product_cat","embeddable":true,"href":"https:\/\/nadaciaadeli.sk\/de\/wp-json\/wp\/v2\/product_cat?post=171536"},{"taxonomy":"product_tag","embeddable":true,"href":"https:\/\/nadaciaadeli.sk\/de\/wp-json\/wp\/v2\/product_tag?post=171536"}],"curies":[{"name":"wp","href":"https:\/\/api.w.org\/{rel}","templated":true}]}}